{"id":79247,"date":"2022-10-18T01:20:54","date_gmt":"2022-10-18T01:20:54","guid":{"rendered":"https:\/\/topgetestet.de\/?product=vaude-womens-skomer-wool-parka-winterparka-damen-wasserdichter-damenmantel"},"modified":"2022-10-18T01:20:54","modified_gmt":"2022-10-18T01:20:54","slug":"vaude-womens-skomer-wool-parka-winterparka-damen-wasserdichter-damenmantel","status":"publish","type":"product","link":"https:\/\/topgetestet.de\/?product=vaude-womens-skomer-wool-parka-winterparka-damen-wasserdichter-damenmantel","title":{"rendered":"VAUDE Women&#8217;s Skomer Wool Parka &#8211; Winterparka Damen &#8211; wasserdichter Damenmantel"},"content":{"rendered":"<p>Price: <span style=\"color:#b12704\">[price_with_discount]<\/span><br \/><i><small>(as of [price_update_date] &#8211; <span class=\"wp_automatic_amazon_disclaimer\" title=\"Product prices and availability are accurate as of the date\/time indicated and are subject to change. Any price and availability information displayed on [relevant Amazon Site(s), as applicable] at the time of purchase will apply to the purchase of this product.\">Details<\/span>)<\/small><\/i><\/p>\n<p><a href=\"https:\/\/amazon.de\/dp\/B0928R3DFT?tag=topgetestet09-21\"><img decoding=\"async\" src=\"https:\/\/i.imgur.com\/ISRHEWs.png\"><\/a><br \/>\n[ad_1]<\/p>\n<p>       Produktbeschreibung des Herstellers <\/p>\n<p>              <img decoding=\"async\" alt=\"vd\" src=\"https:\/\/images-na.ssl-images-amazon.com\/images\/G\/01\/x-locale\/common\/grey-pixel.gif\" class=\"a-lazy-loaded\" data-src=\"https:\/\/m.media-amazon.com\/images\/S\/aplus-media\/vc\/a0ab8241-c451-48e6-a6d5-b63e06122e01.__CR0,0,970,300_PT0_SX970_V1___.jpg\"><\/p>\n<p>               <img decoding=\"async\" alt=\"vd\" src=\"https:\/\/m.media-amazon.com\/images\/S\/aplus-media\/vc\/a0ab8241-c451-48e6-a6d5-b63e06122e01.__CR0,0,970,300_PT0_SX970_V1___.jpg\"><\/p>\n<p>               <img decoding=\"async\" alt=\"vd\" src=\"https:\/\/images-na.ssl-images-amazon.com\/images\/G\/01\/x-locale\/common\/grey-pixel.gif\" class=\"a-spacing-mini a-lazy-loaded\" data-src=\"https:\/\/m.media-amazon.com\/images\/S\/aplus-media\/vc\/e6e6ca06-8a57-44e7-864b-3592f834afb1.__CR15,0,1170,1560_PT0_SX300_V1___.jpg\"><\/p>\n<p>                <img decoding=\"async\" alt=\"vd\" src=\"https:\/\/m.media-amazon.com\/images\/S\/aplus-media\/vc\/e6e6ca06-8a57-44e7-864b-3592f834afb1.__CR15,0,1170,1560_PT0_SX300_V1___.jpg\"><\/p>\n<p> <\/p>\n<p>                <img decoding=\"async\" alt=\"vd\" src=\"https:\/\/images-na.ssl-images-amazon.com\/images\/G\/01\/x-locale\/common\/grey-pixel.gif\" class=\"a-spacing-mini a-lazy-loaded\" data-src=\"https:\/\/m.media-amazon.com\/images\/S\/aplus-media\/vc\/501257e4-c2ff-45fe-9879-447822f071fa.__CR185,0,600,300_PT0_SX350_V1___.jpg\"><\/p>\n<p>                 <img decoding=\"async\" alt=\"vd\" src=\"https:\/\/m.media-amazon.com\/images\/S\/aplus-media\/vc\/501257e4-c2ff-45fe-9879-447822f071fa.__CR185,0,600,300_PT0_SX350_V1___.jpg\"><\/p>\n<p>                 \u00dcber VAUDE  <\/p>\n<p class=\"a-spacing-small a-size-small a-color-secondary\"> Das deutsche Unternehmen VAUDE bietet funktionelle und innovative Produkte f\u00fcr Berg- und Bikesportler. Als nachhaltig innovativer Outdoor-Ausr\u00fcster leistet VAUDE einen Beitrag zu einer lebenswerten Welt, damit Menschen von morgen die Natur mit gutem Gewissen genie\u00dfen k\u00f6nnen. Dabei setzt das Familienunternehmen weltweit \u00f6kologische und soziale Standards. Am Firmensitz im s\u00fcddeutschen Tettnang besch\u00e4ftigt das Unternehmen rund 500 Mitarbeiter. <\/p>\n<h3 class=\"a-spacing-mini\"> Women&#8217;s Skomer Wool Parka <\/h3>\n<p>                Modischer Winterparka zum Wandern  <\/p>\n<p class=\"a-spacing-base\"> Der Skomer Wool Parka eignet sich nicht nur f\u00fcr kalte Wintertage in der Stadt, sondern sorgt auch bei Winterwanderungen in der Natur f\u00fcr angenehme W\u00e4rme. <\/p>\n<p class=\"a-spacing-base\">\n<p>                wasserdicht, winddicht und atmungsaktiv<br \/>\n                kuschelig warm<\/p>\n<p>                     2-Lagen Material<br \/>\n                     2 Eingrifftaschen seitlich<br \/>\n                     1 Innentasche mit Rei\u00dfverschluss<br \/>\n                     2 abgedeckte Fronttaschen mit Rei\u00dfverschluss<br \/>\n                     2 Wege Front Rei\u00dfverschluss mit einseitigem Front Flap<br \/>\n                     angeschnittene, weitenregulierbare Kapuze<br \/>\n                     \u00c4rmelb\u00fcndchen weitenregulierbar mit Klett und Gummizug   <\/p>\n<h3 class=\"a-spacing-small\"> Produktbeschreibung <\/h3>\n<p> <img decoding=\"async\" alt=\"vd\" src=\"https:\/\/images-na.ssl-images-amazon.com\/images\/G\/01\/x-locale\/common\/grey-pixel.gif\" class=\"a-spacing-mini a-lazy-loaded\" data-src=\"https:\/\/m.media-amazon.com\/images\/S\/aplus-media\/vc\/544380ab-55a4-4e9a-8d6a-daeea9e1b80f.__CR0,180,1200,1200_PT0_SX300_V1___.jpg\">\n                   <\/p>\n<p>                    <img decoding=\"async\" alt=\"vd\" src=\"https:\/\/m.media-amazon.com\/images\/S\/aplus-media\/vc\/544380ab-55a4-4e9a-8d6a-daeea9e1b80f.__CR0,180,1200,1200_PT0_SX300_V1___.jpg\"><\/p>\n<p> <img decoding=\"async\" alt=\"vd\" src=\"https:\/\/images-na.ssl-images-amazon.com\/images\/G\/01\/x-locale\/common\/grey-pixel.gif\" class=\"a-spacing-mini a-lazy-loaded\" data-src=\"https:\/\/m.media-amazon.com\/images\/S\/aplus-media\/vc\/8a56a43c-30e5-4ead-ae35-0a649944f8ae.__CR0,180,1200,1200_PT0_SX300_V1___.jpg\">\n                   <\/p>\n<p>                    <img decoding=\"async\" alt=\"vd\" src=\"https:\/\/m.media-amazon.com\/images\/S\/aplus-media\/vc\/8a56a43c-30e5-4ead-ae35-0a649944f8ae.__CR0,180,1200,1200_PT0_SX300_V1___.jpg\"><\/p>\n<p> <img decoding=\"async\" alt=\"vd\" src=\"https:\/\/images-na.ssl-images-amazon.com\/images\/G\/01\/x-locale\/common\/grey-pixel.gif\" class=\"a-spacing-mini a-lazy-loaded\" data-src=\"https:\/\/m.media-amazon.com\/images\/S\/aplus-media\/vc\/b7397fff-ef2e-4a33-b1f2-2dfffe737c9a.__CR0,180,1200,1200_PT0_SX300_V1___.jpg\">\n                   <\/p>\n<p>                    <img decoding=\"async\" alt=\"vd\" src=\"https:\/\/m.media-amazon.com\/images\/S\/aplus-media\/vc\/b7397fff-ef2e-4a33-b1f2-2dfffe737c9a.__CR0,180,1200,1200_PT0_SX300_V1___.jpg\"><\/p>\n<p>                   Ceplex Active-Membran  <\/p>\n<p> Der Parka verf\u00fcgt \u00fcber eine wasserdichte Ceplex Active-Membran und eine w\u00e4rmende Wattierung aus PrimaLoft Black Insulation Eco. Die Handw\u00e4rmertaschen mit Wollfutter sorgen f\u00fcr angenehm warme H\u00e4nde an kalten Wintertagen. <\/p>\n<\/p>\n<p>                   L\u00e4nge (in mittlerer Gr\u00f6\u00dfe): 87 cm<br \/>\n                   Passform: Standardpassform f\u00fcr ein bequemes Tragegef\u00fchl<br \/>\n                   Gewicht:1100 g<\/p>\n<p>                   Material  <\/p>\n<p> Zur Herstellung dieses Produkts verwenden wir recycelte Materialien, z.B. aus PET-Flaschen. Damit sparen wir bis zu 50 % Energie und CO2-Emissionen sowie fossile Rohstoffe ein. <\/p>\n<p> Material\u00fcbersicht: Hauptstoff &#8211; Au\u00dfenseite: 100% Polyester (recycelt); Membran: 100% Polyurethan; Futter: 59% Polyacryl, 31% Polyester, 10% Schurwolle; Hauptfutter: 100% Polyamid. <\/p>\n<p>                   Geradliniges Design  <\/p>\n<p> Das geradlinige Design macht den Skomer Wool Parka zu einem unkomplierten Bergleiter an vielen Wintertagen. Dieses Produkt ist mit Eco Finish wasserabweisend ohne Fluorcarbone (PFC) hergestellt. <\/p>\n<p> Entwickelt f\u00fcr <\/p>\n<p> Wandern <\/p>\n<p>              <img decoding=\"async\" alt=\"Nachhaltige Outdoor Ausr\u00fcstung\" src=\"https:\/\/images-na.ssl-images-amazon.com\/images\/G\/01\/x-locale\/common\/grey-pixel.gif\" class=\"a-lazy-loaded\" data-src=\"https:\/\/m.media-amazon.com\/images\/S\/aplus-media-library-service-media\/9e61406f-52d5-48b6-bcf0-c2d82b54e0ba.__CR3,0,1717,531_PT0_SX970_V1___.jpg\"><\/p>\n<p>               <img decoding=\"async\" alt=\"Nachhaltige Outdoor Ausr\u00fcstung\" src=\"https:\/\/m.media-amazon.com\/images\/S\/aplus-media-library-service-media\/9e61406f-52d5-48b6-bcf0-c2d82b54e0ba.__CR3,0,1717,531_PT0_SX970_V1___.jpg\"><\/p>\n<p> Warm bleiben &#8211; mit allen Mitteln? Wir sagen ja und nein. Ja zur Isolation &#8211; aber nicht um jeden Preis. Mit unseren alternativen, hoch funktionellen Isolationsmaterialien aus recyceltem Kaffeesatz oder aus recycelten PET-Flaschen bieten wir nicht nur einen zuverl\u00e4ssigen Schutz vor Ausk\u00fchlung bei sportlichen Outdooraktivit\u00e4ten im Winter, sondern auch einen verantwortungsvollen Umgang mit unserer Erde. Denn diese hier vorgestellten Isolationsmaterialien beweisen, dass warme Isolationsbekleidung und aktiver Klimaschutz sehr gut Hand in Hand gehen k\u00f6nnen. <\/p>\n<p>[ad_2]<\/p>\n","protected":false},"excerpt":{"rendered":"<p>Price: [price_with_discount](as of [price_update_date] &#8211; Details) [ad_1] Produktbeschreibung des Herstellers \u00dcber VAUDE Das deutsche Unternehmen VAUDE bietet funktionelle und innovative Produkte f\u00fcr Berg- und Bikesportler. Als nachhaltig innovativer Outdoor-Ausr\u00fcster leistet<\/p>\n","protected":false},"featured_media":79248,"comment_status":"open","ping_status":"closed","template":"","meta":[],"product_cat":[232],"product_tag":[],"class_list":{"0":"post-79247","1":"product","2":"type-product","3":"status-publish","4":"has-post-thumbnail","6":"product_cat-women-fashion","8":"first","9":"instock","10":"shipping-taxable","11":"product-type-external"},"aioseo_notices":[],"_links":{"self":[{"href":"https:\/\/topgetestet.de\/index.php?rest_route=\/wp\/v2\/product\/79247","targetHints":{"allow":["GET"]}}],"collection":[{"href":"https:\/\/topgetestet.de\/index.php?rest_route=\/wp\/v2\/product"}],"about":[{"href":"https:\/\/topgetestet.de\/index.php?rest_route=\/wp\/v2\/types\/product"}],"replies":[{"embeddable":true,"href":"https:\/\/topgetestet.de\/index.php?rest_route=%2Fwp%2Fv2%2Fcomments&post=79247"}],"wp:featuredmedia":[{"embeddable":true,"href":"https:\/\/topgetestet.de\/index.php?rest_route=\/wp\/v2\/media\/79248"}],"wp:attachment":[{"href":"https:\/\/topgetestet.de\/index.php?rest_route=%2Fwp%2Fv2%2Fmedia&parent=79247"}],"wp:term":[{"taxonomy":"product_cat","embeddable":true,"href":"https:\/\/topgetestet.de\/index.php?rest_route=%2Fwp%2Fv2%2Fproduct_cat&post=79247"},{"taxonomy":"product_tag","embeddable":true,"href":"https:\/\/topgetestet.de\/index.php?rest_route=%2Fwp%2Fv2%2Fproduct_tag&post=79247"}],"curies":[{"name":"wp","href":"https:\/\/api.w.org\/{rel}","templated":true}]}}