{"id":79058,"date":"2022-10-17T23:45:12","date_gmt":"2022-10-17T23:45:12","guid":{"rendered":"https:\/\/topgetestet.de\/?product=andrea-conti-damen-sneaker-2"},"modified":"2022-10-17T23:45:12","modified_gmt":"2022-10-17T23:45:12","slug":"andrea-conti-damen-sneaker-2","status":"publish","type":"product","link":"https:\/\/topgetestet.de\/?product=andrea-conti-damen-sneaker-2","title":{"rendered":"Andrea Conti Damen Sneaker"},"content":{"rendered":"<p>Price: <span style=\"color:#b12704\">[price_with_discount]<\/span><br \/><i><small>(as of [price_update_date] &#8211; <span class=\"wp_automatic_amazon_disclaimer\" title=\"Product prices and availability are accurate as of the date\/time indicated and are subject to change. Any price and availability information displayed on [relevant Amazon Site(s), as applicable] at the time of purchase will apply to the purchase of this product.\">Details<\/span>)<\/small><\/i><\/p>\n<p><a href=\"https:\/\/amazon.de\/dp\/B09WN7MC8P?tag=topgetestet09-21\"><img decoding=\"async\" src=\"https:\/\/i.imgur.com\/ISRHEWs.png\"><\/a><br \/>\n[ad_1]<br \/>\n <span>Andrea Conti &#8211; Vielfalt einer Marke Die Damen-Schuhe von der Marke Andrea Conti stehen vor allem f\u00fcr Vielfalt; und das zeigt sich besonders in den unterschiedlichen Schuhmodellen. Von Pumps, Sandaletten und Sandalen zu Slingbacks, Stiefeletten wie Chelsea Boots oder Ankle Boots, Stiefel, Keile, oder auch Wedges genannt, es gibt eine gro\u00dfe Bandbreite was Andrea Conti bietet. Egal ob Peeptoe, Western Boots, Schn\u00fcrschuhe, Clogs, Schn\u00fcrhalbschuhe oder Sneaker mit herausnehmbarer Innensohle, auch Slipper, Mokassins, flache Ballerinen sowie Espadrilles finden sich im Sortiment der neuen bzw. aktuellen Kollektion. Aber auch bei den Abs\u00e4tzen gibt es eine unz\u00e4hlige Vielfalt: von 2 cm, 3cm, 4 cm, 5 cm, 6 cm, 7 cm oder von flach bis zum High Heel, vom Wegde bzw. Keilabsatz. Auch Styles mit Blockabsatz, Trichterabsatz, Stiletto oder einem Pfennigabsatz finden sich in der Kollektion. Ein Westernabsatz oder auch Kitten-Heel darf dabei nat\u00fcrlich auch nicht fehlen. Andrea Conti steht aber noch f\u00fcr viel viel mehr! Und zwar besonders f\u00fcr Farben: beige, blau, braun, elfenbein, gelb, gold, grau, gr\u00fcn, rosa, mehrfarbig, orange, pink, rot, schwarz, silber, t\u00fcrkis, violett, mint, rosa, bordo oder weiss. Auch gestalterisch lassen sich die Designer sowohl in Richtung Modegrad und Komfort einiges einfallen. Neben Glitzer, Strass und Schnallen f\u00fcr die f\u00fcr Anlasse wie Hochzeit | Party | Events | oder zur Abendgaderobe kommen auch Stickereien, Perlen, Spitze oder Perforationen zum Einsatz. Fransen, Zierb\u00e4nder sowie Nieten und abriebfeste Gummisohlen aber auch Stiefeletten mit Absatz und Plateau. Selbst der Komfort kommt nicht zu kurz. Aufgrund der Verwendung von einer Schn\u00fcrung sind Schn\u00fcr-Stiefeletten und Schn\u00fcr-Stiefel gut regulierbar. Ebenfalls die Verwendung von Elastik, verstellbare Riemchen oder Klettverschluss tragen zum Tragekomfort bei. Butter-weiche Leder, hochwertige Materialien sowie eine perfekte Passform bei allen Schuhformen: von spitz bis rund.<\/span> <br \/> Verpackungsabmessungen \u200f : \u200e  30.2 x 23.3 x 10.7 cm; 684 Gramm <br \/> Im Angebot von Amazon.de seit \u200f : \u200e  28. M\u00e4rz 2022 <br \/> Hersteller \u200f : \u200e  Esgano Schuhe <br \/> ASIN \u200f : \u200e  B09WN8RGC3 <br \/> Modellnummer \u200f : \u200e  0344900 <br \/> Kategorie \u200f : \u200e  Damen <\/p>\n<p>[ad_2]<\/p>\n","protected":false},"excerpt":{"rendered":"<p>Price: [price_with_discount](as of [price_update_date] &#8211; Details) [ad_1] Andrea Conti &#8211; Vielfalt einer Marke Die Damen-Schuhe von der Marke Andrea Conti stehen vor allem f\u00fcr Vielfalt; und das zeigt sich besonders<\/p>\n","protected":false},"featured_media":79059,"comment_status":"open","ping_status":"closed","template":"","meta":[],"product_cat":[230],"product_tag":[266],"class_list":{"0":"post-79058","1":"product","2":"type-product","3":"status-publish","4":"has-post-thumbnail","6":"product_cat-fashion","7":"product_tag-womens-fashion-sneakers","9":"first","10":"instock","11":"shipping-taxable","12":"product-type-external"},"aioseo_notices":[],"_links":{"self":[{"href":"https:\/\/topgetestet.de\/index.php?rest_route=\/wp\/v2\/product\/79058","targetHints":{"allow":["GET"]}}],"collection":[{"href":"https:\/\/topgetestet.de\/index.php?rest_route=\/wp\/v2\/product"}],"about":[{"href":"https:\/\/topgetestet.de\/index.php?rest_route=\/wp\/v2\/types\/product"}],"replies":[{"embeddable":true,"href":"https:\/\/topgetestet.de\/index.php?rest_route=%2Fwp%2Fv2%2Fcomments&post=79058"}],"wp:featuredmedia":[{"embeddable":true,"href":"https:\/\/topgetestet.de\/index.php?rest_route=\/wp\/v2\/media\/79059"}],"wp:attachment":[{"href":"https:\/\/topgetestet.de\/index.php?rest_route=%2Fwp%2Fv2%2Fmedia&parent=79058"}],"wp:term":[{"taxonomy":"product_cat","embeddable":true,"href":"https:\/\/topgetestet.de\/index.php?rest_route=%2Fwp%2Fv2%2Fproduct_cat&post=79058"},{"taxonomy":"product_tag","embeddable":true,"href":"https:\/\/topgetestet.de\/index.php?rest_route=%2Fwp%2Fv2%2Fproduct_tag&post=79058"}],"curies":[{"name":"wp","href":"https:\/\/api.w.org\/{rel}","templated":true}]}}