{"id":79025,"date":"2022-10-17T23:35:53","date_gmt":"2022-10-17T23:35:53","guid":{"rendered":"https:\/\/topgetestet.de\/?product=deuter-unisex-futura-pro-36-wanderrucksack"},"modified":"2022-10-17T23:35:53","modified_gmt":"2022-10-17T23:35:53","slug":"deuter-unisex-futura-pro-36-wanderrucksack","status":"publish","type":"product","link":"https:\/\/topgetestet.de\/?product=deuter-unisex-futura-pro-36-wanderrucksack","title":{"rendered":"deuter Unisex Futura Pro 36 Wanderrucksack"},"content":{"rendered":"<p>Price: <span style=\"color:#b12704\">[price_with_discount]<\/span><br \/><i><small>(as of [price_update_date] &#8211; <span class=\"wp_automatic_amazon_disclaimer\" title=\"Product prices and availability are accurate as of the date\/time indicated and are subject to change. Any price and availability information displayed on [relevant Amazon Site(s), as applicable] at the time of purchase will apply to the purchase of this product.\">Details<\/span>)<\/small><\/i><\/p>\n<p><a href=\"https:\/\/amazon.de\/dp\/B08JQYJC43?tag=topgetestet09-21\"><img decoding=\"async\" src=\"https:\/\/i.imgur.com\/ISRHEWs.png\"><\/a><br \/>\n[ad_1]<br \/>\n <span>Der ger\u00e4umige Wanderrucksack eignet sich perfekt f\u00fcr Durchquerungen und Mehrtagestouren. Das ergonomische Aircomfort Sensic Pro Netzr\u00fccken System sorgt f\u00fcr maximale R\u00fcckenbel\u00fcftung und angenehm flexiblen Sitz. Zus\u00e4tzlich erm\u00f6glichen die beweglichen VariFlex ECL H\u00fcftflossen, mit ihren ergonomischen Polstereins\u00e4tzen, energiesparendes und bequemes Tragen mittlerer Lasten.<\/span> <br \/> Produktabmessungen \u200f : \u200e  35 x 30 x 6 cm; 500 Gramm <br \/> Im Angebot von Amazon.de seit \u200f : \u200e  3. Oktober 2020 <br \/> Hersteller \u200f : \u200e  Deuter <br \/> ASIN \u200f : \u200e  B0B724Z197 <br \/> Herstellerreferenz \u200f : \u200e  58577 <br \/> Kategorie \u200f : \u200e  Unisex <\/p>\n<p>Das Active-Comfort-Fit R\u00fcckensystem unterst\u00fctzt den Tragekomfort durch bewegliche Schultertr\u00e4ger bei gleichzeitig formstabiler Konstruktion<br \/>210D Polyamid recycelt, 600D Polyester<br \/>Modellnummer: 3401121<br \/>Bewegliche VariFlex H\u00fcftflossen umschlie\u00dfen passgenau die H\u00fcften und verteilen das Gewicht bequem<br \/>Vorrichtung f\u00fcr Trinksystem (deuter Streamer 3.0 &#8211; nicht enthalten!)<br \/>Schlaufen f\u00fcr Helmhalterung (als Accessoire erh\u00e4ltlich)<br \/>\n<br \/>[ad_2]<\/p>\n","protected":false},"excerpt":{"rendered":"<p>Price: [price_with_discount](as of [price_update_date] &#8211; Details) [ad_1] Der ger\u00e4umige Wanderrucksack eignet sich perfekt f\u00fcr Durchquerungen und Mehrtagestouren. Das ergonomische Aircomfort Sensic Pro Netzr\u00fccken System sorgt f\u00fcr maximale R\u00fcckenbel\u00fcftung und angenehm<\/p>\n","protected":false},"featured_media":79026,"comment_status":"open","ping_status":"closed","template":"","meta":[],"product_cat":[225],"product_tag":[],"class_list":{"0":"post-79025","1":"product","2":"type-product","3":"status-publish","4":"has-post-thumbnail","6":"product_cat-electronics","8":"first","9":"instock","10":"sale","11":"shipping-taxable","12":"product-type-external"},"aioseo_notices":[],"_links":{"self":[{"href":"https:\/\/topgetestet.de\/index.php?rest_route=\/wp\/v2\/product\/79025","targetHints":{"allow":["GET"]}}],"collection":[{"href":"https:\/\/topgetestet.de\/index.php?rest_route=\/wp\/v2\/product"}],"about":[{"href":"https:\/\/topgetestet.de\/index.php?rest_route=\/wp\/v2\/types\/product"}],"replies":[{"embeddable":true,"href":"https:\/\/topgetestet.de\/index.php?rest_route=%2Fwp%2Fv2%2Fcomments&post=79025"}],"wp:featuredmedia":[{"embeddable":true,"href":"https:\/\/topgetestet.de\/index.php?rest_route=\/wp\/v2\/media\/79026"}],"wp:attachment":[{"href":"https:\/\/topgetestet.de\/index.php?rest_route=%2Fwp%2Fv2%2Fmedia&parent=79025"}],"wp:term":[{"taxonomy":"product_cat","embeddable":true,"href":"https:\/\/topgetestet.de\/index.php?rest_route=%2Fwp%2Fv2%2Fproduct_cat&post=79025"},{"taxonomy":"product_tag","embeddable":true,"href":"https:\/\/topgetestet.de\/index.php?rest_route=%2Fwp%2Fv2%2Fproduct_tag&post=79025"}],"curies":[{"name":"wp","href":"https:\/\/api.w.org\/{rel}","templated":true}]}}