{"id":7898,"date":"2022-09-07T07:07:47","date_gmt":"2022-09-07T07:07:47","guid":{"rendered":"https:\/\/topgetestet.de\/?post_type=product&#038;p=7898"},"modified":"2022-09-07T07:07:47","modified_gmt":"2022-09-07T07:07:47","slug":"google-nest-doorbell-akkubetriebene-turklingel-mit-videofunktion","status":"publish","type":"product","link":"https:\/\/topgetestet.de\/?product=google-nest-doorbell-akkubetriebene-turklingel-mit-videofunktion","title":{"rendered":"Google Nest Doorbell &#8211; akkubetriebene T\u00fcrklingel mit Videofunktion"},"content":{"rendered":"<p>Price: <span style=\"color:#b12704\">[price_with_discount]<\/span><br \/><i><small>(as of [price_update_date] &#8211; <span class=\"wp_automatic_amazon_disclaimer\" title=\"Product prices and availability are accurate as of the date\/time indicated and are subject to change. Any price and availability information displayed on [relevant Amazon Site(s), as applicable] at the time of purchase will apply to the purchase of this product.\">Details<\/span>)<\/small><\/i><\/p>\n<p><a href=\"https:\/\/amazon.de\/dp\/B09TNPTM8Q?tag=topgetestet09-21\"><img decoding=\"async\" src=\"https:\/\/i.imgur.com\/ISRHEWs.png\"><\/a><br \/>\n[ad_1]<br \/>\n Um die Gesamtbewertung der Sterne und die prozentuale Aufschl\u00fcsselung nach Sternen zu berechnen, verwenden wir keinen einfachen Durchschnitt. Stattdessen ber\u00fccksichtigt unser System beispielsweise, wie aktuell eine Bewertung ist und ob der Pr\u00fcfer den Artikel bei Amazon gekauft hat. Es wurden auch Bewertungen analysiert, um die Vertrauensw\u00fcrdigkeit zu \u00fcberpr\u00fcfen. <br \/>Jederzeit nachsehen, was zu Hause los ist. Jetzt wei\u00dft du immer, was vor deiner Haust\u00fcr passiert \u2013 dank 24\/7 Livestream deiner T\u00fcrklingel-Kamera und Benachrichtigungen bei wichtigen Ereignissen, wie Besuch oder Lieferungen.<br \/>Ereignisse zur\u00fcckverfolgen. Wenn du etwas verpasst hast, wirf einfach einen Blick in den ereignisbasierten Videoverlauf \u2013 3 Stunden werden kostenlos gespeichert, f\u00fcr mehr gibt es Nest Aware.<br \/>Passt an jede T\u00fcr. Nest Doorbell ist eine akkubetriebene und kabellose T\u00fcrklingel, die an fast jede T\u00fcr passt, ganz gleich, ob Haus oder Wohnung, Miete oder Eigentum.<br \/>Einfache Installation. Dank ihres Akkus, ist die Installation der T\u00fcrklingel ist kinderleicht. Und f\u00fcr den optionalen Netzbetrieb l\u00e4sst sie sich mit dem Steckverbinder an die vorhandene Verkabelung anschlie\u00dfen.<br \/>Von \u00fcberall aus mit Besuchern sprechen. Du kannst dich mit Besuchern vor deiner T\u00fcr unterhalten, selbst wenn du nicht zu Hause bist. Das geht ganz einfach \u00fcber die Google Home App.<br \/>Streame das Live-Videobild per Sprachbefehl mit Google Assistant oder Amazon Alexa auf kompatible Smart Displays \u2013 so kannst du Besucher sehen und mit ihnen sprechen. Kompatible intelligente Lautsprecher und Displays von Google Nest und Amazon Alexa k\u00f6nnen dich zus\u00e4tzlich informieren, wenn es klingelt.<br \/>\n<br \/>[ad_2]<\/p>\n","protected":false},"excerpt":{"rendered":"<p>Price: [price_with_discount](as of [price_update_date] &#8211; Details) [ad_1] Um die Gesamtbewertung der Sterne und die prozentuale Aufschl\u00fcsselung nach Sternen zu berechnen, verwenden wir keinen einfachen Durchschnitt. Stattdessen ber\u00fccksichtigt unser System beispielsweise,<\/p>\n","protected":false},"featured_media":7899,"comment_status":"open","ping_status":"closed","template":"","meta":[],"product_cat":[226],"product_tag":[257],"class_list":{"0":"post-7898","1":"product","2":"type-product","3":"status-publish","4":"has-post-thumbnail","6":"product_cat-cameras","7":"product_tag-surveillance-video-equipment","9":"first","10":"instock","11":"sale","12":"shipping-taxable","13":"product-type-external"},"aioseo_notices":[],"_links":{"self":[{"href":"https:\/\/topgetestet.de\/index.php?rest_route=\/wp\/v2\/product\/7898","targetHints":{"allow":["GET"]}}],"collection":[{"href":"https:\/\/topgetestet.de\/index.php?rest_route=\/wp\/v2\/product"}],"about":[{"href":"https:\/\/topgetestet.de\/index.php?rest_route=\/wp\/v2\/types\/product"}],"replies":[{"embeddable":true,"href":"https:\/\/topgetestet.de\/index.php?rest_route=%2Fwp%2Fv2%2Fcomments&post=7898"}],"wp:featuredmedia":[{"embeddable":true,"href":"https:\/\/topgetestet.de\/index.php?rest_route=\/wp\/v2\/media\/7899"}],"wp:attachment":[{"href":"https:\/\/topgetestet.de\/index.php?rest_route=%2Fwp%2Fv2%2Fmedia&parent=7898"}],"wp:term":[{"taxonomy":"product_cat","embeddable":true,"href":"https:\/\/topgetestet.de\/index.php?rest_route=%2Fwp%2Fv2%2Fproduct_cat&post=7898"},{"taxonomy":"product_tag","embeddable":true,"href":"https:\/\/topgetestet.de\/index.php?rest_route=%2Fwp%2Fv2%2Fproduct_tag&post=7898"}],"curies":[{"name":"wp","href":"https:\/\/api.w.org\/{rel}","templated":true}]}}