{"id":78914,"date":"2022-10-17T23:13:39","date_gmt":"2022-10-17T23:13:39","guid":{"rendered":"https:\/\/topgetestet.de\/?product=ps4-bloodborne-game-of-the-year-edition"},"modified":"2022-10-17T23:13:39","modified_gmt":"2022-10-17T23:13:39","slug":"ps4-bloodborne-game-of-the-year-edition","status":"publish","type":"product","link":"https:\/\/topgetestet.de\/?product=ps4-bloodborne-game-of-the-year-edition","title":{"rendered":"PS4 BLOODBORNE &#8211; GAME OF THE YEAR EDITION [ ]"},"content":{"rendered":"<p>Price: <span style=\"color:#b12704\">[price_with_discount]<\/span><br \/><i><small>(as of [price_update_date] &#8211; <span class=\"wp_automatic_amazon_disclaimer\" title=\"Product prices and availability are accurate as of the date\/time indicated and are subject to change. Any price and availability information displayed on [relevant Amazon Site(s), as applicable] at the time of purchase will apply to the purchase of this product.\">Details<\/span>)<\/small><\/i><\/p>\n<p><a href=\"https:\/\/amazon.de\/dp\/B018209X7U?tag=topgetestet09-21\"><img decoding=\"async\" src=\"https:\/\/i.imgur.com\/ISRHEWs.png\"><\/a><br \/>\n[ad_1]<br \/>\n <span>JAGE DEINE ALBTRAUME Vom Studio hinter Demon&#8217;s Souls und Dark Souls kommt jetzt das von Kritikern gelobte RPG, das von 2 Millionen Spielern weltweit geliebt wird. Ein einsamer Reisender. Eine verfluchte Stadt. Ein todbringendes Geheimnis, das alles verschlingt, mit dem es in Ber\u00fchrung kommt. Stelle dich deinen Angsten und betritt die verfallende Stadt Yharnam &#8211; ein gottverlassener Ort, der von einer schrecklichen, alles verzehrenden Seuche heimgesucht wird. Wirst du die Nacht Uberleben?<\/span> <br \/> Auslaufartikel (Produktion durch Hersteller eingestellt) \u200f : \u200e  Nein <br \/> Alterseinstufung \u200f : \u200e  USK ab 16 freigegeben <br \/> Sprache \u200f : \u200e  Englisch <br \/> Handbuch \u200f : \u200e  Englisch, Deutsch <br \/> Produktabmessungen \u200f : \u200e  0.2 x 1.7 x 1.4 cm; 59 Gramm <br \/> Erscheinungstermin \u200f : \u200e  27. November 2015 <br \/> Untertitel: \u200f : \u200e  Englisch, Italienisch <br \/> ASIN \u200f : \u200e  B018209X7U <br \/> Modellnummer \u200f : \u200e  179746 <\/p>\n<p>Verschiedene Outfits und neue transformierbare Waffen finden und deinem Arsenal hinzuf\u00fcgen &#8211; inklusive Simons Bogenklinge<br \/>Spiele mit dunklen Zauberspr\u00fcchen und verwandle dich in eine f\u00fcrchterliche Bestie. Willkommen zur\u00fcck in Yharnam&#8230;<br \/>\n<br \/>[ad_2]<\/p>\n","protected":false},"excerpt":{"rendered":"<p>Price: [price_with_discount](as of [price_update_date] &#8211; Details) [ad_1] JAGE DEINE ALBTRAUME Vom Studio hinter Demon&#8217;s Souls und Dark Souls kommt jetzt das von Kritikern gelobte RPG, das von 2 Millionen Spielern<\/p>\n","protected":false},"featured_media":78915,"comment_status":"open","ping_status":"closed","template":"","meta":[],"product_cat":[227],"product_tag":[261],"class_list":{"0":"post-78914","1":"product","2":"type-product","3":"status-publish","4":"has-post-thumbnail","6":"product_cat-gaming","7":"product_tag-playstation-legacy-games","9":"first","10":"instock","11":"shipping-taxable","12":"product-type-external"},"aioseo_notices":[],"_links":{"self":[{"href":"https:\/\/topgetestet.de\/index.php?rest_route=\/wp\/v2\/product\/78914","targetHints":{"allow":["GET"]}}],"collection":[{"href":"https:\/\/topgetestet.de\/index.php?rest_route=\/wp\/v2\/product"}],"about":[{"href":"https:\/\/topgetestet.de\/index.php?rest_route=\/wp\/v2\/types\/product"}],"replies":[{"embeddable":true,"href":"https:\/\/topgetestet.de\/index.php?rest_route=%2Fwp%2Fv2%2Fcomments&post=78914"}],"wp:featuredmedia":[{"embeddable":true,"href":"https:\/\/topgetestet.de\/index.php?rest_route=\/wp\/v2\/media\/78915"}],"wp:attachment":[{"href":"https:\/\/topgetestet.de\/index.php?rest_route=%2Fwp%2Fv2%2Fmedia&parent=78914"}],"wp:term":[{"taxonomy":"product_cat","embeddable":true,"href":"https:\/\/topgetestet.de\/index.php?rest_route=%2Fwp%2Fv2%2Fproduct_cat&post=78914"},{"taxonomy":"product_tag","embeddable":true,"href":"https:\/\/topgetestet.de\/index.php?rest_route=%2Fwp%2Fv2%2Fproduct_tag&post=78914"}],"curies":[{"name":"wp","href":"https:\/\/api.w.org\/{rel}","templated":true}]}}