{"id":78791,"date":"2022-10-17T22:29:36","date_gmt":"2022-10-17T22:29:36","guid":{"rendered":"https:\/\/topgetestet.de\/?product=puma-unisex-rbd-game-low-wtr-sneaker"},"modified":"2022-10-17T22:29:36","modified_gmt":"2022-10-17T22:29:36","slug":"puma-unisex-rbd-game-low-wtr-sneaker","status":"publish","type":"product","link":"https:\/\/topgetestet.de\/?product=puma-unisex-rbd-game-low-wtr-sneaker","title":{"rendered":"PUMA Unisex Rbd Game Low WTR Sneaker"},"content":{"rendered":"<p>Price: <span style=\"color:#b12704\">[price_with_discount]<\/span><br \/><i><small>(as of [price_update_date] &#8211; <span class=\"wp_automatic_amazon_disclaimer\" title=\"Product prices and availability are accurate as of the date\/time indicated and are subject to change. Any price and availability information displayed on [relevant Amazon Site(s), as applicable] at the time of purchase will apply to the purchase of this product.\">Details<\/span>)<\/small><\/i><\/p>\n<p><a href=\"https:\/\/amazon.de\/dp\/B09L5KMYHK?tag=topgetestet09-21\"><img decoding=\"async\" src=\"https:\/\/i.imgur.com\/ISRHEWs.png\"><\/a><br \/>\n[ad_1]<br \/>\n <span>In Anlehnung an Design-Elemente aus der Welt des Basketballs und der Popkultur setzen diese tief ausgeschnittenen Sneakers hier neue Impulse. Mit einem reich strukturierten Obermaterial und weichem Fleecefutter sind sie gro\u00dfartig, um deine F\u00fc\u00dfe in den k\u00e4lteren Monaten warm und gem\u00fctlich zu halten. Die zweifarbige Sohle im Retro-Look und PUMAs SOFTFOAM+ Einlegesohle sorgen f\u00fcr maximalen Stil und Komfort. SOFTFOAM+: Step-in-Komfort-Einlegesohle, die dank der extradicken Ferse f\u00fcr eine weiche D\u00e4mpfung sorgt. Obermaterial aus gewalktem Leder mit weichem Fleecefutter. Zwischensohle aus Gummi. Gummilaufsohle. PUMA Formstrip aus Veloursleder auf der Innen- und Au\u00dfenseite. PUMA-Schriftzug als Folienprint auf der Schuhzunge.<\/span> <br \/> Verpackungsabmessungen \u200f : \u200e  27.9 x 17.5 x 10.3 cm; 700 Gramm <br \/> Im Angebot von Amazon.de seit \u200f : \u200e  6. November 2021 <br \/> Hersteller \u200f : \u200e  PUMA <br \/> ASIN \u200f : \u200e  B09L5JQ9KF <br \/> Modellnummer \u200f : \u200e  388470 <br \/> Kategorie \u200f : \u200e  Unisex <\/p>\n<p>Verschluss: Schn\u00fcrung<br \/>Absatzform: Flach<br \/>Schuhweite: Medium<br \/>Nicht wasserfest<br \/>\n<br \/>[ad_2]<\/p>\n","protected":false},"excerpt":{"rendered":"<p>Price: [price_with_discount](as of [price_update_date] &#8211; Details) [ad_1] In Anlehnung an Design-Elemente aus der Welt des Basketballs und der Popkultur setzen diese tief ausgeschnittenen Sneakers hier neue Impulse. Mit einem reich<\/p>\n","protected":false},"featured_media":78792,"comment_status":"open","ping_status":"closed","template":"","meta":[],"product_cat":[227],"product_tag":[255],"class_list":{"0":"post-78791","1":"product","2":"type-product","3":"status-publish","4":"has-post-thumbnail","6":"product_cat-gaming","7":"product_tag-amazon-games","9":"first","10":"instock","11":"shipping-taxable","12":"product-type-external"},"aioseo_notices":[],"_links":{"self":[{"href":"https:\/\/topgetestet.de\/index.php?rest_route=\/wp\/v2\/product\/78791","targetHints":{"allow":["GET"]}}],"collection":[{"href":"https:\/\/topgetestet.de\/index.php?rest_route=\/wp\/v2\/product"}],"about":[{"href":"https:\/\/topgetestet.de\/index.php?rest_route=\/wp\/v2\/types\/product"}],"replies":[{"embeddable":true,"href":"https:\/\/topgetestet.de\/index.php?rest_route=%2Fwp%2Fv2%2Fcomments&post=78791"}],"wp:featuredmedia":[{"embeddable":true,"href":"https:\/\/topgetestet.de\/index.php?rest_route=\/wp\/v2\/media\/78792"}],"wp:attachment":[{"href":"https:\/\/topgetestet.de\/index.php?rest_route=%2Fwp%2Fv2%2Fmedia&parent=78791"}],"wp:term":[{"taxonomy":"product_cat","embeddable":true,"href":"https:\/\/topgetestet.de\/index.php?rest_route=%2Fwp%2Fv2%2Fproduct_cat&post=78791"},{"taxonomy":"product_tag","embeddable":true,"href":"https:\/\/topgetestet.de\/index.php?rest_route=%2Fwp%2Fv2%2Fproduct_tag&post=78791"}],"curies":[{"name":"wp","href":"https:\/\/api.w.org\/{rel}","templated":true}]}}