{"id":78705,"date":"2022-10-17T22:04:53","date_gmt":"2022-10-17T22:04:53","guid":{"rendered":"https:\/\/topgetestet.de\/?product=jack-wolfskin-damen-everquest-texapore-mid-w-sneaker"},"modified":"2022-10-17T22:04:53","modified_gmt":"2022-10-17T22:04:53","slug":"jack-wolfskin-damen-everquest-texapore-mid-w-sneaker","status":"publish","type":"product","link":"https:\/\/topgetestet.de\/?product=jack-wolfskin-damen-everquest-texapore-mid-w-sneaker","title":{"rendered":"Jack Wolfskin Damen Everquest Texapore Mid W Sneaker"},"content":{"rendered":"<p>Price: <span style=\"color:#b12704\">[price_with_discount]<\/span><br \/><i><small>(as of [price_update_date] &#8211; <span class=\"wp_automatic_amazon_disclaimer\" title=\"Product prices and availability are accurate as of the date\/time indicated and are subject to change. Any price and availability information displayed on [relevant Amazon Site(s), as applicable] at the time of purchase will apply to the purchase of this product.\">Details<\/span>)<\/small><\/i><\/p>\n<p><a href=\"https:\/\/amazon.de\/dp\/B09LHZB7V5?tag=topgetestet09-21\"><img decoding=\"async\" src=\"https:\/\/i.imgur.com\/ISRHEWs.png\"><\/a><br \/>\n[ad_1]<\/p>\n<p>       Von der Marke <\/p>\n<p>             <img decoding=\"async\" alt=\"background_new\" src=\"https:\/\/images-na.ssl-images-amazon.com\/images\/G\/01\/x-locale\/common\/grey-pixel.gif\" class=\"a-lazy-loaded\" data-src=\"https:\/\/m.media-amazon.com\/images\/S\/aplus-media\/sota\/ec646572-4942-4e75-86b5-8a50de48d72c.__CR0,29,1464,625_PT0_SX1464_V1___.jpg\"><\/p>\n<p>              <img decoding=\"async\" alt=\"background_new\" src=\"https:\/\/m.media-amazon.com\/images\/S\/aplus-media\/sota\/ec646572-4942-4e75-86b5-8a50de48d72c.__CR0,29,1464,625_PT0_SX1464_V1___.jpg\"><\/p>\n<p>                   <img decoding=\"async\" alt=\"outdoor module photo\" src=\"https:\/\/images-na.ssl-images-amazon.com\/images\/G\/01\/x-locale\/common\/grey-pixel.gif\" class=\"a-lazy-loaded\" data-src=\"https:\/\/m.media-amazon.com\/images\/S\/aplus-media-library-service-media\/670cfe9e-5f76-4814-bd07-12a93a619d29.__CR0,33,315,145_PT0_SX315_V1___.jpg\"><\/p>\n<p>                    <img decoding=\"async\" alt=\"outdoor module photo\" src=\"https:\/\/m.media-amazon.com\/images\/S\/aplus-media-library-service-media\/670cfe9e-5f76-4814-bd07-12a93a619d29.__CR0,33,315,145_PT0_SX315_V1___.jpg\"><\/p>\n<p> AUTHENTISCH, VERANTWORTUNGSVOLL UND ABENTEUERLUSTIG <\/p>\n<p> Wir m\u00f6chten Menschen dazu motivieren, rauszugehen und sich mit der Natur zu verbinden, neue Erfahrungen zu machen und das Outdoor-Leben mit Familie und Freunden zu genie\u00dfen. <\/p>\n<p> Wir bieten herausragende Produkte, die Funktionalit\u00e4t, Nachhaltigkeit und modernes Design verbinden \u2013 damit du dich drau\u00dfen zu Hause f\u00fchlst! <\/p>\n<h3> Entdecke Unsere Kollektion <\/h3>\n<p class=\"apm-brand-story-stores-link\">\n<p>                     \u00dcber uns  <\/p>\n<p> Wir sind Abenteurer, Outdoor-Enthusiasten, Entdecker und Naturliebhaber. We Live to Discover. Unsere Passion m\u00f6chten wir mit euch teilen. <\/p>\n<p>                     Unsere Geschichte  <\/p>\n<p> Noch vor etwa 40 Jahren war es nur wenigen Menschen vorbehalten, die Sch\u00f6nheit der Natur zu erleben. Mit der Gr\u00fcndung von Jack Wolfskin im Jahr 1981 sollte sich dies \u00e4ndern. <\/p>\n<p>                     Unsere Produkte  <\/p>\n<p> Wir stehen f\u00fcr Outdoor und sind unverzichtbar f\u00fcr Outdoor-Erlebnisse. Die Suche nach tiefgreifenden transformativen Erfahrungen in der Natur treibt das Design und die Technologie unserer Produkte an. <\/p>\n<p> Sprache \u200f : \u200e  Deutsch, Deutsch, Deutsch, Deutsch, Deutsch <br \/> Verpackungsabmessungen \u200f : \u200e  31.2 x 28.4 x 12.2 cm; 1 Kilogramm <br \/> Im Angebot von Amazon.de seit \u200f : \u200e  10. November 2021 <br \/> Hersteller \u200f : \u200e  Jack Wolfskin <br \/> ASIN \u200f : \u200e  B09LJ1YQTY <br \/> Modellnummer \u200f : \u200e  4053581_1319_ <br \/> Kategorie \u200f : \u200e  Damen <\/p>\n<p>[ad_2]<\/p>\n","protected":false},"excerpt":{"rendered":"<p>Price: [price_with_discount](as of [price_update_date] &#8211; Details) [ad_1] Von der Marke AUTHENTISCH, VERANTWORTUNGSVOLL UND ABENTEUERLUSTIG Wir m\u00f6chten Menschen dazu motivieren, rauszugehen und sich mit der Natur zu verbinden, neue Erfahrungen zu<\/p>\n","protected":false},"featured_media":78706,"comment_status":"open","ping_status":"closed","template":"","meta":[],"product_cat":[230],"product_tag":[266],"class_list":{"0":"post-78705","1":"product","2":"type-product","3":"status-publish","4":"has-post-thumbnail","6":"product_cat-fashion","7":"product_tag-womens-fashion-sneakers","9":"first","10":"instock","11":"shipping-taxable","12":"product-type-external"},"aioseo_notices":[],"_links":{"self":[{"href":"https:\/\/topgetestet.de\/index.php?rest_route=\/wp\/v2\/product\/78705","targetHints":{"allow":["GET"]}}],"collection":[{"href":"https:\/\/topgetestet.de\/index.php?rest_route=\/wp\/v2\/product"}],"about":[{"href":"https:\/\/topgetestet.de\/index.php?rest_route=\/wp\/v2\/types\/product"}],"replies":[{"embeddable":true,"href":"https:\/\/topgetestet.de\/index.php?rest_route=%2Fwp%2Fv2%2Fcomments&post=78705"}],"wp:featuredmedia":[{"embeddable":true,"href":"https:\/\/topgetestet.de\/index.php?rest_route=\/wp\/v2\/media\/78706"}],"wp:attachment":[{"href":"https:\/\/topgetestet.de\/index.php?rest_route=%2Fwp%2Fv2%2Fmedia&parent=78705"}],"wp:term":[{"taxonomy":"product_cat","embeddable":true,"href":"https:\/\/topgetestet.de\/index.php?rest_route=%2Fwp%2Fv2%2Fproduct_cat&post=78705"},{"taxonomy":"product_tag","embeddable":true,"href":"https:\/\/topgetestet.de\/index.php?rest_route=%2Fwp%2Fv2%2Fproduct_tag&post=78705"}],"curies":[{"name":"wp","href":"https:\/\/api.w.org\/{rel}","templated":true}]}}