{"id":78651,"date":"2022-10-17T21:30:22","date_gmt":"2022-10-17T21:30:22","guid":{"rendered":"https:\/\/topgetestet.de\/?product=jana-damen-8-8-23703-28-sneaker"},"modified":"2022-10-17T21:30:22","modified_gmt":"2022-10-17T21:30:22","slug":"jana-damen-8-8-23703-28-sneaker","status":"publish","type":"product","link":"https:\/\/topgetestet.de\/?product=jana-damen-8-8-23703-28-sneaker","title":{"rendered":"Jana Damen 8-8-23703-28 Sneaker"},"content":{"rendered":"<p>Price: <span style=\"color:#b12704\">[price_with_discount]<\/span><br \/><i><small>(as of [price_update_date] &#8211; <span class=\"wp_automatic_amazon_disclaimer\" title=\"Product prices and availability are accurate as of the date\/time indicated and are subject to change. Any price and availability information displayed on [relevant Amazon Site(s), as applicable] at the time of purchase will apply to the purchase of this product.\">Details<\/span>)<\/small><\/i><\/p>\n<p><a href=\"https:\/\/amazon.de\/dp\/B097HMSJ61?tag=topgetestet09-21\"><img decoding=\"async\" src=\"https:\/\/i.imgur.com\/ISRHEWs.png\"><\/a><br \/>\n[ad_1]<\/p>\n<p>       Von der Marke <\/p>\n<p>             <img decoding=\"async\" alt=\"Jana Relax\" src=\"https:\/\/images-na.ssl-images-amazon.com\/images\/G\/01\/x-locale\/common\/grey-pixel.gif\" class=\"a-lazy-loaded\" data-src=\"https:\/\/m.media-amazon.com\/images\/W\/IMAGERENDERING_521856-T1\/images\/S\/aplus-media-library-service-media\/a1b71c23-18ee-456f-bc30-54d09fbca096.__CR0,60,1536,656_PT0_SX1464_V1___.jpg\"><\/p>\n<p>              <img decoding=\"async\" alt=\"Jana Relax\" src=\"https:\/\/m.media-amazon.com\/images\/W\/IMAGERENDERING_521856-T1\/images\/S\/aplus-media-library-service-media\/a1b71c23-18ee-456f-bc30-54d09fbca096.__CR0,60,1536,656_PT0_SX1464_V1___.jpg\"><\/p>\n<p>                   <img decoding=\"async\" alt=\"Jana FS 22\" src=\"https:\/\/images-na.ssl-images-amazon.com\/images\/G\/01\/x-locale\/common\/grey-pixel.gif\" class=\"a-lazy-loaded\" data-src=\"https:\/\/m.media-amazon.com\/images\/W\/IMAGERENDERING_521856-T1\/images\/S\/aplus-media-library-service-media\/3a72afcc-cc21-425d-bcc6-dd2c345f2f0d.__CR0,65,1200,552_PT0_SX315_V1___.jpg\"><\/p>\n<p>                    <img decoding=\"async\" alt=\"Jana FS 22\" src=\"https:\/\/m.media-amazon.com\/images\/W\/IMAGERENDERING_521856-T1\/images\/S\/aplus-media-library-service-media\/3a72afcc-cc21-425d-bcc6-dd2c345f2f0d.__CR0,65,1200,552_PT0_SX315_V1___.jpg\"><\/p>\n<p> Jana Schuhe sind echte Allrounder: Die Kombination aus trendigen Designs und dem besonderen Relax Effect macht unsere Modelle zu den perfekten Begleitern! Weiche Materialien, flexible Sohlen, eine hochwertige Verarbeitung und perfekte Passformen sorgen f\u00fcr ein rundum Wohlf\u00fchlpaket! <\/p>\n<p>                     Was macht unser Produkt einzigartig?  <\/p>\n<p> Alle Modelle der aktuellen Kollektion bieten ein hohes Ma\u00df an Weichheit und Flexibilit\u00e4t f\u00fcr den Fu\u00df. Ausgew\u00e4hlte Materialkombinationen sorgen f\u00fcr ein super softes Tragegef\u00fchl. <\/p>\n<p> Zus\u00e4tzlich bringen die Relax-Technologien einen gro\u00dfen Wohlf\u00fchlfaktor mit sich! Die Relax Fit-Passform sorgt f\u00fcr angenehme Bewegungsfreiheit und gibt den F\u00fc\u00dfen Luft zum atmen. <\/p>\n<p> Dar\u00fcber hinaus entspannt das softe Relax Fu\u00dfbett den Fu\u00df in jeder Belastungsphase. Das ergonomisch geformte Fu\u00dfbett sorgt somit f\u00fcr einen noch weicheren Auftritt und ein rundum bequemes Tragegef\u00fchl. <\/p>\n<h3> Entdecke die neue Kollektion! <\/h3>\n<p class=\"apm-brand-story-stores-link\">\n<p> Verpackungsabmessungen \u200f : \u200e  33 x 22.1 x 11.2 cm; 950 Gramm <br \/> Im Angebot von Amazon.de seit \u200f : \u200e  18. Juni 2021 <br \/> Hersteller \u200f : \u200e  Jana <br \/> ASIN \u200f : \u200e  B097HL2XTS <br \/> Modellnummer \u200f : \u200e  8-8-23703-28 <br \/> Kategorie \u200f : \u200e  Damen <\/p>\n<p>[ad_2]<\/p>\n","protected":false},"excerpt":{"rendered":"<p>Price: [price_with_discount](as of [price_update_date] &#8211; Details) [ad_1] Von der Marke Jana Schuhe sind echte Allrounder: Die Kombination aus trendigen Designs und dem besonderen Relax Effect macht unsere Modelle zu den<\/p>\n","protected":false},"featured_media":78652,"comment_status":"open","ping_status":"closed","template":"","meta":[],"product_cat":[230],"product_tag":[266],"class_list":{"0":"post-78651","1":"product","2":"type-product","3":"status-publish","4":"has-post-thumbnail","6":"product_cat-fashion","7":"product_tag-womens-fashion-sneakers","9":"first","10":"instock","11":"shipping-taxable","12":"product-type-external"},"aioseo_notices":[],"_links":{"self":[{"href":"https:\/\/topgetestet.de\/index.php?rest_route=\/wp\/v2\/product\/78651","targetHints":{"allow":["GET"]}}],"collection":[{"href":"https:\/\/topgetestet.de\/index.php?rest_route=\/wp\/v2\/product"}],"about":[{"href":"https:\/\/topgetestet.de\/index.php?rest_route=\/wp\/v2\/types\/product"}],"replies":[{"embeddable":true,"href":"https:\/\/topgetestet.de\/index.php?rest_route=%2Fwp%2Fv2%2Fcomments&post=78651"}],"wp:featuredmedia":[{"embeddable":true,"href":"https:\/\/topgetestet.de\/index.php?rest_route=\/wp\/v2\/media\/78652"}],"wp:attachment":[{"href":"https:\/\/topgetestet.de\/index.php?rest_route=%2Fwp%2Fv2%2Fmedia&parent=78651"}],"wp:term":[{"taxonomy":"product_cat","embeddable":true,"href":"https:\/\/topgetestet.de\/index.php?rest_route=%2Fwp%2Fv2%2Fproduct_cat&post=78651"},{"taxonomy":"product_tag","embeddable":true,"href":"https:\/\/topgetestet.de\/index.php?rest_route=%2Fwp%2Fv2%2Fproduct_tag&post=78651"}],"curies":[{"name":"wp","href":"https:\/\/api.w.org\/{rel}","templated":true}]}}