{"id":78543,"date":"2022-10-17T20:21:03","date_gmt":"2022-10-17T20:21:03","guid":{"rendered":"https:\/\/topgetestet.de\/?product=denkmit-mulleimer-deo-1-st"},"modified":"2022-10-17T20:21:03","modified_gmt":"2022-10-17T20:21:03","slug":"denkmit-mulleimer-deo-1-st","status":"publish","type":"product","link":"https:\/\/topgetestet.de\/?product=denkmit-mulleimer-deo-1-st","title":{"rendered":"Denkmit M\u00fclleimer-Deo, 1 St"},"content":{"rendered":"<p>Price: <span style=\"color:#b12704\">[price_with_discount]<\/span><br \/><i><small>(as of [price_update_date] &#8211; <span class=\"wp_automatic_amazon_disclaimer\" title=\"Product prices and availability are accurate as of the date\/time indicated and are subject to change. Any price and availability information displayed on [relevant Amazon Site(s), as applicable] at the time of purchase will apply to the purchase of this product.\">Details<\/span>)<\/small><\/i><\/p>\n<p><a href=\"https:\/\/amazon.de\/dp\/B0798XGJMQ?tag=topgetestet09-21\"><img decoding=\"async\" src=\"https:\/\/i.imgur.com\/ISRHEWs.png\"><\/a><br \/>\n[ad_1]<br \/>\n <span>Denkmit M\u00fclleimer-Deo, 1 St. Das M\u00fclleimer-Deo von Denkmit neutralisiert durch den integrierten Geruchsabsorber schlechte Ger\u00fcche und sorgt gleichzeitig f\u00fcr einen angenehm frischen Duft. Mit dem Klebepunkt kann das Deo problemlos im Deckel oder in der N\u00e4he des M\u00fclleimers befestigt werden. Wirkt bis zu 5 Wochen. &#8211; Bitrex &#8211; Wirkt bis zu 5 Wochen &#8211; Neutralisiert schlechte Ger\u00fcche und sorgt f\u00fcr angenehm frischen Duft Weniger lesen Pflichthinweise Genaue Produktbezeichnung Demkmit M\u00fclleimer-Deo Citrus-Mix Gefahrenhinweise Sch\u00e4dlich f\u00fcr Wasserorganismen, mit langfristiger Wirkung. Freisetzung in die Umwelt vermeiden. Inhalt \/ Beh\u00e4lter in gesicherter Weise der Entsorgung zuf\u00fchren.<\/span><br \/>\n<br \/>[ad_2]<\/p>\n","protected":false},"excerpt":{"rendered":"<p>Price: [price_with_discount](as of [price_update_date] &#8211; Details) [ad_1] Denkmit M\u00fclleimer-Deo, 1 St. Das M\u00fclleimer-Deo von Denkmit neutralisiert durch den integrierten Geruchsabsorber schlechte Ger\u00fcche und sorgt gleichzeitig f\u00fcr einen angenehm frischen Duft.<\/p>\n","protected":false},"featured_media":78544,"comment_status":"open","ping_status":"closed","template":"","meta":[],"product_cat":[228],"product_tag":[237],"class_list":{"0":"post-78543","1":"product","2":"type-product","3":"status-publish","4":"has-post-thumbnail","6":"product_cat-beauty","7":"product_tag-personal-care","9":"first","10":"instock","11":"sale","12":"shipping-taxable","13":"product-type-external"},"aioseo_notices":[],"_links":{"self":[{"href":"https:\/\/topgetestet.de\/index.php?rest_route=\/wp\/v2\/product\/78543","targetHints":{"allow":["GET"]}}],"collection":[{"href":"https:\/\/topgetestet.de\/index.php?rest_route=\/wp\/v2\/product"}],"about":[{"href":"https:\/\/topgetestet.de\/index.php?rest_route=\/wp\/v2\/types\/product"}],"replies":[{"embeddable":true,"href":"https:\/\/topgetestet.de\/index.php?rest_route=%2Fwp%2Fv2%2Fcomments&post=78543"}],"wp:featuredmedia":[{"embeddable":true,"href":"https:\/\/topgetestet.de\/index.php?rest_route=\/wp\/v2\/media\/78544"}],"wp:attachment":[{"href":"https:\/\/topgetestet.de\/index.php?rest_route=%2Fwp%2Fv2%2Fmedia&parent=78543"}],"wp:term":[{"taxonomy":"product_cat","embeddable":true,"href":"https:\/\/topgetestet.de\/index.php?rest_route=%2Fwp%2Fv2%2Fproduct_cat&post=78543"},{"taxonomy":"product_tag","embeddable":true,"href":"https:\/\/topgetestet.de\/index.php?rest_route=%2Fwp%2Fv2%2Fproduct_tag&post=78543"}],"curies":[{"name":"wp","href":"https:\/\/api.w.org\/{rel}","templated":true}]}}