{"id":78430,"date":"2022-10-17T19:42:54","date_gmt":"2022-10-17T19:42:54","guid":{"rendered":"https:\/\/topgetestet.de\/?product=superfit-madchen-storm-sneaker"},"modified":"2022-10-17T19:42:54","modified_gmt":"2022-10-17T19:42:54","slug":"superfit-madchen-storm-sneaker","status":"publish","type":"product","link":"https:\/\/topgetestet.de\/?product=superfit-madchen-storm-sneaker","title":{"rendered":"Superfit M\u00e4dchen Storm Sneaker"},"content":{"rendered":"<p>Price: <span style=\"color:#b12704\">[price_with_discount]<\/span><br \/><i><small>(as of [price_update_date] &#8211; <span class=\"wp_automatic_amazon_disclaimer\" title=\"Product prices and availability are accurate as of the date\/time indicated and are subject to change. Any price and availability information displayed on [relevant Amazon Site(s), as applicable] at the time of purchase will apply to the purchase of this product.\">Details<\/span>)<\/small><\/i><\/p>\n<p><a href=\"https:\/\/amazon.de\/dp\/B099NMBV5D?tag=topgetestet09-21\"><img decoding=\"async\" src=\"https:\/\/i.imgur.com\/ISRHEWs.png\"><\/a><br \/>\n[ad_1]<br \/>\n <span>Auf dem Spielplatz toben.<br \/> Auf B\u00e4ume klettern.<br \/> Die Welt im Sturm erobern.<br \/> STORM ist daf\u00fcr der ideale Begleiter.<br \/> Der super coole Sportsneaker ist aus funktionalen Textilien und tollen Veloursledern gefertigt und bringt alles mit, was ein stylischer und gleichzeitig praktischer Sneaker haben muss.<br \/> Durch die praktischen Klettverschl\u00fcsse kann STORM schnell an- und ausgezogen sowie individuell in der Weite reguliert werden.<br \/> Schlicht gehalten, aber durch die reflektierenden Elemente und Neonakzente trotzdem sportlich, ist der superfit Sneaker perfekt f\u00fcr alle Kids, die schon ganz genau wissen, was sie wollen.<br \/> Dank des GORE-TEX Futters bleiben die Kinderf\u00fc\u00dfe dabei stets dauerhaft trocken und gut bel\u00fcftet, egal bei welchem Wetter.<br \/> Alle STORM Sneaker sind mit einer herausnehmbaren Einlegesohle ausgestattet und in der WMS-Weite M IV hergestellt.<br \/><\/span> <br \/> Verpackungsabmessungen \u200f : \u200e  25.7 x 14.9 x 9.2 cm; 450 Gramm <br \/> Im Angebot von Amazon.de seit \u200f : \u200e  16. Juli 2021 <br \/> Hersteller \u200f : \u200e  Legero Schuhfabrik GesmbH <br \/> ASIN \u200f : \u200e  B099NNJ1W1 <br \/> Modellnummer \u200f : \u200e  1006386 <br \/> Kategorie \u200f : \u200e  M\u00e4dchen <\/p>\n<p>Innenmaterial: Textil<br \/>Sohle: Thermoplastische Elastomere<br \/>Verschluss: Klettverschluss<br \/>Absatzform: Kein Absatz<br \/>Gr\u00f6\u00dfenhinweis: Bequeme Passform<br \/>Schuhweite: Medium<br \/>\n<br \/>[ad_2]<\/p>\n","protected":false},"excerpt":{"rendered":"<p>Price: [price_with_discount](as of [price_update_date] &#8211; Details) [ad_1] Auf dem Spielplatz toben. Auf B\u00e4ume klettern. Die Welt im Sturm erobern. STORM ist daf\u00fcr der ideale Begleiter. Der super coole Sportsneaker ist<\/p>\n","protected":false},"featured_media":78431,"comment_status":"open","ping_status":"closed","template":"","meta":[],"product_cat":[230],"product_tag":[266],"class_list":{"0":"post-78430","1":"product","2":"type-product","3":"status-publish","4":"has-post-thumbnail","6":"product_cat-fashion","7":"product_tag-womens-fashion-sneakers","9":"first","10":"instock","11":"shipping-taxable","12":"product-type-external"},"aioseo_notices":[],"_links":{"self":[{"href":"https:\/\/topgetestet.de\/index.php?rest_route=\/wp\/v2\/product\/78430","targetHints":{"allow":["GET"]}}],"collection":[{"href":"https:\/\/topgetestet.de\/index.php?rest_route=\/wp\/v2\/product"}],"about":[{"href":"https:\/\/topgetestet.de\/index.php?rest_route=\/wp\/v2\/types\/product"}],"replies":[{"embeddable":true,"href":"https:\/\/topgetestet.de\/index.php?rest_route=%2Fwp%2Fv2%2Fcomments&post=78430"}],"wp:featuredmedia":[{"embeddable":true,"href":"https:\/\/topgetestet.de\/index.php?rest_route=\/wp\/v2\/media\/78431"}],"wp:attachment":[{"href":"https:\/\/topgetestet.de\/index.php?rest_route=%2Fwp%2Fv2%2Fmedia&parent=78430"}],"wp:term":[{"taxonomy":"product_cat","embeddable":true,"href":"https:\/\/topgetestet.de\/index.php?rest_route=%2Fwp%2Fv2%2Fproduct_cat&post=78430"},{"taxonomy":"product_tag","embeddable":true,"href":"https:\/\/topgetestet.de\/index.php?rest_route=%2Fwp%2Fv2%2Fproduct_tag&post=78430"}],"curies":[{"name":"wp","href":"https:\/\/api.w.org\/{rel}","templated":true}]}}