{"id":78230,"date":"2022-10-17T18:44:46","date_gmt":"2022-10-17T18:44:46","guid":{"rendered":"https:\/\/topgetestet.de\/?product=rieker-damen-sneaker-n32g0-frauen-schnurhalbschuhe"},"modified":"2022-10-17T18:44:46","modified_gmt":"2022-10-17T18:44:46","slug":"rieker-damen-sneaker-n32g0-frauen-schnurhalbschuhe","status":"publish","type":"product","link":"https:\/\/topgetestet.de\/?product=rieker-damen-sneaker-n32g0-frauen-schnurhalbschuhe","title":{"rendered":"Rieker Damen Sneaker N32G0, Frauen Schn\u00fcrhalbschuhe"},"content":{"rendered":"<p>Price: <span style=\"color:#b12704\">[price_with_discount]<\/span><br \/><i><small>(as of [price_update_date] &#8211; <span class=\"wp_automatic_amazon_disclaimer\" title=\"Product prices and availability are accurate as of the date\/time indicated and are subject to change. Any price and availability information displayed on [relevant Amazon Site(s), as applicable] at the time of purchase will apply to the purchase of this product.\">Details<\/span>)<\/small><\/i><\/p>\n<p><a href=\"https:\/\/amazon.de\/dp\/B09NC377LN?tag=topgetestet09-21\"><img decoding=\"async\" src=\"https:\/\/i.imgur.com\/ISRHEWs.png\"><\/a><br \/>\n[ad_1]<\/p>\n<p>       Produktbeschreibung des Herstellers <\/p>\n<p>             N32G0-60<br \/>\n             Rieker Slipper  <\/p>\n<p class=\"aplus-p2 aplus-module-1-description\"> Lieblingsschuhpotential! Diese l\u00e4ssigen Slipper mit weitem, schwarzem Schaft von Rieker sind gem\u00fctliche Begleiter auf all deinen Wegen. Durch den Rei\u00dfverschluss kann der Schuh ganz schnell angezogen werden. Die leichte und schockabsorbierende Profilsohle verspricht Trittsicherheit und die weiche Decksohle ist ein weiteres Plus. Da steht langen Spazierg\u00e4ngen nichts mehr im Weg. <\/p>\n<p>            <img decoding=\"async\" alt=\"N32G0-60\" src=\"https:\/\/images-na.ssl-images-amazon.com\/images\/G\/01\/x-locale\/common\/grey-pixel.gif\" class=\"a-lazy-loaded\" data-src=\"https:\/\/m.media-amazon.com\/images\/W\/IMAGERENDERING_521856-T2\/images\/S\/aplus-media-library-service-media\/0b862556-c2a4-46f1-a96b-efe5211be8ff.__CR0,0,800,600_PT0_SX800_V1___.jpg\"><\/p>\n<p>             <img decoding=\"async\" alt=\"N32G0-60\" src=\"https:\/\/m.media-amazon.com\/images\/W\/IMAGERENDERING_521856-T2\/images\/S\/aplus-media-library-service-media\/0b862556-c2a4-46f1-a96b-efe5211be8ff.__CR0,0,800,600_PT0_SX800_V1___.jpg\"><\/p>\n<p>            <img decoding=\"async\" alt=\"N32G0-60\" src=\"https:\/\/images-na.ssl-images-amazon.com\/images\/G\/01\/x-locale\/common\/grey-pixel.gif\" class=\"a-lazy-loaded\" data-src=\"https:\/\/m.media-amazon.com\/images\/W\/IMAGERENDERING_521856-T2\/images\/S\/aplus-media-library-service-media\/ac467a25-c590-4b65-8f63-237f644dd99f.__CR2,0,1464,600_PT0_SX1464_V1___.jpg\"><\/p>\n<p>             <img decoding=\"async\" alt=\"N32G0-60\" src=\"https:\/\/m.media-amazon.com\/images\/W\/IMAGERENDERING_521856-T2\/images\/S\/aplus-media-library-service-media\/ac467a25-c590-4b65-8f63-237f644dd99f.__CR2,0,1464,600_PT0_SX1464_V1___.jpg\"><\/p>\n<p>            <img decoding=\"async\" alt=\"N32G0-60\" src=\"https:\/\/images-na.ssl-images-amazon.com\/images\/G\/01\/x-locale\/common\/grey-pixel.gif\" class=\"a-lazy-loaded\" data-src=\"https:\/\/m.media-amazon.com\/images\/W\/IMAGERENDERING_521856-T2\/images\/S\/aplus-media-library-service-media\/92b194af-d0b5-41f5-8db2-c8fea712fb0a.__CR2,0,1464,600_PT0_SX1464_V1___.jpg\"><\/p>\n<p>             <img decoding=\"async\" alt=\"N32G0-60\" src=\"https:\/\/m.media-amazon.com\/images\/W\/IMAGERENDERING_521856-T2\/images\/S\/aplus-media-library-service-media\/92b194af-d0b5-41f5-8db2-c8fea712fb0a.__CR2,0,1464,600_PT0_SX1464_V1___.jpg\"><\/p>\n<p>            <img decoding=\"async\" alt=\"N32G0-60\" src=\"https:\/\/images-na.ssl-images-amazon.com\/images\/G\/01\/x-locale\/common\/grey-pixel.gif\" class=\"a-lazy-loaded\" data-src=\"https:\/\/m.media-amazon.com\/images\/W\/IMAGERENDERING_521856-T2\/images\/S\/aplus-media-library-service-media\/2cdbed00-3835-4e5a-bace-5b58b2f07ef7.__CR2,0,1464,600_PT0_SX1464_V1___.jpg\"><\/p>\n<p>             <img decoding=\"async\" alt=\"N32G0-60\" src=\"https:\/\/m.media-amazon.com\/images\/W\/IMAGERENDERING_521856-T2\/images\/S\/aplus-media-library-service-media\/2cdbed00-3835-4e5a-bace-5b58b2f07ef7.__CR2,0,1464,600_PT0_SX1464_V1___.jpg\"><\/p>\n<p>            <img decoding=\"async\" alt=\"N32G0-60\" src=\"https:\/\/images-na.ssl-images-amazon.com\/images\/G\/01\/x-locale\/common\/grey-pixel.gif\" class=\"a-lazy-loaded\" data-src=\"https:\/\/m.media-amazon.com\/images\/W\/IMAGERENDERING_521856-T2\/images\/S\/aplus-media-library-service-media\/0164f9e0-266b-45f9-9b40-a33c829ba29a.__CR2,0,1464,600_PT0_SX1464_V1___.jpg\"><\/p>\n<p>             <img decoding=\"async\" alt=\"N32G0-60\" src=\"https:\/\/m.media-amazon.com\/images\/W\/IMAGERENDERING_521856-T2\/images\/S\/aplus-media-library-service-media\/0164f9e0-266b-45f9-9b40-a33c829ba29a.__CR2,0,1464,600_PT0_SX1464_V1___.jpg\"><\/p>\n<p>            <img decoding=\"async\" alt=\"N32G0-60\" src=\"https:\/\/images-na.ssl-images-amazon.com\/images\/G\/01\/x-locale\/common\/grey-pixel.gif\" class=\"a-lazy-loaded\" data-src=\"https:\/\/m.media-amazon.com\/images\/W\/IMAGERENDERING_521856-T2\/images\/S\/aplus-media-library-service-media\/8b88bcc7-a461-424e-9f30-a17a8bfcc41e.__CR2,0,1464,600_PT0_SX1464_V1___.jpg\"><\/p>\n<p>             <img decoding=\"async\" alt=\"N32G0-60\" src=\"https:\/\/m.media-amazon.com\/images\/W\/IMAGERENDERING_521856-T2\/images\/S\/aplus-media-library-service-media\/8b88bcc7-a461-424e-9f30-a17a8bfcc41e.__CR2,0,1464,600_PT0_SX1464_V1___.jpg\"><\/p>\n<p>            <img decoding=\"async\" alt=\"N32G0-60\" src=\"https:\/\/images-na.ssl-images-amazon.com\/images\/G\/01\/x-locale\/common\/grey-pixel.gif\" class=\"a-lazy-loaded\" data-src=\"https:\/\/m.media-amazon.com\/images\/W\/IMAGERENDERING_521856-T2\/images\/S\/aplus-media-library-service-media\/ed2408d5-6370-4e11-b733-c48e3f4393d3.__CR2,0,1464,600_PT0_SX1464_V1___.jpg\"><\/p>\n<p>             <img decoding=\"async\" alt=\"N32G0-60\" src=\"https:\/\/m.media-amazon.com\/images\/W\/IMAGERENDERING_521856-T2\/images\/S\/aplus-media-library-service-media\/ed2408d5-6370-4e11-b733-c48e3f4393d3.__CR2,0,1464,600_PT0_SX1464_V1___.jpg\"><\/p>\n<p> Verpackungsabmessungen \u200f : \u200e  32.9 x 18.1 x 10.4 cm; 200 Gramm <br \/> Im Angebot von Amazon.de seit \u200f : \u200e  9. Dezember 2021 <br \/> Hersteller \u200f : \u200e  Rieker <br \/> ASIN \u200f : \u200e  B09NC2V9LK <br \/> Modellnummer \u200f : \u200e  N32G0 <br \/> Kategorie \u200f : \u200e  Damen <\/p>\n<p>[ad_2]<\/p>\n","protected":false},"excerpt":{"rendered":"<p>Price: [price_with_discount](as of [price_update_date] &#8211; Details) [ad_1] Produktbeschreibung des Herstellers N32G0-60 Rieker Slipper Lieblingsschuhpotential! Diese l\u00e4ssigen Slipper mit weitem, schwarzem Schaft von Rieker sind gem\u00fctliche Begleiter auf all deinen Wegen.<\/p>\n","protected":false},"featured_media":78231,"comment_status":"open","ping_status":"closed","template":"","meta":[],"product_cat":[230],"product_tag":[266],"class_list":{"0":"post-78230","1":"product","2":"type-product","3":"status-publish","4":"has-post-thumbnail","6":"product_cat-fashion","7":"product_tag-womens-fashion-sneakers","9":"first","10":"instock","11":"shipping-taxable","12":"product-type-external"},"aioseo_notices":[],"_links":{"self":[{"href":"https:\/\/topgetestet.de\/index.php?rest_route=\/wp\/v2\/product\/78230","targetHints":{"allow":["GET"]}}],"collection":[{"href":"https:\/\/topgetestet.de\/index.php?rest_route=\/wp\/v2\/product"}],"about":[{"href":"https:\/\/topgetestet.de\/index.php?rest_route=\/wp\/v2\/types\/product"}],"replies":[{"embeddable":true,"href":"https:\/\/topgetestet.de\/index.php?rest_route=%2Fwp%2Fv2%2Fcomments&post=78230"}],"wp:featuredmedia":[{"embeddable":true,"href":"https:\/\/topgetestet.de\/index.php?rest_route=\/wp\/v2\/media\/78231"}],"wp:attachment":[{"href":"https:\/\/topgetestet.de\/index.php?rest_route=%2Fwp%2Fv2%2Fmedia&parent=78230"}],"wp:term":[{"taxonomy":"product_cat","embeddable":true,"href":"https:\/\/topgetestet.de\/index.php?rest_route=%2Fwp%2Fv2%2Fproduct_cat&post=78230"},{"taxonomy":"product_tag","embeddable":true,"href":"https:\/\/topgetestet.de\/index.php?rest_route=%2Fwp%2Fv2%2Fproduct_tag&post=78230"}],"curies":[{"name":"wp","href":"https:\/\/api.w.org\/{rel}","templated":true}]}}