{"id":77940,"date":"2022-10-17T17:02:20","date_gmt":"2022-10-17T17:02:20","guid":{"rendered":"https:\/\/topgetestet.de\/?product=jana-damen-8-8-23715-28-sneaker"},"modified":"2022-10-17T17:02:20","modified_gmt":"2022-10-17T17:02:20","slug":"jana-damen-8-8-23715-28-sneaker","status":"publish","type":"product","link":"https:\/\/topgetestet.de\/?product=jana-damen-8-8-23715-28-sneaker","title":{"rendered":"Jana Damen 8-8-23715-28 Sneaker"},"content":{"rendered":"<p>Price: <span style=\"color:#b12704\">[price_with_discount]<\/span><br \/><i><small>(as of [price_update_date] &#8211; <span class=\"wp_automatic_amazon_disclaimer\" title=\"Product prices and availability are accurate as of the date\/time indicated and are subject to change. Any price and availability information displayed on [relevant Amazon Site(s), as applicable] at the time of purchase will apply to the purchase of this product.\">Details<\/span>)<\/small><\/i><\/p>\n<p><a href=\"https:\/\/amazon.de\/dp\/B097HN9QZD?tag=topgetestet09-21\"><img decoding=\"async\" src=\"https:\/\/i.imgur.com\/ISRHEWs.png\"><\/a><br \/>\n[ad_1]<br \/>\n <span>Jana Schuhe sind echte Allrounder: Die Kombination aus trendigen Designs und dem besonderen Relax Effect macht unsere Modelle zu den perfekten Begleitern! Weiche Materialien, flexible Sohlen, eine hochwertige Verarbeitung und perfekte Passformen sorgen f\u00fcr ein rundum Wohlf\u00fchlpaket! In unserem Sortiment findest auch du den passenden Schuh! Lass dich inspirieren von den Styles, die Bloggerinnen auf der ganzen Welt begeistern! Wusstest du schon? Wir verwerten t\u00e4glich entsorgte P.E.T.-Flaschen: Unser Futtermaterial besteht zu 50% aus recyceltem P.E.T.-Material. Damit m\u00f6chten wir Schritt f\u00fcr Schritt eine bessere Welt gestalten!<\/span> <br \/> Verpackungsabmessungen \u200f : \u200e  30.9 x 22 x 11.2 cm; 950 Gramm <br \/> Im Angebot von Amazon.de seit \u200f : \u200e  18. Juni 2021 <br \/> Hersteller \u200f : \u200e  Jana <br \/> ASIN \u200f : \u200e  B097HNLPJH <br \/> Modellnummer \u200f : \u200e  8-8-23715-28 <br \/> Kategorie \u200f : \u200e  Damen <\/p>\n<p>Innenmaterial: Textil<br \/>Sohle: Polyurethan<br \/>Verschluss: Schn\u00fcrung<br \/>Absatzh\u00f6he: 0.45 cm<br \/>Absatzform: Kein Absatz<br \/>Schuhweite: Weit<br \/>Nicht wasserfest<br \/>\n<br \/>[ad_2]<\/p>\n","protected":false},"excerpt":{"rendered":"<p>Price: [price_with_discount](as of [price_update_date] &#8211; Details) [ad_1] Jana Schuhe sind echte Allrounder: Die Kombination aus trendigen Designs und dem besonderen Relax Effect macht unsere Modelle zu den perfekten Begleitern! Weiche<\/p>\n","protected":false},"featured_media":77941,"comment_status":"open","ping_status":"closed","template":"","meta":[],"product_cat":[230],"product_tag":[266],"class_list":{"0":"post-77940","1":"product","2":"type-product","3":"status-publish","4":"has-post-thumbnail","6":"product_cat-fashion","7":"product_tag-womens-fashion-sneakers","9":"first","10":"instock","11":"shipping-taxable","12":"product-type-external"},"aioseo_notices":[],"_links":{"self":[{"href":"https:\/\/topgetestet.de\/index.php?rest_route=\/wp\/v2\/product\/77940","targetHints":{"allow":["GET"]}}],"collection":[{"href":"https:\/\/topgetestet.de\/index.php?rest_route=\/wp\/v2\/product"}],"about":[{"href":"https:\/\/topgetestet.de\/index.php?rest_route=\/wp\/v2\/types\/product"}],"replies":[{"embeddable":true,"href":"https:\/\/topgetestet.de\/index.php?rest_route=%2Fwp%2Fv2%2Fcomments&post=77940"}],"wp:featuredmedia":[{"embeddable":true,"href":"https:\/\/topgetestet.de\/index.php?rest_route=\/wp\/v2\/media\/77941"}],"wp:attachment":[{"href":"https:\/\/topgetestet.de\/index.php?rest_route=%2Fwp%2Fv2%2Fmedia&parent=77940"}],"wp:term":[{"taxonomy":"product_cat","embeddable":true,"href":"https:\/\/topgetestet.de\/index.php?rest_route=%2Fwp%2Fv2%2Fproduct_cat&post=77940"},{"taxonomy":"product_tag","embeddable":true,"href":"https:\/\/topgetestet.de\/index.php?rest_route=%2Fwp%2Fv2%2Fproduct_tag&post=77940"}],"curies":[{"name":"wp","href":"https:\/\/api.w.org\/{rel}","templated":true}]}}