{"id":77804,"date":"2022-10-17T16:16:55","date_gmt":"2022-10-17T16:16:55","guid":{"rendered":"https:\/\/topgetestet.de\/?product=sweet-smile-vibrator-vibrator-lila-80b"},"modified":"2022-10-17T16:16:55","modified_gmt":"2022-10-17T16:16:55","slug":"sweet-smile-vibrator-vibrator-lila-80b","status":"publish","type":"product","link":"https:\/\/topgetestet.de\/?product=sweet-smile-vibrator-vibrator-lila-80b","title":{"rendered":"Sweet Smile Vibrator Vibrator Lila 80B"},"content":{"rendered":"<p>Price: <span style=\"color:#b12704\">[price_with_discount]<\/span><br \/><i><small>(as of [price_update_date] &#8211; <span class=\"wp_automatic_amazon_disclaimer\" title=\"Product prices and availability are accurate as of the date\/time indicated and are subject to change. Any price and availability information displayed on [relevant Amazon Site(s), as applicable] at the time of purchase will apply to the purchase of this product.\">Details<\/span>)<\/small><\/i><\/p>\n<p><a href=\"https:\/\/amazon.de\/dp\/B09LJ26HYB?tag=topgetestet09-21\"><img decoding=\"async\" src=\"https:\/\/i.imgur.com\/ISRHEWs.png\"><\/a><br \/>\n[ad_1]<br \/>\n <span>Lustpunkt-Massager und Vibrator in einem! Beidseitig verwendbarer Double Vibrator von Sweet Smile f\u00fcr gezielte Lustpunkt-Stimulationen und Ganzk\u00f6rper- bzw. Intim-Massagen. Eine Seite mit kleinem flexiblem Kugelkopf sowie prickelnder Vibration in 10 Modi, andere Seite mit gebogenem Reizrillen-Schaft und flexiblem Kopf sowie Vibration in 7 Modi. Beide Vibrationsmotoren sind separat und bequem per Knopfdruck direkt am Toy steuerbar. Auch in feuchten Gefilden, da wasserdicht. Rundherum mit Soft Touch Textur \u00fcberzogen, sorgt der Vibrator beim Spielen und Verw\u00f6hnen f\u00fcr ein sehr angenehmes Hautgef\u00fchl. Wiederaufladbar \u2013 inklusive USB-Ladekabel. Gesamtl\u00e4nge 18,1 cm, Einf\u00fchrl\u00e4nge Kugelkopf 5 cm\/Schaft 9 cm, Kugelkopf max. 1 cm\/Schaft max. 3,2 cm. Gewicht 96 g. Silikon, PU, ABS.<\/span> <br \/>Zuverl\u00e4ssige Funktionalit\u00e4t<br \/>H\u00f6chste Hygienestandards<br \/>\n<br \/>[ad_2]<\/p>\n","protected":false},"excerpt":{"rendered":"<p>Price: [price_with_discount](as of [price_update_date] &#8211; Details) [ad_1] Lustpunkt-Massager und Vibrator in einem! Beidseitig verwendbarer Double Vibrator von Sweet Smile f\u00fcr gezielte Lustpunkt-Stimulationen und Ganzk\u00f6rper- bzw. Intim-Massagen. Eine Seite mit kleinem<\/p>\n","protected":false},"featured_media":77805,"comment_status":"open","ping_status":"closed","template":"","meta":[],"product_cat":[228],"product_tag":[237],"class_list":{"0":"post-77804","1":"product","2":"type-product","3":"status-publish","4":"has-post-thumbnail","6":"product_cat-beauty","7":"product_tag-personal-care","9":"first","10":"instock","11":"shipping-taxable","12":"product-type-external"},"aioseo_notices":[],"_links":{"self":[{"href":"https:\/\/topgetestet.de\/index.php?rest_route=\/wp\/v2\/product\/77804","targetHints":{"allow":["GET"]}}],"collection":[{"href":"https:\/\/topgetestet.de\/index.php?rest_route=\/wp\/v2\/product"}],"about":[{"href":"https:\/\/topgetestet.de\/index.php?rest_route=\/wp\/v2\/types\/product"}],"replies":[{"embeddable":true,"href":"https:\/\/topgetestet.de\/index.php?rest_route=%2Fwp%2Fv2%2Fcomments&post=77804"}],"wp:featuredmedia":[{"embeddable":true,"href":"https:\/\/topgetestet.de\/index.php?rest_route=\/wp\/v2\/media\/77805"}],"wp:attachment":[{"href":"https:\/\/topgetestet.de\/index.php?rest_route=%2Fwp%2Fv2%2Fmedia&parent=77804"}],"wp:term":[{"taxonomy":"product_cat","embeddable":true,"href":"https:\/\/topgetestet.de\/index.php?rest_route=%2Fwp%2Fv2%2Fproduct_cat&post=77804"},{"taxonomy":"product_tag","embeddable":true,"href":"https:\/\/topgetestet.de\/index.php?rest_route=%2Fwp%2Fv2%2Fproduct_tag&post=77804"}],"curies":[{"name":"wp","href":"https:\/\/api.w.org\/{rel}","templated":true}]}}