{"id":77758,"date":"2022-10-17T15:59:05","date_gmt":"2022-10-17T15:59:05","guid":{"rendered":"https:\/\/topgetestet.de\/?product=camel-active-damen-wind-sneaker"},"modified":"2022-10-17T15:59:05","modified_gmt":"2022-10-17T15:59:05","slug":"camel-active-damen-wind-sneaker","status":"publish","type":"product","link":"https:\/\/topgetestet.de\/?product=camel-active-damen-wind-sneaker","title":{"rendered":"camel active Damen Wind Sneaker"},"content":{"rendered":"<p>Price: <span style=\"color:#b12704\">[price_with_discount]<\/span><br \/><i><small>(as of [price_update_date] &#8211; <span class=\"wp_automatic_amazon_disclaimer\" title=\"Product prices and availability are accurate as of the date\/time indicated and are subject to change. Any price and availability information displayed on [relevant Amazon Site(s), as applicable] at the time of purchase will apply to the purchase of this product.\">Details<\/span>)<\/small><\/i><\/p>\n<p><a href=\"https:\/\/amazon.de\/dp\/B08FBH96TW?tag=topgetestet09-21\"><img decoding=\"async\" src=\"https:\/\/i.imgur.com\/ISRHEWs.png\"><\/a><br \/>\n[ad_1]<br \/>\n <span>Ein sportlicher Sneaker in Retro-Tennisstil, ideal f\u00fcr Bewegung im Freien. Das Obermaterial ist aus hochwertigem Leder in hochmodischer Farbkombination, geschn\u00fcrt wird mit besonders breiten Schn\u00fcrsenkeln. Die wei\u00dfe Sohle ist besonders leicht und rutschhemmend. Die Innensohle mit Recovery Foam aus Recyclingmaterial sorgt f\u00fcr einen angenehmen Tragekomfort.<\/span> <br \/> Verpackungsabmessungen \u200f : \u200e  31.1 x 22.8 x 10.9 cm; 930 Gramm <br \/> Im Angebot von Amazon.de seit \u200f : \u200e  5. August 2020 <br \/> Hersteller \u200f : \u200e  Camel Active <br \/> ASIN \u200f : \u200e  B08FBGTRB1 <br \/> Modellnummer \u200f : \u200e  22131858 <br \/> Kategorie \u200f : \u200e  Damen <\/p>\n<p>[ad_2]<\/p>\n","protected":false},"excerpt":{"rendered":"<p>Price: [price_with_discount](as of [price_update_date] &#8211; Details) [ad_1] Ein sportlicher Sneaker in Retro-Tennisstil, ideal f\u00fcr Bewegung im Freien. Das Obermaterial ist aus hochwertigem Leder in hochmodischer Farbkombination, geschn\u00fcrt wird mit besonders<\/p>\n","protected":false},"featured_media":77759,"comment_status":"open","ping_status":"closed","template":"","meta":[],"product_cat":[230],"product_tag":[266],"class_list":{"0":"post-77758","1":"product","2":"type-product","3":"status-publish","4":"has-post-thumbnail","6":"product_cat-fashion","7":"product_tag-womens-fashion-sneakers","9":"first","10":"instock","11":"shipping-taxable","12":"product-type-external"},"aioseo_notices":[],"_links":{"self":[{"href":"https:\/\/topgetestet.de\/index.php?rest_route=\/wp\/v2\/product\/77758","targetHints":{"allow":["GET"]}}],"collection":[{"href":"https:\/\/topgetestet.de\/index.php?rest_route=\/wp\/v2\/product"}],"about":[{"href":"https:\/\/topgetestet.de\/index.php?rest_route=\/wp\/v2\/types\/product"}],"replies":[{"embeddable":true,"href":"https:\/\/topgetestet.de\/index.php?rest_route=%2Fwp%2Fv2%2Fcomments&post=77758"}],"wp:featuredmedia":[{"embeddable":true,"href":"https:\/\/topgetestet.de\/index.php?rest_route=\/wp\/v2\/media\/77759"}],"wp:attachment":[{"href":"https:\/\/topgetestet.de\/index.php?rest_route=%2Fwp%2Fv2%2Fmedia&parent=77758"}],"wp:term":[{"taxonomy":"product_cat","embeddable":true,"href":"https:\/\/topgetestet.de\/index.php?rest_route=%2Fwp%2Fv2%2Fproduct_cat&post=77758"},{"taxonomy":"product_tag","embeddable":true,"href":"https:\/\/topgetestet.de\/index.php?rest_route=%2Fwp%2Fv2%2Fproduct_tag&post=77758"}],"curies":[{"name":"wp","href":"https:\/\/api.w.org\/{rel}","templated":true}]}}