{"id":77654,"date":"2022-10-17T14:49:25","date_gmt":"2022-10-17T14:49:25","guid":{"rendered":"https:\/\/topgetestet.de\/?product=elden-ring-playstation-4"},"modified":"2022-10-17T14:49:25","modified_gmt":"2022-10-17T14:49:25","slug":"elden-ring-playstation-4","status":"publish","type":"product","link":"https:\/\/topgetestet.de\/?product=elden-ring-playstation-4","title":{"rendered":"Elden Ring &#8211; PlayStation 4"},"content":{"rendered":"<p>Price: <span style=\"color:#b12704\">[price_with_discount]<\/span><br \/><i><small>(as of [price_update_date] &#8211; <span class=\"wp_automatic_amazon_disclaimer\" title=\"Product prices and availability are accurate as of the date\/time indicated and are subject to change. Any price and availability information displayed on [relevant Amazon Site(s), as applicable] at the time of purchase will apply to the purchase of this product.\">Details<\/span>)<\/small><\/i><\/p>\n<p><a href=\"https:\/\/amazon.de\/dp\/B07SPYK271?tag=topgetestet09-21\"><img decoding=\"async\" src=\"https:\/\/i.imgur.com\/ISRHEWs.png\"><\/a><br \/>\n[ad_1]<br \/>\n <span>Eine neue Welt von Hidetailka Miyazaki und George R. R. Martin <\/p>\n<p>ELDEN RING, entwickelt von FromSoftware, Inc. und BANDDAI NAMCO Entertainment Inc. ist eine Fantasy-Action-RPG-Abenteuerset in einer Welt, die von Hidetaka Miyazaki kreiert wurde \u2013 Sch\u00f6pfer der einflussreichen Videospielserie Dark Souls; und George R.R. Martin \u2013 Autor der New York Times Bestseller-Fantasy-Serie, A Song of Ice and Fire. Gefahr und Entdeckung lauern um jede Ecke im bisher gr\u00f6\u00dften Spiel von FromSoftware. <\/p>\n<p>HIDETAKA MIYAZAKI <br \/>Pr\u00e4sident und Game Director von FromSoftware Inc. Bekannt f\u00fcr die Regie von kritisch gefeierten Spielen in beliebten Franchises einschlie\u00dflich Armored Core und Dark Souls. <\/p>\n<p>George R. R. Martin <br \/>George R.R. Martin ist der meistverkaufte Autor von vielen Romanen, einschlie\u00dflich der beliebten Serie A Song of Ice and Fire \u2014 A Game of Thrones, A Clash of Kings, A Storm of Swords, A Feast For Crows und A Dance with Dragons. Als Schriftsteller-Produzent hat er an The Twilight Zone, Die Sch\u00f6ne und das Biest, sowie an verschiedenen Spielfilmen und Piloten gearbeitet, die nie hergestellt wurden.<\/span> <br \/> Sprache \u200f : \u200e  Englisch <br \/> Produktabmessungen \u200f : \u200e  16.8 x 13.5 x 1.3 cm; 68.04 Gramm <br \/> Erscheinungstermin \u200f : \u200e  25. Februar 2022 <br \/> ASIN \u200f : \u200e  B07SPYK271 <br \/> Modellnummer \u200f : \u200e  12246 <br \/> Herkunftsland \u200f : \u200e  Vereinigtes K\u00f6nigreich <\/p>\n<p>Gefahr und Entdeckung lauern um jede Ecke im bisher gr\u00f6\u00dften Spiel von FromSoftware<br \/>HIDETAKA MIYAZAKI: Pr\u00e4sident und Game Director of FromSoftware Inc. Bekannt f\u00fcr die Regie von kritisch gefeierten Spielen in beliebten Franchises einschlie\u00dflich Armored Core und Dark Souls<br \/>George R. R. Martin: Der #1 The New York Times Bestseller-Autor vieler Romane, einschlie\u00dflich der gefeierten Serie A Song of Ice and Fire \u2014 A Game of Thrones, A Clash of Kings, A Storm of Swords, A Feast For Crows und A Dance with Dragons<br \/>\n<br \/>[ad_2]<\/p>\n","protected":false},"excerpt":{"rendered":"<p>Price: [price_with_discount](as of [price_update_date] &#8211; Details) [ad_1] Eine neue Welt von Hidetailka Miyazaki und George R. R. Martin ELDEN RING, entwickelt von FromSoftware, Inc. und BANDDAI NAMCO Entertainment Inc. ist<\/p>\n","protected":false},"featured_media":77655,"comment_status":"open","ping_status":"closed","template":"","meta":[],"product_cat":[227],"product_tag":[261],"class_list":{"0":"post-77654","1":"product","2":"type-product","3":"status-publish","4":"has-post-thumbnail","6":"product_cat-gaming","7":"product_tag-playstation-legacy-games","9":"first","10":"instock","11":"shipping-taxable","12":"product-type-external"},"aioseo_notices":[],"_links":{"self":[{"href":"https:\/\/topgetestet.de\/index.php?rest_route=\/wp\/v2\/product\/77654","targetHints":{"allow":["GET"]}}],"collection":[{"href":"https:\/\/topgetestet.de\/index.php?rest_route=\/wp\/v2\/product"}],"about":[{"href":"https:\/\/topgetestet.de\/index.php?rest_route=\/wp\/v2\/types\/product"}],"replies":[{"embeddable":true,"href":"https:\/\/topgetestet.de\/index.php?rest_route=%2Fwp%2Fv2%2Fcomments&post=77654"}],"wp:featuredmedia":[{"embeddable":true,"href":"https:\/\/topgetestet.de\/index.php?rest_route=\/wp\/v2\/media\/77655"}],"wp:attachment":[{"href":"https:\/\/topgetestet.de\/index.php?rest_route=%2Fwp%2Fv2%2Fmedia&parent=77654"}],"wp:term":[{"taxonomy":"product_cat","embeddable":true,"href":"https:\/\/topgetestet.de\/index.php?rest_route=%2Fwp%2Fv2%2Fproduct_cat&post=77654"},{"taxonomy":"product_tag","embeddable":true,"href":"https:\/\/topgetestet.de\/index.php?rest_route=%2Fwp%2Fv2%2Fproduct_tag&post=77654"}],"curies":[{"name":"wp","href":"https:\/\/api.w.org\/{rel}","templated":true}]}}