{"id":7763,"date":"2022-09-05T22:04:17","date_gmt":"2022-09-05T22:04:17","guid":{"rendered":"https:\/\/topgetestet.de\/?product=adidas-herren-pants-tiro-tr-pnt-es"},"modified":"2022-09-05T22:04:17","modified_gmt":"2022-09-05T22:04:17","slug":"adidas-herren-pants-tiro-tr-pnt-es","status":"publish","type":"product","link":"https:\/\/topgetestet.de\/?product=adidas-herren-pants-tiro-tr-pnt-es","title":{"rendered":"adidas Herren Pants Tiro Tr PNT Es"},"content":{"rendered":"<p>Price: <span style=\"color:#b12704\">[price_with_discount]<\/span><br \/><i><small>(as of [price_update_date] &#8211; <span class=\"wp_automatic_amazon_disclaimer\" title=\"Product prices and availability are accurate as of the date\/time indicated and are subject to change. Any price and availability information displayed on [relevant Amazon Site(s), as applicable] at the time of purchase will apply to the purchase of this product.\">Details<\/span>)<\/small><\/i><\/p>\n<p><a href=\"https:\/\/amazon.de\/dp\/B09NYGYHNP?tag=topgetestet09-21\"><img decoding=\"async\" src=\"https:\/\/i.imgur.com\/ISRHEWs.png\"><\/a><br \/>\n[ad_1]<br \/>\n <span>Hart trainieren. Bleib ruhig. Diese Fu\u00dfballhose f\u00fcr Herren trotzt der Hitze dank des atmungsaktiven und schnell trocknenden Materials. Sie sind f\u00fcr eine eng anliegende Passform mit Mesh-Details f\u00fcr erh\u00f6hten Luftstrom ausgelegt.<\/span> <br \/> Verpackungsabmessungen \u200f : \u200e  33.3 x 24.1 x 9.5 cm; 290 Gramm <br \/> Im Angebot von Amazon.de seit \u200f : \u200e  21. Dezember 2021 <br \/> Hersteller \u200f : \u200e  Adidas <br \/> ASIN \u200f : \u200e  B09NYGWJ33 <br \/> Modellnummer \u200f : \u200e  H59991 <br \/> Kategorie \u200f : \u200e  Herren <\/p>\n<p>[ad_2]<\/p>\n","protected":false},"excerpt":{"rendered":"<p>Price: [price_with_discount](as of [price_update_date] &#8211; Details) [ad_1] Hart trainieren. Bleib ruhig. Diese Fu\u00dfballhose f\u00fcr Herren trotzt der Hitze dank des atmungsaktiven und schnell trocknenden Materials. Sie sind f\u00fcr eine eng<\/p>\n","protected":false},"featured_media":7764,"comment_status":"open","ping_status":"closed","template":"","meta":[],"product_cat":[231],"product_tag":[],"class_list":{"0":"post-7763","1":"product","2":"type-product","3":"status-publish","4":"has-post-thumbnail","6":"product_cat-mens-fashion","8":"first","9":"instock","10":"shipping-taxable","11":"product-type-external"},"aioseo_notices":[],"_links":{"self":[{"href":"https:\/\/topgetestet.de\/index.php?rest_route=\/wp\/v2\/product\/7763","targetHints":{"allow":["GET"]}}],"collection":[{"href":"https:\/\/topgetestet.de\/index.php?rest_route=\/wp\/v2\/product"}],"about":[{"href":"https:\/\/topgetestet.de\/index.php?rest_route=\/wp\/v2\/types\/product"}],"replies":[{"embeddable":true,"href":"https:\/\/topgetestet.de\/index.php?rest_route=%2Fwp%2Fv2%2Fcomments&post=7763"}],"wp:featuredmedia":[{"embeddable":true,"href":"https:\/\/topgetestet.de\/index.php?rest_route=\/wp\/v2\/media\/7764"}],"wp:attachment":[{"href":"https:\/\/topgetestet.de\/index.php?rest_route=%2Fwp%2Fv2%2Fmedia&parent=7763"}],"wp:term":[{"taxonomy":"product_cat","embeddable":true,"href":"https:\/\/topgetestet.de\/index.php?rest_route=%2Fwp%2Fv2%2Fproduct_cat&post=7763"},{"taxonomy":"product_tag","embeddable":true,"href":"https:\/\/topgetestet.de\/index.php?rest_route=%2Fwp%2Fv2%2Fproduct_tag&post=7763"}],"curies":[{"name":"wp","href":"https:\/\/api.w.org\/{rel}","templated":true}]}}