{"id":77592,"date":"2022-10-17T14:27:33","date_gmt":"2022-10-17T14:27:33","guid":{"rendered":"https:\/\/topgetestet.de\/?product=puma-damen-t-shirt-bh"},"modified":"2022-10-17T14:27:33","modified_gmt":"2022-10-17T14:27:33","slug":"puma-damen-t-shirt-bh","status":"publish","type":"product","link":"https:\/\/topgetestet.de\/?product=puma-damen-t-shirt-bh","title":{"rendered":"PUMA Damen T-Shirt-BH"},"content":{"rendered":"<p>Price: <span style=\"color:#b12704\">[price_with_discount]<\/span><br \/><i><small>(as of [price_update_date] &#8211; <span class=\"wp_automatic_amazon_disclaimer\" title=\"Product prices and availability are accurate as of the date\/time indicated and are subject to change. Any price and availability information displayed on [relevant Amazon Site(s), as applicable] at the time of purchase will apply to the purchase of this product.\">Details<\/span>)<\/small><\/i><\/p>\n<p><a href=\"https:\/\/amazon.de\/dp\/B084R3F15C?tag=topgetestet09-21\"><img decoding=\"async\" src=\"https:\/\/i.imgur.com\/ISRHEWs.png\"><\/a><br \/>\n[ad_1]<br \/>\n <span>Mit dem PUMA T-Shirt-BH f\u00fcr Damen im Einzelpack ist Komfort K\u00f6nig. Stilvolle Einfachheit, die dir die Freiheit gibt, es auf deine Weise zu tun. Das weiche Baumwoll-Modal-Stretch-Material garantiert ein sanftes Gef\u00fchl auf der Haut und die unterst\u00fctzenden B\u00fcgel verleihen Form und Kontur. Du gewinnst in jeder Hinsicht.<\/span> <br \/> Verpackungsabmessungen \u200f : \u200e  35.4 x 18.2 x 7 cm; 120 Gramm <br \/> Im Angebot von Amazon.de seit \u200f : \u200e  12. Februar 2020 <br \/> Hersteller \u200f : \u200e  Puma <br \/> ASIN \u200f : \u200e  B084R3BGW1 <br \/> Modellnummer \u200f : \u200e  604053001 <br \/> Kategorie \u200f : \u200e  Damen <\/p>\n<p>Unterst\u00fctzung durch B\u00fcgel<br \/>Verschluss: Pull On<br \/>57% Baumwolle, 38% Modal, 5% Elasthan<br \/>Modern<br \/>Pflegehinweis: Maschinenw\u00e4sche<br \/>Modellnummer: 604053001<br \/>Verstellbare Tr\u00e4ger<br \/>\n<br \/>[ad_2]<\/p>\n","protected":false},"excerpt":{"rendered":"<p>Price: [price_with_discount](as of [price_update_date] &#8211; Details) [ad_1] Mit dem PUMA T-Shirt-BH f\u00fcr Damen im Einzelpack ist Komfort K\u00f6nig. Stilvolle Einfachheit, die dir die Freiheit gibt, es auf deine Weise zu<\/p>\n","protected":false},"featured_media":77593,"comment_status":"open","ping_status":"closed","template":"","meta":[],"product_cat":[232],"product_tag":[],"class_list":{"0":"post-77592","1":"product","2":"type-product","3":"status-publish","4":"has-post-thumbnail","6":"product_cat-women-fashion","8":"first","9":"instock","10":"shipping-taxable","11":"product-type-external"},"aioseo_notices":[],"_links":{"self":[{"href":"https:\/\/topgetestet.de\/index.php?rest_route=\/wp\/v2\/product\/77592","targetHints":{"allow":["GET"]}}],"collection":[{"href":"https:\/\/topgetestet.de\/index.php?rest_route=\/wp\/v2\/product"}],"about":[{"href":"https:\/\/topgetestet.de\/index.php?rest_route=\/wp\/v2\/types\/product"}],"replies":[{"embeddable":true,"href":"https:\/\/topgetestet.de\/index.php?rest_route=%2Fwp%2Fv2%2Fcomments&post=77592"}],"wp:featuredmedia":[{"embeddable":true,"href":"https:\/\/topgetestet.de\/index.php?rest_route=\/wp\/v2\/media\/77593"}],"wp:attachment":[{"href":"https:\/\/topgetestet.de\/index.php?rest_route=%2Fwp%2Fv2%2Fmedia&parent=77592"}],"wp:term":[{"taxonomy":"product_cat","embeddable":true,"href":"https:\/\/topgetestet.de\/index.php?rest_route=%2Fwp%2Fv2%2Fproduct_cat&post=77592"},{"taxonomy":"product_tag","embeddable":true,"href":"https:\/\/topgetestet.de\/index.php?rest_route=%2Fwp%2Fv2%2Fproduct_tag&post=77592"}],"curies":[{"name":"wp","href":"https:\/\/api.w.org\/{rel}","templated":true}]}}