{"id":77356,"date":"2022-10-17T13:11:36","date_gmt":"2022-10-17T13:11:36","guid":{"rendered":"https:\/\/topgetestet.de\/?product=gore-wear-damen-isolierte-laufjacke-r5-gore-tex-infinium"},"modified":"2022-10-17T13:11:36","modified_gmt":"2022-10-17T13:11:36","slug":"gore-wear-damen-isolierte-laufjacke-r5-gore-tex-infinium","status":"publish","type":"product","link":"https:\/\/topgetestet.de\/?product=gore-wear-damen-isolierte-laufjacke-r5-gore-tex-infinium","title":{"rendered":"GORE WEAR Damen Isolierte Laufjacke, R5, GORE-TEX INFINIUM"},"content":{"rendered":"<p>Price: <span style=\"color:#b12704\">[price_with_discount]<\/span><br \/><i><small>(as of [price_update_date] &#8211; <span class=\"wp_automatic_amazon_disclaimer\" title=\"Product prices and availability are accurate as of the date\/time indicated and are subject to change. Any price and availability information displayed on [relevant Amazon Site(s), as applicable] at the time of purchase will apply to the purchase of this product.\">Details<\/span>)<\/small><\/i><\/p>\n<p><a href=\"https:\/\/amazon.de\/dp\/B000KDW4G0?tag=topgetestet09-21\"><img decoding=\"async\" src=\"https:\/\/i.imgur.com\/ISRHEWs.png\"><\/a><br \/>\n[ad_1]<br \/>\n <span>Superleichter Schutz vor Wind und K\u00e4lte mit atmungsaktiver, schnell trocknender POLARTEC ALPHA Isolation. Das transparente Material auf der Au\u00dfenseite mit WINDSTOPPER\u00ae Innenfutter sorgt f\u00fcr einen markanten Look und ein flie\u00dfendes Tragegef\u00fchl und macht einen zus\u00e4tzlichen Midlayer \u00fcberfl\u00fcssig. F\u00fcr Athleten, die eine superleichte Jacke f\u00fcr kalte Tage suchen.<\/span> <br \/> Verpackungsabmessungen \u200f : \u200e  32.9 x 30.8 x 4.2 cm; 218 Gramm <br \/> Im Angebot von Amazon.de seit \u200f : \u200e  2. M\u00e4rz 2020 <br \/> Hersteller \u200f : \u200e  Gore Wear <br \/> ASIN \u200f : \u200e  B000KDU3P4 <br \/> Modellnummer \u200f : \u200e  100666 <br \/> Kategorie \u200f : \u200e  Damen <\/p>\n<p>[ad_2]<\/p>\n","protected":false},"excerpt":{"rendered":"<p>Price: [price_with_discount](as of [price_update_date] &#8211; Details) [ad_1] Superleichter Schutz vor Wind und K\u00e4lte mit atmungsaktiver, schnell trocknender POLARTEC ALPHA Isolation. Das transparente Material auf der Au\u00dfenseite mit WINDSTOPPER\u00ae Innenfutter sorgt<\/p>\n","protected":false},"featured_media":77357,"comment_status":"open","ping_status":"closed","template":"","meta":[],"product_cat":[232],"product_tag":[],"class_list":{"0":"post-77356","1":"product","2":"type-product","3":"status-publish","4":"has-post-thumbnail","6":"product_cat-women-fashion","8":"first","9":"instock","10":"shipping-taxable","11":"product-type-external"},"aioseo_notices":[],"_links":{"self":[{"href":"https:\/\/topgetestet.de\/index.php?rest_route=\/wp\/v2\/product\/77356","targetHints":{"allow":["GET"]}}],"collection":[{"href":"https:\/\/topgetestet.de\/index.php?rest_route=\/wp\/v2\/product"}],"about":[{"href":"https:\/\/topgetestet.de\/index.php?rest_route=\/wp\/v2\/types\/product"}],"replies":[{"embeddable":true,"href":"https:\/\/topgetestet.de\/index.php?rest_route=%2Fwp%2Fv2%2Fcomments&post=77356"}],"wp:featuredmedia":[{"embeddable":true,"href":"https:\/\/topgetestet.de\/index.php?rest_route=\/wp\/v2\/media\/77357"}],"wp:attachment":[{"href":"https:\/\/topgetestet.de\/index.php?rest_route=%2Fwp%2Fv2%2Fmedia&parent=77356"}],"wp:term":[{"taxonomy":"product_cat","embeddable":true,"href":"https:\/\/topgetestet.de\/index.php?rest_route=%2Fwp%2Fv2%2Fproduct_cat&post=77356"},{"taxonomy":"product_tag","embeddable":true,"href":"https:\/\/topgetestet.de\/index.php?rest_route=%2Fwp%2Fv2%2Fproduct_tag&post=77356"}],"curies":[{"name":"wp","href":"https:\/\/api.w.org\/{rel}","templated":true}]}}