{"id":77227,"date":"2022-10-17T12:13:13","date_gmt":"2022-10-17T12:13:13","guid":{"rendered":"https:\/\/topgetestet.de\/?product=vaude-womens-freney-hybrid-vest-iv-isolationsweste-damen-3"},"modified":"2022-10-17T12:13:13","modified_gmt":"2022-10-17T12:13:13","slug":"vaude-womens-freney-hybrid-vest-iv-isolationsweste-damen-3","status":"publish","type":"product","link":"https:\/\/topgetestet.de\/?product=vaude-womens-freney-hybrid-vest-iv-isolationsweste-damen-3","title":{"rendered":"VAUDE Women&#8217;s Freney Hybrid Vest IV &#8211; Isolationsweste Damen"},"content":{"rendered":"<p>Price: <span style=\"color:#b12704\">[price_with_discount]<\/span><br \/><i><small>(as of [price_update_date] &#8211; <span class=\"wp_automatic_amazon_disclaimer\" title=\"Product prices and availability are accurate as of the date\/time indicated and are subject to change. Any price and availability information displayed on [relevant Amazon Site(s), as applicable] at the time of purchase will apply to the purchase of this product.\">Details<\/span>)<\/small><\/i><\/p>\n<p><a href=\"https:\/\/amazon.de\/dp\/B09JT1D92D?tag=topgetestet09-21\"><img decoding=\"async\" src=\"https:\/\/i.imgur.com\/ISRHEWs.png\"><\/a><br \/>\n[ad_1]<br \/>\n <span>K\u00f6rpernah geschnittene, leichte Funktionsweste f\u00fcr viele Outdoor-Eins\u00e4tze: Die Freney Hybrid Weste f\u00fcr Damen. Sie ist mit wasserabweisenden Kunstfasern aus recyceltem Polyester (PrimaLoft Silver Insulation Eco) wattiert und h\u00e4lt auch in feuchtem Zustand zuverl\u00e4ssig warm. F\u00fcr eine perfekte Passform und f\u00fcr optimale Bewegungsfreiheit sorgen die elastischen Eins\u00e4tze an den Seiten. Das bluesign zertifizierte Nylon-Au\u00dfenmaterial ist abriebfest und wurde mit dem umweltfreundlichen Eco Finish wasserabweisend impr\u00e4gniert. Eine vielseitige Isolationsweste f\u00fcr viele Bergtouren, mit Rei\u00dfverschluss-Eingrifftaschen und einer wattierten Kapuze. Das VAUDE Green Shape-Label steht f\u00fcr ein umweltfreundliches, funktionelles Produkt aus nachhaltigen Materialien.<\/span> <br \/> Verpackungsabmessungen \u200f : \u200e  35 x 35 x 35 cm; 350 Gramm <br \/> Im Angebot von Amazon.de seit \u200f : \u200e  19. Oktober 2021 <br \/> Hersteller \u200f : \u200e  Vaude <br \/> ASIN \u200f : \u200e  B09JT27T1F <br \/> Modellnummer \u200f : \u200e  422982550340 <br \/> Kategorie \u200f : \u200e  Damen <\/p>\n<p>Wasserabweisend und w\u00e4rmend: Sie ist mit wasserabweisenden Kunstfasern aus recyceltem Polyester (PrimaLoft Silver Insulation Eco) wattiert und h\u00e4lt auch in feuchtem Zustand zuverl\u00e4ssig warm<br \/>Verschluss: Rei\u00dfverschluss<br \/>100% Polyamid<br \/>Weste<br \/>Pflegehinweis: Maschinenw\u00e4sche<br \/>Modellnummer: 422982550340<br \/>\n<br \/>[ad_2]<\/p>\n","protected":false},"excerpt":{"rendered":"<p>Price: [price_with_discount](as of [price_update_date] &#8211; Details) [ad_1] K\u00f6rpernah geschnittene, leichte Funktionsweste f\u00fcr viele Outdoor-Eins\u00e4tze: Die Freney Hybrid Weste f\u00fcr Damen. Sie ist mit wasserabweisenden Kunstfasern aus recyceltem Polyester (PrimaLoft Silver<\/p>\n","protected":false},"featured_media":77228,"comment_status":"open","ping_status":"closed","template":"","meta":[],"product_cat":[232],"product_tag":[],"class_list":{"0":"post-77227","1":"product","2":"type-product","3":"status-publish","4":"has-post-thumbnail","6":"product_cat-women-fashion","8":"first","9":"instock","10":"shipping-taxable","11":"product-type-external"},"aioseo_notices":[],"_links":{"self":[{"href":"https:\/\/topgetestet.de\/index.php?rest_route=\/wp\/v2\/product\/77227","targetHints":{"allow":["GET"]}}],"collection":[{"href":"https:\/\/topgetestet.de\/index.php?rest_route=\/wp\/v2\/product"}],"about":[{"href":"https:\/\/topgetestet.de\/index.php?rest_route=\/wp\/v2\/types\/product"}],"replies":[{"embeddable":true,"href":"https:\/\/topgetestet.de\/index.php?rest_route=%2Fwp%2Fv2%2Fcomments&post=77227"}],"wp:featuredmedia":[{"embeddable":true,"href":"https:\/\/topgetestet.de\/index.php?rest_route=\/wp\/v2\/media\/77228"}],"wp:attachment":[{"href":"https:\/\/topgetestet.de\/index.php?rest_route=%2Fwp%2Fv2%2Fmedia&parent=77227"}],"wp:term":[{"taxonomy":"product_cat","embeddable":true,"href":"https:\/\/topgetestet.de\/index.php?rest_route=%2Fwp%2Fv2%2Fproduct_cat&post=77227"},{"taxonomy":"product_tag","embeddable":true,"href":"https:\/\/topgetestet.de\/index.php?rest_route=%2Fwp%2Fv2%2Fproduct_tag&post=77227"}],"curies":[{"name":"wp","href":"https:\/\/api.w.org\/{rel}","templated":true}]}}