{"id":77038,"date":"2022-10-17T10:53:26","date_gmt":"2022-10-17T10:53:26","guid":{"rendered":"https:\/\/topgetestet.de\/?product=sloggi-damen-24-7-weekend-holiday-tanga-c3p-unterwasche"},"modified":"2022-10-17T10:53:26","modified_gmt":"2022-10-17T10:53:26","slug":"sloggi-damen-24-7-weekend-holiday-tanga-c3p-unterwasche","status":"publish","type":"product","link":"https:\/\/topgetestet.de\/?product=sloggi-damen-24-7-weekend-holiday-tanga-c3p-unterwasche","title":{"rendered":"sloggi Damen 24\/7 Weekend Holiday Tanga C3P Unterw\u00e4sche"},"content":{"rendered":"<p>Price: <span style=\"color:#b12704\">[price_with_discount]<\/span><br \/><i><small>(as of [price_update_date] &#8211; <span class=\"wp_automatic_amazon_disclaimer\" title=\"Product prices and availability are accurate as of the date\/time indicated and are subject to change. Any price and availability information displayed on [relevant Amazon Site(s), as applicable] at the time of purchase will apply to the purchase of this product.\">Details<\/span>)<\/small><\/i><\/p>\n<p><a href=\"https:\/\/amazon.de\/dp\/B093LGPSTX?tag=topgetestet09-21\"><img decoding=\"async\" src=\"https:\/\/i.imgur.com\/ISRHEWs.png\"><\/a><br \/>\n[ad_1]<\/p>\n<p>       Produktbeschreibung des Herstellers <\/p>\n<p>              <img decoding=\"async\" alt=\"blau neutral\" src=\"https:\/\/images-na.ssl-images-amazon.com\/images\/G\/01\/x-locale\/common\/grey-pixel.gif\" class=\"a-lazy-loaded\" data-src=\"https:\/\/m.media-amazon.com\/images\/S\/aplus-media-library-service-media\/ab3cb196-c961-4029-abdf-dfdfdbe4541d.__CR0,0,970,300_PT0_SX970_V1___.jpg\"><\/p>\n<p>               <img decoding=\"async\" alt=\"blau neutral\" src=\"https:\/\/m.media-amazon.com\/images\/S\/aplus-media-library-service-media\/ab3cb196-c961-4029-abdf-dfdfdbe4541d.__CR0,0,970,300_PT0_SX970_V1___.jpg\"><\/p>\n<p>          <img decoding=\"async\" alt=\"sloggi\" src=\"https:\/\/images-na.ssl-images-amazon.com\/images\/G\/01\/x-locale\/common\/grey-pixel.gif\" class=\"a-spacing-base a-lazy-loaded\" data-src=\"https:\/\/m.media-amazon.com\/images\/S\/aplus-media\/vc\/1990d02b-5067-4996-a24b-1968f085ef85.__CR0,0,970,600_PT0_SX970_V1___.png\"><\/p>\n<p>           <img decoding=\"async\" alt=\"sloggi\" src=\"https:\/\/m.media-amazon.com\/images\/S\/aplus-media\/vc\/1990d02b-5067-4996-a24b-1968f085ef85.__CR0,0,970,600_PT0_SX970_V1___.png\"><\/p>\n<h3 class=\"a-spacing-mini\"> Herrlich weiche Wohlf\u00fchlslips! <\/h3>\n<p class=\"a-spacing-base\"> Die Kombination aus nat\u00fcrlich weicher Baumwolle mit hochwertigem Lycra: sorgt f\u00fcr perfekte Passform und ein komfortables Tragegef\u00fchl. Feine Spitzeneins\u00e4tze an Taille \u2013 und Beinabschlu\u00df setzen modische Akzente. Alle N\u00e4hte sind besonders soft und extra flach verarbeitet. <\/p>\n<p class=\"a-spacing-base\"> Die Serie bietet eine gro\u00dfe Auswahl an Schnittformen und modischen Farbkombinationen und ist der ideale Begleiter f\u00fcr jeden Tag! <\/p>\n<p>                 Produktart<br \/>\n                 Bedeckender Hipster<br \/>\n                 Klassischer Tai<br \/>\n                 Knapp geschnittener Tanga   <\/p>\n<p>                 Verf\u00fcgbare Farben<br \/>\n                 Black Combination, White-light Combination<br \/>\n                 Black Combination, White-light Combination<br \/>\n                 Black Combination, White-light Combination   <\/p>\n<p>                 Verf\u00fcgbare Gr\u00f6\u00dfen<br \/>\n                 36-44<br \/>\n                 38-46<br \/>\n                 38-42   <\/p>\n<p>                 Material<br \/>\n                 95% Baumwolle, 5% Elastan<br \/>\n                 95% Baumwolle, 5% Elastan<br \/>\n                 95% Baumwolle, 5% Elastan   <\/p>\n<p>[ad_2]<\/p>\n","protected":false},"excerpt":{"rendered":"<p>Price: [price_with_discount](as of [price_update_date] &#8211; Details) [ad_1] Produktbeschreibung des Herstellers Herrlich weiche Wohlf\u00fchlslips! Die Kombination aus nat\u00fcrlich weicher Baumwolle mit hochwertigem Lycra: sorgt f\u00fcr perfekte Passform und ein komfortables Tragegef\u00fchl.<\/p>\n","protected":false},"featured_media":77039,"comment_status":"open","ping_status":"closed","template":"","meta":[],"product_cat":[232],"product_tag":[],"class_list":{"0":"post-77038","1":"product","2":"type-product","3":"status-publish","4":"has-post-thumbnail","6":"product_cat-women-fashion","8":"first","9":"instock","10":"shipping-taxable","11":"product-type-external"},"aioseo_notices":[],"_links":{"self":[{"href":"https:\/\/topgetestet.de\/index.php?rest_route=\/wp\/v2\/product\/77038","targetHints":{"allow":["GET"]}}],"collection":[{"href":"https:\/\/topgetestet.de\/index.php?rest_route=\/wp\/v2\/product"}],"about":[{"href":"https:\/\/topgetestet.de\/index.php?rest_route=\/wp\/v2\/types\/product"}],"replies":[{"embeddable":true,"href":"https:\/\/topgetestet.de\/index.php?rest_route=%2Fwp%2Fv2%2Fcomments&post=77038"}],"wp:featuredmedia":[{"embeddable":true,"href":"https:\/\/topgetestet.de\/index.php?rest_route=\/wp\/v2\/media\/77039"}],"wp:attachment":[{"href":"https:\/\/topgetestet.de\/index.php?rest_route=%2Fwp%2Fv2%2Fmedia&parent=77038"}],"wp:term":[{"taxonomy":"product_cat","embeddable":true,"href":"https:\/\/topgetestet.de\/index.php?rest_route=%2Fwp%2Fv2%2Fproduct_cat&post=77038"},{"taxonomy":"product_tag","embeddable":true,"href":"https:\/\/topgetestet.de\/index.php?rest_route=%2Fwp%2Fv2%2Fproduct_tag&post=77038"}],"curies":[{"name":"wp","href":"https:\/\/api.w.org\/{rel}","templated":true}]}}