{"id":76988,"date":"2022-10-17T10:42:33","date_gmt":"2022-10-17T10:42:33","guid":{"rendered":"https:\/\/topgetestet.de\/?product=amazon-basics-laptop-hulle-mit-frontfach-38-cm-grau"},"modified":"2022-10-17T10:42:33","modified_gmt":"2022-10-17T10:42:33","slug":"amazon-basics-laptop-hulle-mit-frontfach-38-cm-grau","status":"publish","type":"product","link":"https:\/\/topgetestet.de\/?product=amazon-basics-laptop-hulle-mit-frontfach-38-cm-grau","title":{"rendered":"Amazon Basics \u2013 Laptop-H\u00fclle mit Frontfach, 38 cm, grau"},"content":{"rendered":"<p>Price: <span style=\"color:#b12704\">[price_with_discount]<\/span><br \/><i><small>(as of [price_update_date] &#8211; <span class=\"wp_automatic_amazon_disclaimer\" title=\"Product prices and availability are accurate as of the date\/time indicated and are subject to change. Any price and availability information displayed on [relevant Amazon Site(s), as applicable] at the time of purchase will apply to the purchase of this product.\">Details<\/span>)<\/small><\/i><\/p>\n<p><a href=\"https:\/\/amazon.de\/dp\/B07JGWKYKX?tag=topgetestet09-21\"><img decoding=\"async\" src=\"https:\/\/i.imgur.com\/ISRHEWs.png\"><\/a><br \/>\n[ad_1]<br \/>\n Um die Gesamtbewertung der Sterne und die prozentuale Aufschl\u00fcsselung nach Sternen zu berechnen, verwenden wir keinen einfachen Durchschnitt. Stattdessen ber\u00fccksichtigt unser System beispielsweise, wie aktuell eine Bewertung ist und ob der Pr\u00fcfer den Artikel bei Amazon gekauft hat. Es wurden auch Bewertungen analysiert, um die Vertrauensw\u00fcrdigkeit zu \u00fcberpr\u00fcfen. <br \/>38 cm gro\u00dfe, universelle, gepolsterte, passgenaue H\u00fclle<br \/>Kompatibel mit den meisten Tablets mit 9,7 Zoll (24,64 cm)\/ 10 Zoll (25,4 cm), wie dem iPad und Samsung Galaxy Tab<br \/>In das Rei\u00dfverschlussfach an der Vorderseite passen gut ein Telefon oder anderes Zubeh\u00f6r<br \/>Strapazierf\u00e4higes und wasserabweisendes Material<br \/>Innenma\u00dfe: 41,3 cm\u00a0x\u00a029,2\u00a0cm x\u00a01,9\u00a0cm (L\u00a0x\u00a0B\u00a0x\u00a0H), Au\u00dfenma\u00dfe: 42 cm x 30 cm x 24 cm (L x B x H)<br \/>\n<br \/>[ad_2]<\/p>\n","protected":false},"excerpt":{"rendered":"<p>Price: [price_with_discount](as of [price_update_date] &#8211; Details) [ad_1] Um die Gesamtbewertung der Sterne und die prozentuale Aufschl\u00fcsselung nach Sternen zu berechnen, verwenden wir keinen einfachen Durchschnitt. Stattdessen ber\u00fccksichtigt unser System beispielsweise,<\/p>\n","protected":false},"featured_media":76989,"comment_status":"open","ping_status":"closed","template":"","meta":[],"product_cat":[225],"product_tag":[],"class_list":{"0":"post-76988","1":"product","2":"type-product","3":"status-publish","4":"has-post-thumbnail","6":"product_cat-electronics","8":"first","9":"instock","10":"shipping-taxable","11":"product-type-external"},"aioseo_notices":[],"_links":{"self":[{"href":"https:\/\/topgetestet.de\/index.php?rest_route=\/wp\/v2\/product\/76988","targetHints":{"allow":["GET"]}}],"collection":[{"href":"https:\/\/topgetestet.de\/index.php?rest_route=\/wp\/v2\/product"}],"about":[{"href":"https:\/\/topgetestet.de\/index.php?rest_route=\/wp\/v2\/types\/product"}],"replies":[{"embeddable":true,"href":"https:\/\/topgetestet.de\/index.php?rest_route=%2Fwp%2Fv2%2Fcomments&post=76988"}],"wp:featuredmedia":[{"embeddable":true,"href":"https:\/\/topgetestet.de\/index.php?rest_route=\/wp\/v2\/media\/76989"}],"wp:attachment":[{"href":"https:\/\/topgetestet.de\/index.php?rest_route=%2Fwp%2Fv2%2Fmedia&parent=76988"}],"wp:term":[{"taxonomy":"product_cat","embeddable":true,"href":"https:\/\/topgetestet.de\/index.php?rest_route=%2Fwp%2Fv2%2Fproduct_cat&post=76988"},{"taxonomy":"product_tag","embeddable":true,"href":"https:\/\/topgetestet.de\/index.php?rest_route=%2Fwp%2Fv2%2Fproduct_tag&post=76988"}],"curies":[{"name":"wp","href":"https:\/\/api.w.org\/{rel}","templated":true}]}}