{"id":76895,"date":"2022-10-17T10:29:55","date_gmt":"2022-10-17T10:29:55","guid":{"rendered":"https:\/\/topgetestet.de\/?product=champion-herren-powerblend-fleece-offener-unterseite-hose-5"},"modified":"2022-10-17T10:29:55","modified_gmt":"2022-10-17T10:29:55","slug":"champion-herren-powerblend-fleece-offener-unterseite-hose-5","status":"publish","type":"product","link":"https:\/\/topgetestet.de\/?product=champion-herren-powerblend-fleece-offener-unterseite-hose-5","title":{"rendered":"Champion Herren Powerblend Fleece Offener Unterseite Hose"},"content":{"rendered":"<p>Price: <span style=\"color:#b12704\">[price_with_discount]<\/span><br \/><i><small>(as of [price_update_date] &#8211; <span class=\"wp_automatic_amazon_disclaimer\" title=\"Product prices and availability are accurate as of the date\/time indicated and are subject to change. Any price and availability information displayed on [relevant Amazon Site(s), as applicable] at the time of purchase will apply to the purchase of this product.\">Details<\/span>)<\/small><\/i><\/p>\n<p><a href=\"https:\/\/amazon.de\/dp\/B01IE1NU5S?tag=topgetestet09-21\"><img decoding=\"async\" src=\"https:\/\/i.imgur.com\/ISRHEWs.png\"><\/a><br \/>\n[ad_1]<br \/>\n <span>Genau das richtige Gewicht zum Aufw\u00e4rmen oder wenn Sie nach dem Fitnessstudio zur\u00fccksetzen m\u00f6chten. Unsere mittelschwere Champion Powerblend Sweatpants mit offenem Boden bietet das Beste aus W\u00e4rme und Haltbarkeit, ohne das Gewicht. Au\u00dfergew\u00f6hnlich weich, resistent gegen Kn\u00f6tchenbildung und Schrumpfung, sodass sie ihre tolle Passform und Komfort beibehalten, egal wie hart Sie spielen. Der saubere, offene Saum am unteren Saum optimiert Ihren Look mit T-Shirts und Sweatshirts, plus tiefe Seitentaschen verstauen Ihr Handy und wichtige Dinge. Teil unserer Champion Made Initiative, umweltfreundliches Powerblend Fleece ist aus r\u00fcckverfolgbarer Baumwolle hergestellt und ben\u00f6tigt 2-5 mal weniger Wasser. Noch besser, wir verwenden bis zu 10% recycelte Polyesterfasern, was hilft, recycelte Plastikflaschen von Deponien fernzuhalten.<\/span> <br \/> Auslaufartikel (Produktion durch Hersteller eingestellt) \u200f : \u200e  Nein <br \/> Produktabmessungen \u200f : \u200e  33.02 x 20.32 x 2.54 cm; 181.44 Gramm <br \/> Im Angebot von Amazon.de seit \u200f : \u200e  8. M\u00e4rz 2017 <br \/> Hersteller \u200f : \u200e  Champion Men&#8217;s Athletic <br \/> ASIN \u200f : \u200e  B01IE1OJQM <br \/> Modellnummer \u200f : \u200e  P0893 <br \/> Kategorie \u200f : \u200e  Herren <\/p>\n<p>[ad_2]<\/p>\n","protected":false},"excerpt":{"rendered":"<p>Price: [price_with_discount](as of [price_update_date] &#8211; Details) [ad_1] Genau das richtige Gewicht zum Aufw\u00e4rmen oder wenn Sie nach dem Fitnessstudio zur\u00fccksetzen m\u00f6chten. Unsere mittelschwere Champion Powerblend Sweatpants mit offenem Boden bietet<\/p>\n","protected":false},"featured_media":76896,"comment_status":"open","ping_status":"closed","template":"","meta":[],"product_cat":[231],"product_tag":[],"class_list":{"0":"post-76895","1":"product","2":"type-product","3":"status-publish","4":"has-post-thumbnail","6":"product_cat-mens-fashion","8":"first","9":"instock","10":"shipping-taxable","11":"product-type-external"},"aioseo_notices":[],"_links":{"self":[{"href":"https:\/\/topgetestet.de\/index.php?rest_route=\/wp\/v2\/product\/76895","targetHints":{"allow":["GET"]}}],"collection":[{"href":"https:\/\/topgetestet.de\/index.php?rest_route=\/wp\/v2\/product"}],"about":[{"href":"https:\/\/topgetestet.de\/index.php?rest_route=\/wp\/v2\/types\/product"}],"replies":[{"embeddable":true,"href":"https:\/\/topgetestet.de\/index.php?rest_route=%2Fwp%2Fv2%2Fcomments&post=76895"}],"wp:featuredmedia":[{"embeddable":true,"href":"https:\/\/topgetestet.de\/index.php?rest_route=\/wp\/v2\/media\/76896"}],"wp:attachment":[{"href":"https:\/\/topgetestet.de\/index.php?rest_route=%2Fwp%2Fv2%2Fmedia&parent=76895"}],"wp:term":[{"taxonomy":"product_cat","embeddable":true,"href":"https:\/\/topgetestet.de\/index.php?rest_route=%2Fwp%2Fv2%2Fproduct_cat&post=76895"},{"taxonomy":"product_tag","embeddable":true,"href":"https:\/\/topgetestet.de\/index.php?rest_route=%2Fwp%2Fv2%2Fproduct_tag&post=76895"}],"curies":[{"name":"wp","href":"https:\/\/api.w.org\/{rel}","templated":true}]}}