{"id":76845,"date":"2022-10-17T10:16:31","date_gmt":"2022-10-17T10:16:31","guid":{"rendered":"https:\/\/topgetestet.de\/?product=nike-damen-wmns-air-max-90-traillaufschuhe-2"},"modified":"2022-10-17T10:16:31","modified_gmt":"2022-10-17T10:16:31","slug":"nike-damen-wmns-air-max-90-traillaufschuhe-2","status":"publish","type":"product","link":"https:\/\/topgetestet.de\/?product=nike-damen-wmns-air-max-90-traillaufschuhe-2","title":{"rendered":"Nike Damen WMNS Air Max 90 Traillaufschuhe"},"content":{"rendered":"<p>Price: <span style=\"color:#b12704\">[price_with_discount]<\/span><br \/><i><small>(as of [price_update_date] &#8211; <span class=\"wp_automatic_amazon_disclaimer\" title=\"Product prices and availability are accurate as of the date\/time indicated and are subject to change. Any price and availability information displayed on [relevant Amazon Site(s), as applicable] at the time of purchase will apply to the purchase of this product.\">Details<\/span>)<\/small><\/i><\/p>\n<p><a href=\"https:\/\/amazon.de\/dp\/B08THNP59V?tag=topgetestet09-21\"><img decoding=\"async\" src=\"https:\/\/i.imgur.com\/ISRHEWs.png\"><\/a><br \/>\n[ad_1]<br \/>\n <span>Die Neuauflage einer Legende. Der NIKE Air Max 90 Damenschuh feiert seine urspr\u00fcnge mit einem st\u00fctzenden Obermaterial und der hervorragenden D\u00e4mpfung, die schon das original so beliebt gemacht hat. Vorteile: Obermaterial aus Leder, Kunstleder oder Textil, je nach Farbe. Schaumstoff-mittelsohle mit sichtbarem Air max-d\u00e4mpfung Gummi-Au\u00dfensohle mit Waffelmuster f\u00fcr Strapazierf\u00e4higkeit. Flexkerben erm\u00f6glichen einen nat\u00fcrlichen Bewegungsablauf.D\u00e4mpfung: perfekte D\u00e4mpfung. Das sichtbare Max Air-Element in der Ferse bietet einen optimalen Aufprallschutz und optimale Sto\u00dfd\u00e4mpfung. Die dicke, weiche Mittelsohle sorgt f\u00fcr Tragekomfort und Stabilit\u00e4t.<\/span> <br \/> Verpackungsabmessungen \u200f : \u200e  32.1 x 25.9 x 7.3 cm; 448 Gramm <br \/> Im Angebot von Amazon.de seit \u200f : \u200e  20. Januar 2021 <br \/> Hersteller \u200f : \u200e  Nike <br \/> ASIN \u200f : \u200e  B08THNKYWW <br \/> Modellnummer \u200f : \u200e  CW6955 <br \/> Kategorie \u200f : \u200e  Damen <\/p>\n<p>[ad_2]<\/p>\n","protected":false},"excerpt":{"rendered":"<p>Price: [price_with_discount](as of [price_update_date] &#8211; Details) [ad_1] Die Neuauflage einer Legende. Der NIKE Air Max 90 Damenschuh feiert seine urspr\u00fcnge mit einem st\u00fctzenden Obermaterial und der hervorragenden D\u00e4mpfung, die schon<\/p>\n","protected":false},"featured_media":76846,"comment_status":"open","ping_status":"closed","template":"","meta":[],"product_cat":[232],"product_tag":[],"class_list":{"0":"post-76845","1":"product","2":"type-product","3":"status-publish","4":"has-post-thumbnail","6":"product_cat-women-fashion","8":"first","9":"instock","10":"shipping-taxable","11":"product-type-external"},"aioseo_notices":[],"_links":{"self":[{"href":"https:\/\/topgetestet.de\/index.php?rest_route=\/wp\/v2\/product\/76845","targetHints":{"allow":["GET"]}}],"collection":[{"href":"https:\/\/topgetestet.de\/index.php?rest_route=\/wp\/v2\/product"}],"about":[{"href":"https:\/\/topgetestet.de\/index.php?rest_route=\/wp\/v2\/types\/product"}],"replies":[{"embeddable":true,"href":"https:\/\/topgetestet.de\/index.php?rest_route=%2Fwp%2Fv2%2Fcomments&post=76845"}],"wp:featuredmedia":[{"embeddable":true,"href":"https:\/\/topgetestet.de\/index.php?rest_route=\/wp\/v2\/media\/76846"}],"wp:attachment":[{"href":"https:\/\/topgetestet.de\/index.php?rest_route=%2Fwp%2Fv2%2Fmedia&parent=76845"}],"wp:term":[{"taxonomy":"product_cat","embeddable":true,"href":"https:\/\/topgetestet.de\/index.php?rest_route=%2Fwp%2Fv2%2Fproduct_cat&post=76845"},{"taxonomy":"product_tag","embeddable":true,"href":"https:\/\/topgetestet.de\/index.php?rest_route=%2Fwp%2Fv2%2Fproduct_tag&post=76845"}],"curies":[{"name":"wp","href":"https:\/\/api.w.org\/{rel}","templated":true}]}}