{"id":76786,"date":"2022-10-17T10:05:38","date_gmt":"2022-10-17T10:05:38","guid":{"rendered":"https:\/\/topgetestet.de\/?product=vaude-womens-cyclist-hybrid-jacket-isolationsjacke-damen"},"modified":"2022-10-17T10:05:38","modified_gmt":"2022-10-17T10:05:38","slug":"vaude-womens-cyclist-hybrid-jacket-isolationsjacke-damen","status":"publish","type":"product","link":"https:\/\/topgetestet.de\/?product=vaude-womens-cyclist-hybrid-jacket-isolationsjacke-damen","title":{"rendered":"VAUDE Women&#8217;s Cyclist Hybrid Jacket &#8211; Isolationsjacke Damen"},"content":{"rendered":"<p>Price: <span style=\"color:#b12704\">[price_with_discount]<\/span><br \/><i><small>(as of [price_update_date] &#8211; <span class=\"wp_automatic_amazon_disclaimer\" title=\"Product prices and availability are accurate as of the date\/time indicated and are subject to change. Any price and availability information displayed on [relevant Amazon Site(s), as applicable] at the time of purchase will apply to the purchase of this product.\">Details<\/span>)<\/small><\/i><\/p>\n<p><a href=\"https:\/\/amazon.de\/dp\/B091B7L8HP?tag=topgetestet09-21\"><img decoding=\"async\" src=\"https:\/\/i.imgur.com\/ISRHEWs.png\"><\/a><br \/>\n[ad_1]<br \/>\n <span>Modische, warme Hybrid-Isolationsjacke f\u00fcr den urbanen Stadtverkehr an trockenen Tagen. Die Jacke im Regular Fit wurde f\u00fcr die \u00dcbergangszeit konzipiert und macht nicht nur auf dem Fahrrad eine gute Figur, sondern ist auch beim Wald- oder Strandspaziergang ein passender Begleiter. Winddichte, isolierte Zonen im Rumpfbereich und an den Armen sowie atmungsaktive Zonen aus w\u00e4rmenden Stretch-Fleeceeins\u00e4tzen seitlich und unter den Armen werden hier clever kombiniert. Die Ausstattung kann sich sehen lassen: 2 mit Rei\u00dfverschluss versehene Eingrifftaschen, eine innenliegende Bundverstellung mit Kordel, eine weiche und w\u00e4rmende Kapuze, vorgeformte \u00c4rmel mit kleinen dekorativen Reflexelementen am eng anliegenden \u00c4rmelbund sorgen f\u00fcr guten Komfort. Die Isolation besteht zu 65 % aus recyceltem Polyester gepaart mit 35 % S.Cafe. Unter den Armen wurde elastisches Fleece eingesetzt, welches zu 91 % aus recyceltem Polyester mit 9 % wood fiber besteht und dadurch leicht geruchsmindernde Eigenschaften mit sich bringt. Das Fleece-Material ist durch seinen hohen Loft angenehm kuschlig. Die Cyclist Warm Jacket l\u00e4sst sich gut mit den Cyclist Warm Pants oder den Mineo Pants kombinieren und ist nach dem h\u00f6chsten Umweltstandard bluesign-zertifiziert. Das VAUDE Green Shape-Label steht f\u00fcr ein umweltfreundliches, funktionelles Produkt aus nachhaltigen Materialien.<\/span> <br \/> Verpackungsabmessungen \u200f : \u200e  41.5 x 26.5 x 9 cm; 480 Gramm <br \/> Im Angebot von Amazon.de seit \u200f : \u200e  29. M\u00e4rz 2021 <br \/> Hersteller \u200f : \u200e  Vaude <br \/> ASIN \u200f : \u200e  B091B59L78 <br \/> Modellnummer \u200f : \u200e  42493 <br \/> Kategorie \u200f : \u200e  Damen <\/p>\n<p>W\u00e4rmende Damenjacke: Winddichte, isolierte Zonen im Rumpfbereich und an den Armen sowie atmungsaktive Zonen aus w\u00e4rmenden Stretch-Fleeceeins\u00e4tzen seitlich und unter den Armen werden hier clever kombiniert<br \/>Verschluss: Rei\u00dfverschluss<br \/>Eins\u00e4tze &#8211; : 91% Polyester (recycelt), 9% Lyocell, Hauptstoff &#8211; : 100% Polyester (recycelt), Futter &#8211; : 100% Polyamid, Wattierung &#8211; : 100% Polyester (recycelt), 100% recycled Polyester with SCaf\u00e9 content<br \/>A-Linie Mantel<br \/>Pflegehinweis: Maschinenw\u00e4sche<br \/>Modellnummer: 42493<br \/>\n<br \/>[ad_2]<\/p>\n","protected":false},"excerpt":{"rendered":"<p>Price: [price_with_discount](as of [price_update_date] &#8211; Details) [ad_1] Modische, warme Hybrid-Isolationsjacke f\u00fcr den urbanen Stadtverkehr an trockenen Tagen. Die Jacke im Regular Fit wurde f\u00fcr die \u00dcbergangszeit konzipiert und macht nicht<\/p>\n","protected":false},"featured_media":76787,"comment_status":"open","ping_status":"closed","template":"","meta":[],"product_cat":[232],"product_tag":[],"class_list":{"0":"post-76786","1":"product","2":"type-product","3":"status-publish","4":"has-post-thumbnail","6":"product_cat-women-fashion","8":"first","9":"instock","10":"shipping-taxable","11":"product-type-external"},"aioseo_notices":[],"_links":{"self":[{"href":"https:\/\/topgetestet.de\/index.php?rest_route=\/wp\/v2\/product\/76786","targetHints":{"allow":["GET"]}}],"collection":[{"href":"https:\/\/topgetestet.de\/index.php?rest_route=\/wp\/v2\/product"}],"about":[{"href":"https:\/\/topgetestet.de\/index.php?rest_route=\/wp\/v2\/types\/product"}],"replies":[{"embeddable":true,"href":"https:\/\/topgetestet.de\/index.php?rest_route=%2Fwp%2Fv2%2Fcomments&post=76786"}],"wp:featuredmedia":[{"embeddable":true,"href":"https:\/\/topgetestet.de\/index.php?rest_route=\/wp\/v2\/media\/76787"}],"wp:attachment":[{"href":"https:\/\/topgetestet.de\/index.php?rest_route=%2Fwp%2Fv2%2Fmedia&parent=76786"}],"wp:term":[{"taxonomy":"product_cat","embeddable":true,"href":"https:\/\/topgetestet.de\/index.php?rest_route=%2Fwp%2Fv2%2Fproduct_cat&post=76786"},{"taxonomy":"product_tag","embeddable":true,"href":"https:\/\/topgetestet.de\/index.php?rest_route=%2Fwp%2Fv2%2Fproduct_tag&post=76786"}],"curies":[{"name":"wp","href":"https:\/\/api.w.org\/{rel}","templated":true}]}}