{"id":7671,"date":"2022-09-04T16:21:42","date_gmt":"2022-09-04T16:21:42","guid":{"rendered":"https:\/\/topgetestet.de\/?product=skechers-herren-boxershorts-nicht-bindender-elastischer-bund-3er-pack"},"modified":"2022-09-04T16:21:42","modified_gmt":"2022-09-04T16:21:42","slug":"skechers-herren-boxershorts-nicht-bindender-elastischer-bund-3er-pack","status":"publish","type":"product","link":"https:\/\/topgetestet.de\/?product=skechers-herren-boxershorts-nicht-bindender-elastischer-bund-3er-pack","title":{"rendered":"Skechers Herren Boxershorts &#8211; nicht bindender elastischer Bund &#8211; 3er Pack"},"content":{"rendered":"<p>Price: <span style=\"color:#b12704\">[price_with_discount]<\/span><br \/><i><small>(as of [price_update_date] &#8211; <span class=\"wp_automatic_amazon_disclaimer\" title=\"Product prices and availability are accurate as of the date\/time indicated and are subject to change. Any price and availability information displayed on [relevant Amazon Site(s), as applicable] at the time of purchase will apply to the purchase of this product.\">Details<\/span>)<\/small><\/i><\/p>\n<p><a href=\"https:\/\/amazon.de\/dp\/B08GCZ5QFL?tag=topgetestet09-21\"><img decoding=\"async\" src=\"https:\/\/i.imgur.com\/ISRHEWs.png\"><\/a><br \/>\n[ad_1]<br \/>\n <br \/> Verpackungsabmessungen \u200f : \u200e  21.01 x 15.7 x 5.69 cm; 490 Gramm <br \/> Im Angebot von Amazon.de seit \u200f : \u200e  14. November 2020 <br \/> ASIN \u200f : \u200e  B08GD1TT4Y <br \/> Kategorie \u200f : \u200e  Herren <\/p>\n<p>Ultimativer Komfort: Hergestellt aus 95 % Baumwolle und 5 % Spandex, diese Slips sind taglos und atmungsaktiv und bieten Ihnen den ultimativen Komfort. Eine sichere Passform, die jede Bewegung unterst\u00fctzt.<br \/>Eigenschaften: Ein komfortables Baumwolldesign sorgt f\u00fcr einfache Bewegung und eine zuverl\u00e4ssige Passform. Sie sind perfekt f\u00fcr Workout, Laufen, Skifahren, Skateboarden, Fu\u00dfball, Baseball, Basketball, Tennis, Volleyball, Fu\u00dfball und Wandern.<br \/>\u00dcberlegenes Design: Diese Boxershorts verf\u00fcgen \u00fcber einen elastischen Bund f\u00fcr zus\u00e4tzlichen Flexibilit\u00e4t. Diese Slips verf\u00fcgen auch \u00fcber ein etikettloses Design. Sie m\u00fcssen sich nicht mit unangenehmen B\u00fcndeln oder Irritationen umgehen.<br \/>Waschanleitung: Waschmaschinen- und trocknergeeignet. Mit \u00e4hnlichen Farben kalt in der Maschine waschen. Nur chlorfreie Bleichmittel verwenden. Trocknen bei niedriger Temperatur. Nicht b\u00fcgeln.<br \/>\n<br \/>[ad_2]<\/p>\n","protected":false},"excerpt":{"rendered":"<p>Price: [price_with_discount](as of [price_update_date] &#8211; Details) [ad_1] Verpackungsabmessungen \u200f : \u200e 21.01 x 15.7 x 5.69 cm; 490 Gramm Im Angebot von Amazon.de seit \u200f : \u200e 14. November 2020<\/p>\n","protected":false},"featured_media":7672,"comment_status":"open","ping_status":"closed","template":"","meta":[],"product_cat":[231],"product_tag":[],"class_list":{"0":"post-7671","1":"product","2":"type-product","3":"status-publish","4":"has-post-thumbnail","6":"product_cat-mens-fashion","8":"first","9":"instock","10":"shipping-taxable","11":"product-type-external"},"aioseo_notices":[],"_links":{"self":[{"href":"https:\/\/topgetestet.de\/index.php?rest_route=\/wp\/v2\/product\/7671","targetHints":{"allow":["GET"]}}],"collection":[{"href":"https:\/\/topgetestet.de\/index.php?rest_route=\/wp\/v2\/product"}],"about":[{"href":"https:\/\/topgetestet.de\/index.php?rest_route=\/wp\/v2\/types\/product"}],"replies":[{"embeddable":true,"href":"https:\/\/topgetestet.de\/index.php?rest_route=%2Fwp%2Fv2%2Fcomments&post=7671"}],"wp:featuredmedia":[{"embeddable":true,"href":"https:\/\/topgetestet.de\/index.php?rest_route=\/wp\/v2\/media\/7672"}],"wp:attachment":[{"href":"https:\/\/topgetestet.de\/index.php?rest_route=%2Fwp%2Fv2%2Fmedia&parent=7671"}],"wp:term":[{"taxonomy":"product_cat","embeddable":true,"href":"https:\/\/topgetestet.de\/index.php?rest_route=%2Fwp%2Fv2%2Fproduct_cat&post=7671"},{"taxonomy":"product_tag","embeddable":true,"href":"https:\/\/topgetestet.de\/index.php?rest_route=%2Fwp%2Fv2%2Fproduct_tag&post=7671"}],"curies":[{"name":"wp","href":"https:\/\/api.w.org\/{rel}","templated":true}]}}