{"id":7663,"date":"2022-09-04T14:19:19","date_gmt":"2022-09-04T14:19:19","guid":{"rendered":"https:\/\/topgetestet.de\/?product=oodji-ultra-damen-t-shirt-basic-aus-baumwolle"},"modified":"2022-09-04T14:19:19","modified_gmt":"2022-09-04T14:19:19","slug":"oodji-ultra-damen-t-shirt-basic-aus-baumwolle","status":"publish","type":"product","link":"https:\/\/topgetestet.de\/?product=oodji-ultra-damen-t-shirt-basic-aus-baumwolle","title":{"rendered":"oodji Ultra Damen T-Shirt Basic aus Baumwolle"},"content":{"rendered":"<p>Price: <span style=\"color:#b12704\">[price_with_discount]<\/span><br \/><i><small>(as of [price_update_date] &#8211; <span class=\"wp_automatic_amazon_disclaimer\" title=\"Product prices and availability are accurate as of the date\/time indicated and are subject to change. Any price and availability information displayed on [relevant Amazon Site(s), as applicable] at the time of purchase will apply to the purchase of this product.\">Details<\/span>)<\/small><\/i><\/p>\n<p><a href=\"https:\/\/amazon.de\/dp\/B09DSQXH89?tag=topgetestet09-21\"><img decoding=\"async\" src=\"https:\/\/i.imgur.com\/ISRHEWs.png\"><\/a><br \/>\n[ad_1]<br \/>\n <span>Lockeres T-Shirt mit kurzen \u00c4rmeln und Rundhalsausschnitt. Der weiche Baumwollstoff ist atmungsaktiv, angenehm beim Tragen und im Griff. Mit diesem Oberteil k\u00f6nnen Sie verschiedene Kombinationen f\u00fcr Freizeit, Arbeit, Treffen mit Freunden kreieren. Das Modell passt perfekt zu Shorts, kurzen und langen R\u00f6cken, Jeans und Hosen. Das vielseitige T-Shirt l\u00e4sst sich leicht in Ihre Garderobe einf\u00fcgen!<\/span> <br \/> Verpackungsabmessungen \u200f : \u200e  31.1 x 21.5 x 2.9 cm; 120 Gramm <br \/> Im Angebot von Amazon.de seit \u200f : \u200e  27. August 2021 <br \/> Hersteller \u200f : \u200e  RIFICZECH s.r.o. <br \/> ASIN \u200f : \u200e  B09DSQXH89 <br \/> Modellnummer \u200f : \u200e  14701119 <br \/> Kategorie \u200f : \u200e  Damen <\/p>\n<p>Kurzarm<br \/>Verschluss: Pull-On<br \/>100% Baumwolle<br \/>Pflegehinweis: Maschinenw\u00e4sche<br \/>Modellnummer: 14701119<br \/>\n<br \/>[ad_2]<\/p>\n","protected":false},"excerpt":{"rendered":"<p>Price: [price_with_discount](as of [price_update_date] &#8211; Details) [ad_1] Lockeres T-Shirt mit kurzen \u00c4rmeln und Rundhalsausschnitt. Der weiche Baumwollstoff ist atmungsaktiv, angenehm beim Tragen und im Griff. Mit diesem Oberteil k\u00f6nnen Sie<\/p>\n","protected":false},"featured_media":7664,"comment_status":"open","ping_status":"closed","template":"","meta":[],"product_cat":[232],"product_tag":[],"class_list":{"0":"post-7663","1":"product","2":"type-product","3":"status-publish","4":"has-post-thumbnail","6":"product_cat-women-fashion","8":"first","9":"instock","10":"shipping-taxable","11":"product-type-external"},"aioseo_notices":[],"_links":{"self":[{"href":"https:\/\/topgetestet.de\/index.php?rest_route=\/wp\/v2\/product\/7663","targetHints":{"allow":["GET"]}}],"collection":[{"href":"https:\/\/topgetestet.de\/index.php?rest_route=\/wp\/v2\/product"}],"about":[{"href":"https:\/\/topgetestet.de\/index.php?rest_route=\/wp\/v2\/types\/product"}],"replies":[{"embeddable":true,"href":"https:\/\/topgetestet.de\/index.php?rest_route=%2Fwp%2Fv2%2Fcomments&post=7663"}],"wp:featuredmedia":[{"embeddable":true,"href":"https:\/\/topgetestet.de\/index.php?rest_route=\/wp\/v2\/media\/7664"}],"wp:attachment":[{"href":"https:\/\/topgetestet.de\/index.php?rest_route=%2Fwp%2Fv2%2Fmedia&parent=7663"}],"wp:term":[{"taxonomy":"product_cat","embeddable":true,"href":"https:\/\/topgetestet.de\/index.php?rest_route=%2Fwp%2Fv2%2Fproduct_cat&post=7663"},{"taxonomy":"product_tag","embeddable":true,"href":"https:\/\/topgetestet.de\/index.php?rest_route=%2Fwp%2Fv2%2Fproduct_tag&post=7663"}],"curies":[{"name":"wp","href":"https:\/\/api.w.org\/{rel}","templated":true}]}}