{"id":76562,"date":"2022-10-17T08:45:25","date_gmt":"2022-10-17T08:45:25","guid":{"rendered":"https:\/\/topgetestet.de\/?product=champion-herren-trainingshose-sweathose-aus-jersey-mit-geschlossener-unterseite-4"},"modified":"2022-10-17T08:45:25","modified_gmt":"2022-10-17T08:45:25","slug":"champion-herren-trainingshose-sweathose-aus-jersey-mit-geschlossener-unterseite-4","status":"publish","type":"product","link":"https:\/\/topgetestet.de\/?product=champion-herren-trainingshose-sweathose-aus-jersey-mit-geschlossener-unterseite-4","title":{"rendered":"Champion Herren Trainingshose Sweathose aus Jersey mit Geschlossener Unterseite"},"content":{"rendered":"<p>Price: <span style=\"color:#b12704\">[price_with_discount]<\/span><br \/><i><small>(as of [price_update_date] &#8211; <span class=\"wp_automatic_amazon_disclaimer\" title=\"Product prices and availability are accurate as of the date\/time indicated and are subject to change. Any price and availability information displayed on [relevant Amazon Site(s), as applicable] at the time of purchase will apply to the purchase of this product.\">Details<\/span>)<\/small><\/i><\/p>\n<p><a href=\"https:\/\/amazon.de\/dp\/B00HFJTRC6?tag=topgetestet09-21\"><img decoding=\"async\" src=\"https:\/\/i.imgur.com\/ISRHEWs.png\"><\/a><br \/>\n[ad_1]<br \/>\n <span>Vielseitigkeit in Ihrer Wochenendgarderobe ist eine Qualit\u00e4t, die gesch\u00e4tzt wird. Hier sind Hosen, bei denen es sich um vielseitigen Komfort handelt, die praktisch \u00fcberall getragen werden k\u00f6nnen. Zum Aufw\u00e4rmen, Abk\u00fchlen, Trainieren, Besorgungen machen oder \u00fcberhaupt nichts tun, Sie werden keine einfachere, bequemere Strickhose finden. Diese entspannte Trainingshose ist aus US-amerikanischer Baumwolle gestrickt, mit einem bequemen, elastischen Bund mit einem inneren Kordelzug f\u00fcr eine individuelle Passform. Praktische Seitentaschen halten Ihre Schl\u00fcssel oder Ausweise sicher. Die entspannte Silhouette mit einer 80 cm langen Innennaht endet mit elastischen, elastischen B\u00fcndchen, die Ihnen beim Laufen, Radfahren oder bei der Verwendung von Ausr\u00fcstung im Fitnessstudio nicht st\u00f6ren. Diese allt\u00e4gliche Jerseyhose zeigt stolz die ikonische &#8220;C&#8221;-Logo-Applikation der Marke auf der linken H\u00fcfte.<\/span> <br \/> Auslaufartikel (Produktion durch Hersteller eingestellt) \u200f : \u200e  Nein <br \/> Produktabmessungen \u200f : \u200e  33.02 x 20.32 x 2.54 cm; 340.19 Gramm <br \/> Im Angebot von Amazon.de seit \u200f : \u200e  24. Mai 2016 <br \/> Hersteller \u200f : \u200e  Champion Men&#8217;s Athletic <br \/> ASIN \u200f : \u200e  B00FSB630M <br \/> Modellnummer \u200f : \u200e  P7310 <br \/> Kategorie \u200f : \u200e  Herren <\/p>\n<p>[ad_2]<\/p>\n","protected":false},"excerpt":{"rendered":"<p>Price: [price_with_discount](as of [price_update_date] &#8211; Details) [ad_1] Vielseitigkeit in Ihrer Wochenendgarderobe ist eine Qualit\u00e4t, die gesch\u00e4tzt wird. Hier sind Hosen, bei denen es sich um vielseitigen Komfort handelt, die praktisch<\/p>\n","protected":false},"featured_media":76563,"comment_status":"open","ping_status":"closed","template":"","meta":[],"product_cat":[231],"product_tag":[],"class_list":{"0":"post-76562","1":"product","2":"type-product","3":"status-publish","4":"has-post-thumbnail","6":"product_cat-mens-fashion","8":"first","9":"instock","10":"shipping-taxable","11":"product-type-external"},"aioseo_notices":[],"_links":{"self":[{"href":"https:\/\/topgetestet.de\/index.php?rest_route=\/wp\/v2\/product\/76562","targetHints":{"allow":["GET"]}}],"collection":[{"href":"https:\/\/topgetestet.de\/index.php?rest_route=\/wp\/v2\/product"}],"about":[{"href":"https:\/\/topgetestet.de\/index.php?rest_route=\/wp\/v2\/types\/product"}],"replies":[{"embeddable":true,"href":"https:\/\/topgetestet.de\/index.php?rest_route=%2Fwp%2Fv2%2Fcomments&post=76562"}],"wp:featuredmedia":[{"embeddable":true,"href":"https:\/\/topgetestet.de\/index.php?rest_route=\/wp\/v2\/media\/76563"}],"wp:attachment":[{"href":"https:\/\/topgetestet.de\/index.php?rest_route=%2Fwp%2Fv2%2Fmedia&parent=76562"}],"wp:term":[{"taxonomy":"product_cat","embeddable":true,"href":"https:\/\/topgetestet.de\/index.php?rest_route=%2Fwp%2Fv2%2Fproduct_cat&post=76562"},{"taxonomy":"product_tag","embeddable":true,"href":"https:\/\/topgetestet.de\/index.php?rest_route=%2Fwp%2Fv2%2Fproduct_tag&post=76562"}],"curies":[{"name":"wp","href":"https:\/\/api.w.org\/{rel}","templated":true}]}}