{"id":76547,"date":"2022-10-17T08:42:10","date_gmt":"2022-10-17T08:42:10","guid":{"rendered":"https:\/\/topgetestet.de\/?product=marco-tozzi-damen-2-2-25285-23-sneaker"},"modified":"2022-10-17T08:42:10","modified_gmt":"2022-10-17T08:42:10","slug":"marco-tozzi-damen-2-2-25285-23-sneaker","status":"publish","type":"product","link":"https:\/\/topgetestet.de\/?product=marco-tozzi-damen-2-2-25285-23-sneaker","title":{"rendered":"MARCO TOZZI Damen 2-2-25285-23 Sneaker"},"content":{"rendered":"<p>Price: <span style=\"color:#b12704\">[price_with_discount]<\/span><br \/><i><small>(as of [price_update_date] &#8211; <span class=\"wp_automatic_amazon_disclaimer\" title=\"Product prices and availability are accurate as of the date\/time indicated and are subject to change. Any price and availability information displayed on [relevant Amazon Site(s), as applicable] at the time of purchase will apply to the purchase of this product.\">Details<\/span>)<\/small><\/i><\/p>\n<p><a href=\"https:\/\/amazon.de\/dp\/B07PYSGWPQ?tag=topgetestet09-21\"><img decoding=\"async\" src=\"https:\/\/i.imgur.com\/ISRHEWs.png\"><\/a><br \/>\n[ad_1]<\/p>\n<p>       Produktbeschreibung des Herstellers <\/p>\n<p>              <img decoding=\"async\" alt=\"Leder\" src=\"https:\/\/images-na.ssl-images-amazon.com\/images\/G\/01\/x-locale\/common\/grey-pixel.gif\" class=\"a-lazy-loaded\" data-src=\"https:\/\/m.media-amazon.com\/images\/S\/aplus-media\/vc\/0c3676a3-c580-456c-bd27-a635099b7ad5.__CR0,0,300,300_PT0_SX300_V1___.jpg\"><\/p>\n<p>               <img decoding=\"async\" alt=\"Leder\" src=\"https:\/\/m.media-amazon.com\/images\/S\/aplus-media\/vc\/0c3676a3-c580-456c-bd27-a635099b7ad5.__CR0,0,300,300_PT0_SX300_V1___.jpg\"><\/p>\n<p> Premium Leder f\u00fcr h\u00f6chste Qualit\u00e4t und Langlebigkeit. <\/p>\n<p>              <img decoding=\"async\" alt=\"Gr\u00f6\u00dfentabelle\" src=\"https:\/\/images-na.ssl-images-amazon.com\/images\/G\/01\/x-locale\/common\/grey-pixel.gif\" class=\"a-lazy-loaded\" data-src=\"https:\/\/m.media-amazon.com\/images\/S\/aplus-media\/vc\/4db2717f-41e1-4ec3-9a7e-96f3f4f7ef1b.__CR0,0,970,300_PT0_SX970_V1___.jpg\"><\/p>\n<p>               <img decoding=\"async\" alt=\"Gr\u00f6\u00dfentabelle\" src=\"https:\/\/m.media-amazon.com\/images\/S\/aplus-media\/vc\/4db2717f-41e1-4ec3-9a7e-96f3f4f7ef1b.__CR0,0,970,300_PT0_SX970_V1___.jpg\"><\/p>\n<p> Auslaufartikel (Produktion durch Hersteller eingestellt) \u200f : \u200e  Nein <br \/> Verpackungsabmessungen \u200f : \u200e  30.23 x 27.18 x 11.43 cm; 980 Gramm <br \/> Im Angebot von Amazon.de seit \u200f : \u200e  21. M\u00e4rz 2019 <br \/> Hersteller \u200f : \u200e  Marco Tozzi <br \/> ASIN \u200f : \u200e  B07PYSGYH7 <br \/> Modellnummer \u200f : \u200e  2-2-25285-23 <br \/> Kategorie \u200f : \u200e  Damen <\/p>\n<p>[ad_2]<\/p>\n","protected":false},"excerpt":{"rendered":"<p>Price: [price_with_discount](as of [price_update_date] &#8211; Details) [ad_1] Produktbeschreibung des Herstellers Premium Leder f\u00fcr h\u00f6chste Qualit\u00e4t und Langlebigkeit. Auslaufartikel (Produktion durch Hersteller eingestellt) \u200f : \u200e Nein Verpackungsabmessungen \u200f : \u200e<\/p>\n","protected":false},"featured_media":76548,"comment_status":"open","ping_status":"closed","template":"","meta":[],"product_cat":[230],"product_tag":[266],"class_list":{"0":"post-76547","1":"product","2":"type-product","3":"status-publish","4":"has-post-thumbnail","6":"product_cat-fashion","7":"product_tag-womens-fashion-sneakers","9":"first","10":"instock","11":"shipping-taxable","12":"product-type-external"},"aioseo_notices":[],"_links":{"self":[{"href":"https:\/\/topgetestet.de\/index.php?rest_route=\/wp\/v2\/product\/76547","targetHints":{"allow":["GET"]}}],"collection":[{"href":"https:\/\/topgetestet.de\/index.php?rest_route=\/wp\/v2\/product"}],"about":[{"href":"https:\/\/topgetestet.de\/index.php?rest_route=\/wp\/v2\/types\/product"}],"replies":[{"embeddable":true,"href":"https:\/\/topgetestet.de\/index.php?rest_route=%2Fwp%2Fv2%2Fcomments&post=76547"}],"wp:featuredmedia":[{"embeddable":true,"href":"https:\/\/topgetestet.de\/index.php?rest_route=\/wp\/v2\/media\/76548"}],"wp:attachment":[{"href":"https:\/\/topgetestet.de\/index.php?rest_route=%2Fwp%2Fv2%2Fmedia&parent=76547"}],"wp:term":[{"taxonomy":"product_cat","embeddable":true,"href":"https:\/\/topgetestet.de\/index.php?rest_route=%2Fwp%2Fv2%2Fproduct_cat&post=76547"},{"taxonomy":"product_tag","embeddable":true,"href":"https:\/\/topgetestet.de\/index.php?rest_route=%2Fwp%2Fv2%2Fproduct_tag&post=76547"}],"curies":[{"name":"wp","href":"https:\/\/api.w.org\/{rel}","templated":true}]}}