{"id":76385,"date":"2022-10-17T07:56:45","date_gmt":"2022-10-17T07:56:45","guid":{"rendered":"https:\/\/topgetestet.de\/?product=peppercorn-damen-darlaya-bluse"},"modified":"2022-10-17T07:56:45","modified_gmt":"2022-10-17T07:56:45","slug":"peppercorn-damen-darlaya-bluse","status":"publish","type":"product","link":"https:\/\/topgetestet.de\/?product=peppercorn-damen-darlaya-bluse","title":{"rendered":"Peppercorn Damen Darlaya Bluse"},"content":{"rendered":"<p>Price: <span style=\"color:#b12704\">[price_with_discount]<\/span><br \/><i><small>(as of [price_update_date] &#8211; <span class=\"wp_automatic_amazon_disclaimer\" title=\"Product prices and availability are accurate as of the date\/time indicated and are subject to change. Any price and availability information displayed on [relevant Amazon Site(s), as applicable] at the time of purchase will apply to the purchase of this product.\">Details<\/span>)<\/small><\/i><\/p>\n<p><a href=\"https:\/\/amazon.de\/dp\/B09HKYWJ2F?tag=topgetestet09-21\"><img decoding=\"async\" src=\"https:\/\/i.imgur.com\/ISRHEWs.png\"><\/a><br \/>\n[ad_1]<br \/>\n <span>Die Darlaya Lissi Bluse ist eine niedliche und feminine Bluse mit Textur und Stickerei. Sie hat einen O-Ausschnitt und ist vorn gekn\u00f6pft. Das Shirt hat eine kleine R\u00fcsche an der Schulter, was etwas Volumen hinzuf\u00fcgt. Passform: Normale Qualit\u00e4t: 100 % Polyester<\/span> <br \/> Verpackungsabmessungen \u200f : \u200e  18.5 x 13.2 x 7.1 cm; 125 Gramm <br \/> Im Angebot von Amazon.de seit \u200f : \u200e  30. September 2021 <br \/> Hersteller \u200f : \u200e  Redefined Fashion <br \/> ASIN \u200f : \u200e  B09HKYWJ2F <br \/> Modellnummer \u200f : \u200e  PC1806 <br \/> Kategorie \u200f : \u200e  Damen <\/p>\n<p>Simple and stylish<br \/>Kragenform: Button-Down-Kragen<br \/>3\/4 \u00c4rmel<br \/>Verschluss: Knopf<br \/>100% Polyester<br \/>Bohemian<br \/>\n<br \/>[ad_2]<\/p>\n","protected":false},"excerpt":{"rendered":"<p>Price: [price_with_discount](as of [price_update_date] &#8211; Details) [ad_1] Die Darlaya Lissi Bluse ist eine niedliche und feminine Bluse mit Textur und Stickerei. Sie hat einen O-Ausschnitt und ist vorn gekn\u00f6pft. Das<\/p>\n","protected":false},"featured_media":76386,"comment_status":"open","ping_status":"closed","template":"","meta":[],"product_cat":[232],"product_tag":[],"class_list":{"0":"post-76385","1":"product","2":"type-product","3":"status-publish","4":"has-post-thumbnail","6":"product_cat-women-fashion","8":"first","9":"instock","10":"shipping-taxable","11":"product-type-external"},"aioseo_notices":[],"_links":{"self":[{"href":"https:\/\/topgetestet.de\/index.php?rest_route=\/wp\/v2\/product\/76385","targetHints":{"allow":["GET"]}}],"collection":[{"href":"https:\/\/topgetestet.de\/index.php?rest_route=\/wp\/v2\/product"}],"about":[{"href":"https:\/\/topgetestet.de\/index.php?rest_route=\/wp\/v2\/types\/product"}],"replies":[{"embeddable":true,"href":"https:\/\/topgetestet.de\/index.php?rest_route=%2Fwp%2Fv2%2Fcomments&post=76385"}],"wp:featuredmedia":[{"embeddable":true,"href":"https:\/\/topgetestet.de\/index.php?rest_route=\/wp\/v2\/media\/76386"}],"wp:attachment":[{"href":"https:\/\/topgetestet.de\/index.php?rest_route=%2Fwp%2Fv2%2Fmedia&parent=76385"}],"wp:term":[{"taxonomy":"product_cat","embeddable":true,"href":"https:\/\/topgetestet.de\/index.php?rest_route=%2Fwp%2Fv2%2Fproduct_cat&post=76385"},{"taxonomy":"product_tag","embeddable":true,"href":"https:\/\/topgetestet.de\/index.php?rest_route=%2Fwp%2Fv2%2Fproduct_tag&post=76385"}],"curies":[{"name":"wp","href":"https:\/\/api.w.org\/{rel}","templated":true}]}}