{"id":76364,"date":"2022-10-17T07:49:57","date_gmt":"2022-10-17T07:49:57","guid":{"rendered":"https:\/\/topgetestet.de\/?product=wilkinson-sword-intuition-sensitive-care-damen-rasierer"},"modified":"2022-10-17T07:49:57","modified_gmt":"2022-10-17T07:49:57","slug":"wilkinson-sword-intuition-sensitive-care-damen-rasierer","status":"publish","type":"product","link":"https:\/\/topgetestet.de\/?product=wilkinson-sword-intuition-sensitive-care-damen-rasierer","title":{"rendered":"Wilkinson Sword Intuition Sensitive Care Damen Rasierer"},"content":{"rendered":"<p>Price: <span style=\"color:#b12704\">[price_with_discount]<\/span><br \/><i><small>(as of [price_update_date] &#8211; <span class=\"wp_automatic_amazon_disclaimer\" title=\"Product prices and availability are accurate as of the date\/time indicated and are subject to change. Any price and availability information displayed on [relevant Amazon Site(s), as applicable] at the time of purchase will apply to the purchase of this product.\">Details<\/span>)<\/small><\/i><\/p>\n<p><a href=\"https:\/\/amazon.de\/dp\/B01N5NK5DF?tag=topgetestet09-21\"><img decoding=\"async\" src=\"https:\/\/i.imgur.com\/ISRHEWs.png\"><\/a><br \/>\n[ad_1]<br \/>\n <span>Einfach und bequem &#8211; die Wilkinson Intuition Sensitive Care Rasierklingen sind perfekt f\u00fcr aktive Frauen. 4 Klingen sind umgeben von einem Hautconditioner, der in einem Schritt sch\u00e4umt, rasiert und Feuchtigkeit spendet &#8211; ganz ohne Rasiergel. Der bewegliche Klingenkopf passt sich den Konturen des K\u00f6rpers an &#8211; f\u00fcr eine gr\u00fcndliche Rasur. Angereichert mit Aloe Vera, Vitamin E und Pro Vitamin B5, hinterl\u00e4sst dieser Rasierer eine gepflegte und strahlend sch\u00f6ne Haut. Der rutschfeste Griff sorgt f\u00fcr eine sichere Handhabung.<\/span> <br \/>4 Klingen sind umgeben von einem Hautconditioner, der in einem Schritt sch\u00e4umt, rasiert und Feuchtigkeit spendet &#8211; ganz ohne Rasiergel<br \/>Der bewegliche Klingenkopf passt sich den Konturen des K\u00f6rpers an &#8211; f\u00fcr eine gr\u00fcndliche Rasur<br \/>Angereichert mit Aloe Vera, Vitamin E und Pro Vitamin B5, hinterl\u00e4sst dieser Rasierer eine gepflegte und strahlend sch\u00f6ne Haut<br \/>Der rutschfeste Griff sorgt f\u00fcr eine sichere Handhabung.<br \/>\n<br \/>[ad_2]<\/p>\n","protected":false},"excerpt":{"rendered":"<p>Price: [price_with_discount](as of [price_update_date] &#8211; Details) [ad_1] Einfach und bequem &#8211; die Wilkinson Intuition Sensitive Care Rasierklingen sind perfekt f\u00fcr aktive Frauen. 4 Klingen sind umgeben von einem Hautconditioner, der<\/p>\n","protected":false},"featured_media":76365,"comment_status":"open","ping_status":"closed","template":"","meta":[],"product_cat":[228],"product_tag":[237],"class_list":{"0":"post-76364","1":"product","2":"type-product","3":"status-publish","4":"has-post-thumbnail","6":"product_cat-beauty","7":"product_tag-personal-care","9":"first","10":"instock","11":"shipping-taxable","12":"product-type-external"},"aioseo_notices":[],"_links":{"self":[{"href":"https:\/\/topgetestet.de\/index.php?rest_route=\/wp\/v2\/product\/76364","targetHints":{"allow":["GET"]}}],"collection":[{"href":"https:\/\/topgetestet.de\/index.php?rest_route=\/wp\/v2\/product"}],"about":[{"href":"https:\/\/topgetestet.de\/index.php?rest_route=\/wp\/v2\/types\/product"}],"replies":[{"embeddable":true,"href":"https:\/\/topgetestet.de\/index.php?rest_route=%2Fwp%2Fv2%2Fcomments&post=76364"}],"wp:featuredmedia":[{"embeddable":true,"href":"https:\/\/topgetestet.de\/index.php?rest_route=\/wp\/v2\/media\/76365"}],"wp:attachment":[{"href":"https:\/\/topgetestet.de\/index.php?rest_route=%2Fwp%2Fv2%2Fmedia&parent=76364"}],"wp:term":[{"taxonomy":"product_cat","embeddable":true,"href":"https:\/\/topgetestet.de\/index.php?rest_route=%2Fwp%2Fv2%2Fproduct_cat&post=76364"},{"taxonomy":"product_tag","embeddable":true,"href":"https:\/\/topgetestet.de\/index.php?rest_route=%2Fwp%2Fv2%2Fproduct_tag&post=76364"}],"curies":[{"name":"wp","href":"https:\/\/api.w.org\/{rel}","templated":true}]}}