{"id":76326,"date":"2022-10-17T07:38:12","date_gmt":"2022-10-17T07:38:12","guid":{"rendered":"https:\/\/topgetestet.de\/?product=peppercorn-damen-sabia-kleid"},"modified":"2022-10-17T07:38:12","modified_gmt":"2022-10-17T07:38:12","slug":"peppercorn-damen-sabia-kleid","status":"publish","type":"product","link":"https:\/\/topgetestet.de\/?product=peppercorn-damen-sabia-kleid","title":{"rendered":"Peppercorn Damen Sabia Kleid"},"content":{"rendered":"<p>Price: <span style=\"color:#b12704\">[price_with_discount]<\/span><br \/><i><small>(as of [price_update_date] &#8211; <span class=\"wp_automatic_amazon_disclaimer\" title=\"Product prices and availability are accurate as of the date\/time indicated and are subject to change. Any price and availability information displayed on [relevant Amazon Site(s), as applicable] at the time of purchase will apply to the purchase of this product.\">Details<\/span>)<\/small><\/i><\/p>\n<p><a href=\"https:\/\/amazon.de\/dp\/B09HKZBF6M?tag=topgetestet09-21\"><img decoding=\"async\" src=\"https:\/\/i.imgur.com\/ISRHEWs.png\"><\/a><br \/>\n[ad_1]<br \/>\n <span>NOOS-Stil. Das Sabia Kleid ist einer unserer Bestseller, war ein Favorit in den vergangenen Kollektionen und ist daher jetzt Teil unserer NOOS-Reihe Es hat einen femininen V-Ausschnitt mit Mandarinkragen und einer breiten Falte vorn. Das Kleid hat eine normal anliegende Schulter und ein sch\u00f6nes \u00c4rmeldetail mit breiterem B\u00fcndchen. Verwenden Sie das Kleid, so wie es ist oder stylen Sie es mit dem mitgelieferten G\u00fcrtel. Eine perfekte, leicht zu tragende Kleiderform. Passform: Normale L\u00e4nge: 113 cm in Gr\u00f6\u00dfe M<\/span> <br \/> Verpackungsabmessungen \u200f : \u200e  39.9 x 28.8 x 3.9 cm; 200 Gramm <br \/> Im Angebot von Amazon.de seit \u200f : \u200e  30. September 2021 <br \/> Hersteller \u200f : \u200e  Redefined Fashion <br \/> ASIN \u200f : \u200e  B09HKZVVCW <br \/> Modellnummer \u200f : \u200e  PC2123 <br \/> Kategorie \u200f : \u200e  Damen <\/p>\n<p>[ad_2]<\/p>\n","protected":false},"excerpt":{"rendered":"<p>Price: [price_with_discount](as of [price_update_date] &#8211; Details) [ad_1] NOOS-Stil. Das Sabia Kleid ist einer unserer Bestseller, war ein Favorit in den vergangenen Kollektionen und ist daher jetzt Teil unserer NOOS-Reihe Es<\/p>\n","protected":false},"featured_media":76327,"comment_status":"open","ping_status":"closed","template":"","meta":[],"product_cat":[232],"product_tag":[],"class_list":{"0":"post-76326","1":"product","2":"type-product","3":"status-publish","4":"has-post-thumbnail","6":"product_cat-women-fashion","8":"first","9":"instock","10":"shipping-taxable","11":"product-type-external"},"aioseo_notices":[],"_links":{"self":[{"href":"https:\/\/topgetestet.de\/index.php?rest_route=\/wp\/v2\/product\/76326","targetHints":{"allow":["GET"]}}],"collection":[{"href":"https:\/\/topgetestet.de\/index.php?rest_route=\/wp\/v2\/product"}],"about":[{"href":"https:\/\/topgetestet.de\/index.php?rest_route=\/wp\/v2\/types\/product"}],"replies":[{"embeddable":true,"href":"https:\/\/topgetestet.de\/index.php?rest_route=%2Fwp%2Fv2%2Fcomments&post=76326"}],"wp:featuredmedia":[{"embeddable":true,"href":"https:\/\/topgetestet.de\/index.php?rest_route=\/wp\/v2\/media\/76327"}],"wp:attachment":[{"href":"https:\/\/topgetestet.de\/index.php?rest_route=%2Fwp%2Fv2%2Fmedia&parent=76326"}],"wp:term":[{"taxonomy":"product_cat","embeddable":true,"href":"https:\/\/topgetestet.de\/index.php?rest_route=%2Fwp%2Fv2%2Fproduct_cat&post=76326"},{"taxonomy":"product_tag","embeddable":true,"href":"https:\/\/topgetestet.de\/index.php?rest_route=%2Fwp%2Fv2%2Fproduct_tag&post=76326"}],"curies":[{"name":"wp","href":"https:\/\/api.w.org\/{rel}","templated":true}]}}