{"id":76244,"date":"2022-10-17T07:07:15","date_gmt":"2022-10-17T07:07:15","guid":{"rendered":"https:\/\/topgetestet.de\/?post_type=product&#038;p=76244"},"modified":"2022-10-17T07:07:15","modified_gmt":"2022-10-17T07:07:15","slug":"sony-dsc-w800-digitalkamera-20-megapixel-5x-opt-zoom","status":"publish","type":"product","link":"https:\/\/topgetestet.de\/?product=sony-dsc-w800-digitalkamera-20-megapixel-5x-opt-zoom","title":{"rendered":"Sony DSC-W800 Digitalkamera (20 Megapixel, 5x Opt. Zoom)"},"content":{"rendered":"<p>Price: <span style=\"color:#b12704\">[price_with_discount]<\/span><br \/><i><small>(as of [price_update_date] &#8211; <span class=\"wp_automatic_amazon_disclaimer\" title=\"Product prices and availability are accurate as of the date\/time indicated and are subject to change. Any price and availability information displayed on [relevant Amazon Site(s), as applicable] at the time of purchase will apply to the purchase of this product.\">Details<\/span>)<\/small><\/i><\/p>\n<p><a href=\"https:\/\/amazon.de\/dp\/B00IK01PJC?tag=topgetestet09-21\"><img decoding=\"async\" src=\"https:\/\/i.imgur.com\/ISRHEWs.png\"><\/a><br \/>\n[ad_1]<\/p>\n<p>        Produktbeschreibung des Herstellers <\/p>\n<p>               <img decoding=\"async\" alt=\"\" src=\"https:\/\/images-na.ssl-images-amazon.com\/images\/G\/01\/x-locale\/common\/grey-pixel.gif\" class=\"a-lazy-loaded\" data-src=\"https:\/\/m.media-amazon.com\/images\/W\/IMAGERENDERING_521856-T1\/images\/S\/aplus-media\/vc\/3a2bbcde-68ac-48f4-ab5b-dfa992879ad5._SR970,300_.jpg\"><\/p>\n<p>                <img decoding=\"async\" alt=\"\" src=\"https:\/\/m.media-amazon.com\/images\/W\/IMAGERENDERING_521856-T1\/images\/S\/aplus-media\/vc\/3a2bbcde-68ac-48f4-ab5b-dfa992879ad5._SR970,300_.jpg\"><\/p>\n<h3> Aufnahmespa\u00df leicht gemacht <\/h3>\n<p> Egal ob rauschende Partyn\u00e4chte oder Urlaubsfeeling \u2013 die digitale Kompaktkamera W800 bietet zahlreiche Funktionen, die klare, atemberaubende Aufnahmen und HD-Videos vereinfachen. <\/p>\n<h3 class=\"a-spacing-small\"> DSC-W800 <\/h3>\n<p> <img decoding=\"async\" alt=\"\" src=\"https:\/\/images-na.ssl-images-amazon.com\/images\/G\/01\/x-locale\/common\/grey-pixel.gif\" class=\"a-lazy-loaded\" data-src=\"https:\/\/m.media-amazon.com\/images\/W\/IMAGERENDERING_521856-T1\/images\/S\/aplus-media\/vc\/472b1550-b2fe-452d-a1a8-4731d9f42f16._SL220__.jpg\">\n                      <\/p>\n<p>                       <img decoding=\"async\" alt=\"\" src=\"https:\/\/m.media-amazon.com\/images\/W\/IMAGERENDERING_521856-T1\/images\/S\/aplus-media\/vc\/472b1550-b2fe-452d-a1a8-4731d9f42f16._SL220__.jpg\"><\/p>\n<p> <img decoding=\"async\" alt=\"\" src=\"https:\/\/images-na.ssl-images-amazon.com\/images\/G\/01\/x-locale\/common\/grey-pixel.gif\" class=\"a-lazy-loaded\" data-src=\"https:\/\/m.media-amazon.com\/images\/W\/IMAGERENDERING_521856-T1\/images\/S\/aplus-media\/vc\/dd72d2d7-d1ca-45f7-8bf1-df4c3fa3fd0d._SL220__.jpg\">\n                      <\/p>\n<p>                       <img decoding=\"async\" alt=\"\" src=\"https:\/\/m.media-amazon.com\/images\/W\/IMAGERENDERING_521856-T1\/images\/S\/aplus-media\/vc\/dd72d2d7-d1ca-45f7-8bf1-df4c3fa3fd0d._SL220__.jpg\"><\/p>\n<p> <img decoding=\"async\" alt=\"\" src=\"https:\/\/images-na.ssl-images-amazon.com\/images\/G\/01\/x-locale\/common\/grey-pixel.gif\" class=\"a-lazy-loaded\" data-src=\"https:\/\/m.media-amazon.com\/images\/W\/IMAGERENDERING_521856-T1\/images\/S\/aplus-media\/vc\/8fafbf5b-3b20-465f-9f90-7e10f55322d3._SL220__.jpg\">\n                      <\/p>\n<p>                       <img decoding=\"async\" alt=\"\" src=\"https:\/\/m.media-amazon.com\/images\/W\/IMAGERENDERING_521856-T1\/images\/S\/aplus-media\/vc\/8fafbf5b-3b20-465f-9f90-7e10f55322d3._SL220__.jpg\"><\/p>\n<p> <img decoding=\"async\" alt=\"\" src=\"https:\/\/images-na.ssl-images-amazon.com\/images\/G\/01\/x-locale\/common\/grey-pixel.gif\" class=\"a-lazy-loaded\" data-src=\"https:\/\/m.media-amazon.com\/images\/W\/IMAGERENDERING_521856-T1\/images\/S\/aplus-media\/vc\/3a169481-5edd-42df-a371-57eab65f8841._SL220__.jpg\">\n                      <\/p>\n<p>                       <img decoding=\"async\" alt=\"\" src=\"https:\/\/m.media-amazon.com\/images\/W\/IMAGERENDERING_521856-T1\/images\/S\/aplus-media\/vc\/3a169481-5edd-42df-a371-57eab65f8841._SL220__.jpg\"><\/p>\n<p>                      Optischer 5fach-Zoom  <\/p>\n<p class=\"a-size-small\"> Der optische 5fach-Zoom sorgt f\u00fcr klare, gestochen scharfe Nahaufnahmen, bei denen Smartphones einfach nicht mithalten k\u00f6nnen. <\/p>\n<p>                      Optimierter Blitz  <\/p>\n<p class=\"a-size-small\"> In Innenr\u00e4umen, bei D\u00e4mmerung oder in der Nacht \u2013 eine h\u00f6here Empfindlichkeit sorgt f\u00fcr hellere Bilder. <\/p>\n<p>                      Hoher Tragekomfort  <\/p>\n<p class=\"a-size-small\"> Pr\u00e4zise Fotografie trifft auf den Tragekomfort eines Smartphones: Die W800 sorgt f\u00fcr atemberaubende Aufnahmen, l\u00e4sst Sie dabei gut aussehen und ist klein genug, um in Ihrer Hosentasche verstaut zu werden. <\/p>\n<p>                      Makro-Fokus-Abstand (5 cm)  <\/p>\n<p class=\"a-size-small\"> Mit dem 5-cm-Makro-Fokus-Abstand k\u00f6nnen Sie Ihr Motiv sogar bei Nahaufnahmen klar darstellen. <\/p>\n<p> <img decoding=\"async\" alt=\"\" src=\"https:\/\/images-na.ssl-images-amazon.com\/images\/G\/01\/x-locale\/common\/grey-pixel.gif\" class=\"a-lazy-loaded\" data-src=\"https:\/\/m.media-amazon.com\/images\/W\/IMAGERENDERING_521856-T1\/images\/S\/aplus-media\/vc\/3cb47118-0682-4648-97e8-9ef3e017b4ac._SL220__.jpg\">\n                      <\/p>\n<p>                       <img decoding=\"async\" alt=\"\" src=\"https:\/\/m.media-amazon.com\/images\/W\/IMAGERENDERING_521856-T1\/images\/S\/aplus-media\/vc\/3cb47118-0682-4648-97e8-9ef3e017b4ac._SL220__.jpg\"><\/p>\n<p> <img decoding=\"async\" alt=\"\" src=\"https:\/\/images-na.ssl-images-amazon.com\/images\/G\/01\/x-locale\/common\/grey-pixel.gif\" class=\"a-lazy-loaded\" data-src=\"https:\/\/m.media-amazon.com\/images\/W\/IMAGERENDERING_521856-T1\/images\/S\/aplus-media\/vc\/138299af-6afb-411f-ba57-bdc5ece16701._SL220__.jpg\">\n                      <\/p>\n<p>                       <img decoding=\"async\" alt=\"\" src=\"https:\/\/m.media-amazon.com\/images\/W\/IMAGERENDERING_521856-T1\/images\/S\/aplus-media\/vc\/138299af-6afb-411f-ba57-bdc5ece16701._SL220__.jpg\"><\/p>\n<p> <img decoding=\"async\" alt=\"\" src=\"https:\/\/images-na.ssl-images-amazon.com\/images\/G\/01\/x-locale\/common\/grey-pixel.gif\" class=\"a-lazy-loaded\" data-src=\"https:\/\/m.media-amazon.com\/images\/W\/IMAGERENDERING_521856-T1\/images\/S\/aplus-media\/vc\/708802e0-68b6-4e9b-b9bb-81caa06371dd._SL220__.jpg\">\n                      <\/p>\n<p>                       <img decoding=\"async\" alt=\"\" src=\"https:\/\/m.media-amazon.com\/images\/W\/IMAGERENDERING_521856-T1\/images\/S\/aplus-media\/vc\/708802e0-68b6-4e9b-b9bb-81caa06371dd._SL220__.jpg\"><\/p>\n<p> <img decoding=\"async\" alt=\"\" src=\"https:\/\/images-na.ssl-images-amazon.com\/images\/G\/01\/x-locale\/common\/grey-pixel.gif\" class=\"a-lazy-loaded\" data-src=\"https:\/\/m.media-amazon.com\/images\/W\/IMAGERENDERING_521856-T1\/images\/S\/aplus-media\/vc\/d170bf68-67b1-4282-88ae-ec0ddef679c6._SL220__.jpg\">\n                      <\/p>\n<p>                       <img decoding=\"async\" alt=\"\" src=\"https:\/\/m.media-amazon.com\/images\/W\/IMAGERENDERING_521856-T1\/images\/S\/aplus-media\/vc\/d170bf68-67b1-4282-88ae-ec0ddef679c6._SL220__.jpg\"><\/p>\n<p>                      Farbwahl  <\/p>\n<p class=\"a-size-small\"> W\u00e4hlen Sie zwischen den angesagten Farben Silber und Schwarz, damit Sie in jeder Aufnahmesituation stylisch auftreten. <\/p>\n<p>                      HD 720-Aufnahmen  <\/p>\n<p class=\"a-size-small\"> Halten Sie mit der HD 720-Aufnahmefunktion wichtige Momente in klaren, detailreichen Videos fest. <\/p>\n<p>                      Spezielle \u201eMovie\u201c-Taste  <\/p>\n<p class=\"a-size-small\"> Wenn Ihnen das perfekte Motiv vor die Linse kommt, dr\u00fccken Sie einfach die spezielle \u201eMovie\u201c-Taste, um die Aufnahme zu starten. <\/p>\n<p>                      Das ganze Panorama  <\/p>\n<p class=\"a-size-small\"> Bet\u00e4tigen Sie einfach den Ausl\u00f6ser, und schwenken Sie Ihre Kamera von einer Seite zur anderen. Die Kamera f\u00fcgt High-Speed-Serienaufnahmen zusammen, um ein vollst\u00e4ndiges Panoramabild zu erstellen. <\/p>\n<p> <img decoding=\"async\" alt=\"\" src=\"https:\/\/images-na.ssl-images-amazon.com\/images\/G\/01\/x-locale\/common\/grey-pixel.gif\" class=\"a-lazy-loaded\" data-src=\"https:\/\/m.media-amazon.com\/images\/W\/IMAGERENDERING_521856-T1\/images\/S\/aplus-media\/vc\/7206e8cd-1f65-4cb7-894a-68ea5364c6b8._SL220__.jpg\">\n                      <\/p>\n<p>                       <img decoding=\"async\" alt=\"\" src=\"https:\/\/m.media-amazon.com\/images\/W\/IMAGERENDERING_521856-T1\/images\/S\/aplus-media\/vc\/7206e8cd-1f65-4cb7-894a-68ea5364c6b8._SL220__.jpg\"><\/p>\n<p> <img decoding=\"async\" alt=\"\" src=\"https:\/\/images-na.ssl-images-amazon.com\/images\/G\/01\/x-locale\/common\/grey-pixel.gif\" class=\"a-lazy-loaded\" data-src=\"https:\/\/m.media-amazon.com\/images\/W\/IMAGERENDERING_521856-T1\/images\/S\/aplus-media\/vc\/fec053ea-c34c-44a7-b794-75444486bb60._SL220__.jpg\">\n                      <\/p>\n<p>                       <img decoding=\"async\" alt=\"\" src=\"https:\/\/m.media-amazon.com\/images\/W\/IMAGERENDERING_521856-T1\/images\/S\/aplus-media\/vc\/fec053ea-c34c-44a7-b794-75444486bb60._SL220__.jpg\"><\/p>\n<p> <img decoding=\"async\" alt=\"\" src=\"https:\/\/images-na.ssl-images-amazon.com\/images\/G\/01\/x-locale\/common\/grey-pixel.gif\" class=\"a-lazy-loaded\" data-src=\"https:\/\/m.media-amazon.com\/images\/W\/IMAGERENDERING_521856-T1\/images\/S\/aplus-media\/vc\/e301207f-9f40-4ecb-b9c1-163a25a2457a._SL220__.jpg\">\n                      <\/p>\n<p>                       <img decoding=\"async\" alt=\"\" src=\"https:\/\/m.media-amazon.com\/images\/W\/IMAGERENDERING_521856-T1\/images\/S\/aplus-media\/vc\/e301207f-9f40-4ecb-b9c1-163a25a2457a._SL220__.jpg\"><\/p>\n<p> <img decoding=\"async\" alt=\"\" src=\"https:\/\/images-na.ssl-images-amazon.com\/images\/G\/01\/x-locale\/common\/grey-pixel.gif\" class=\"a-lazy-loaded\" data-src=\"https:\/\/m.media-amazon.com\/images\/W\/IMAGERENDERING_521856-T1\/images\/S\/aplus-media\/vc\/146d95d1-915c-4c1b-8590-f660c60498dc._SL220__.jpg\">\n                      <\/p>\n<p>                       <img decoding=\"async\" alt=\"\" src=\"https:\/\/m.media-amazon.com\/images\/W\/IMAGERENDERING_521856-T1\/images\/S\/aplus-media\/vc\/146d95d1-915c-4c1b-8590-f660c60498dc._SL220__.jpg\"><\/p>\n<p>                      Mehr Kreativit\u00e4t mit Bildeffekten  <\/p>\n<p class=\"a-size-small\"> Hauchen Sie einem Bild mit den integrierten Bildeffekten neues Leben ein. Sie k\u00f6nnen aus zahlreichen Modi ausw\u00e4hlen und brauchen hierzu keine Bildbearbeitungssoftware herunterzuladen. <\/p>\n<p>                      Partystimmung einfangen  <\/p>\n<p class=\"a-size-small\"> Aktivieren Sie den integrierten Party-Modus und schon passt die Kamera die Grundeinstellungen automatisch so an, dass selbst lebhafte Partybilder perfekt gelingen. <\/p>\n<p>                      Gestochen scharfe HD-Aufnahmen  <\/p>\n<p class=\"a-size-small\"> Sch\u00f6pfen Sie die M\u00f6glichkeiten der W800 voll aus, um im Handumdrehen klare, flie\u00dfende Aufnahmen zu erhalten. Mit nur einem Tastendruck k\u00f6nnen sie verwacklungsfreie HD 720-Aufnahmen mit Digital Sound aufnehmen. <\/p>\n<p>                      Sch\u00f6ne Aufnahmen leicht gemacht  <\/p>\n<p class=\"a-size-small\"> Bild- und Videoaufnahmen sind mit der W800 ganz einfach. Die Tasten sind bedienerfreundlich positioniert, und insbesondere die Filmaufnahmetaste erleichtert Videoaufnahmen ungemein. Mit dem Clear Photo LC-Display (Typ 2.7) k\u00f6nnen Sie Ihre Fotos und Videos mit minimalem Aufwand wiedergeben. <\/p>\n<p>Nehmen Sie mit dem 26-mm-Weitwinkelobjektiv die gesamte Szene, und nicht nur Teile davon auf.<br \/>Mit dem hochaufl\u00f6senden Bildsensor mit 20,1 MP k\u00f6nnen Sie die Sch\u00f6nheit jeder Szene erfassen.<br \/>Der optische 5fach-Zoom sorgt f\u00fcr klare, gestochen scharfe Nahaufnahmen.<br \/>Halten Sie mit der HD 720-Aufnahmefunktion wichtige Momente in klaren, detailreichen Videos fest.<br \/>Wenn Ihnen das perfekte Motiv vor die Linse kommt, dr\u00fccken Sie einfach die spezielle \u201eMovie\u201c-Taste, um die Aufnahme zu starten.<br \/>\n<br \/>[ad_2]<\/p>\n","protected":false},"excerpt":{"rendered":"<p>Price: [price_with_discount](as of [price_update_date] &#8211; Details) [ad_1] Produktbeschreibung des Herstellers Aufnahmespa\u00df leicht gemacht Egal ob rauschende Partyn\u00e4chte oder Urlaubsfeeling \u2013 die digitale Kompaktkamera W800 bietet zahlreiche Funktionen, die klare, atemberaubende<\/p>\n","protected":false},"featured_media":76245,"comment_status":"open","ping_status":"closed","template":"","meta":[],"product_cat":[226],"product_tag":[240],"class_list":{"0":"post-76244","1":"product","2":"type-product","3":"status-publish","4":"has-post-thumbnail","6":"product_cat-cameras","7":"product_tag-camera-photo","9":"first","10":"instock","11":"shipping-taxable","12":"product-type-external"},"aioseo_notices":[],"_links":{"self":[{"href":"https:\/\/topgetestet.de\/index.php?rest_route=\/wp\/v2\/product\/76244","targetHints":{"allow":["GET"]}}],"collection":[{"href":"https:\/\/topgetestet.de\/index.php?rest_route=\/wp\/v2\/product"}],"about":[{"href":"https:\/\/topgetestet.de\/index.php?rest_route=\/wp\/v2\/types\/product"}],"replies":[{"embeddable":true,"href":"https:\/\/topgetestet.de\/index.php?rest_route=%2Fwp%2Fv2%2Fcomments&post=76244"}],"wp:featuredmedia":[{"embeddable":true,"href":"https:\/\/topgetestet.de\/index.php?rest_route=\/wp\/v2\/media\/76245"}],"wp:attachment":[{"href":"https:\/\/topgetestet.de\/index.php?rest_route=%2Fwp%2Fv2%2Fmedia&parent=76244"}],"wp:term":[{"taxonomy":"product_cat","embeddable":true,"href":"https:\/\/topgetestet.de\/index.php?rest_route=%2Fwp%2Fv2%2Fproduct_cat&post=76244"},{"taxonomy":"product_tag","embeddable":true,"href":"https:\/\/topgetestet.de\/index.php?rest_route=%2Fwp%2Fv2%2Fproduct_tag&post=76244"}],"curies":[{"name":"wp","href":"https:\/\/api.w.org\/{rel}","templated":true}]}}