{"id":76146,"date":"2022-10-17T06:26:19","date_gmt":"2022-10-17T06:26:19","guid":{"rendered":"https:\/\/topgetestet.de\/?product=zumba-slimdown-party"},"modified":"2022-10-17T06:26:19","modified_gmt":"2022-10-17T06:26:19","slug":"zumba-slimdown-party","status":"publish","type":"product","link":"https:\/\/topgetestet.de\/?product=zumba-slimdown-party","title":{"rendered":"Zumba Slimdown Party"},"content":{"rendered":"<p>Price: <span style=\"color:#b12704\">[price_with_discount]<\/span><br \/><i><small>(as of [price_update_date] &#8211; <span class=\"wp_automatic_amazon_disclaimer\" title=\"Product prices and availability are accurate as of the date\/time indicated and are subject to change. Any price and availability information displayed on [relevant Amazon Site(s), as applicable] at the time of purchase will apply to the purchase of this product.\">Details<\/span>)<\/small><\/i><\/p>\n<p><a href=\"https:\/\/amazon.de\/dp\/B07K1L2BBB?tag=topgetestet09-21\"><img decoding=\"async\" src=\"https:\/\/i.imgur.com\/ISRHEWs.png\"><\/a><br \/>\n[ad_1]<br \/>\n <span>137 Minuten Dance-Fitness-Workouts!Tanz dich Fit!Jetzt kann die Fitness-Party starten! Zeig den Kalorien wo es langgeht und tanz dich schlank &#8211; mit dem einzigartigen Ganzk\u00f6rpertraining &#8220;Zumba Slimdown Party&#8221;. Das Zumba\u00ae-Programm ist ein kraftvolles Training, das durch effektive Fettverbrennung f\u00fcr einen schlanken K\u00f6rper sorgt &#8211; und dabei Riesenspa\u00df macht!Hei\u00dfe Beats lassen die Pfunde schmelzen! Mit neuer Musik und neuen Tanzroutinen wird dieses Workout zur ultimativen Party! Sp\u00fcr die Wirkung der abwechslungsreichen \u00dcbungen und bring deinen K\u00f6rper in Bestform!4 einfache und effektive Dance-Fitness-WorkoutsQuick StartErlerne die grundlegenden Zumba\u00ae-Schritte und beweg dich zum Beat!20 Minute ExpressTeste deine neuen Tanz-Moves bei diesem dynamischen Express-Workout!Latin BurstDreh die Musik auf und sp\u00fcr die pure Energie! Schwing deine H\u00fcften zu den Rhythmen von Merengue, Salsa und Reggaeton.Zumba MaxMaximale Power f\u00fcr maximalen Erfolg! Tanz dich zu deiner Traumfigur mit Beto, dem Erfinder des Zumba\u00ae-Programms.<\/span> <br \/> Seitenverh\u00e4ltnis \u200f : \u200e  16:9 &#8211; 1.77:1, 16:9 &#8211; 1.78:1 <br \/> Alterseinstufung \u200f : \u200e  Nicht gepr\u00fcft <br \/> Produktabmessungen \u200f : \u200e  13.9 x 1.7 x 19.3 cm; 73 Gramm <br \/> Medienformat \u200f : \u200e  PAL, Dolby <br \/> Laufzeit \u200f : \u200e  2 Stunden und 17 Minuten <br \/> Erscheinungstermin \u200f : \u200e  10. Januar 2019 <br \/> Sprache, \u200f : \u200e  Deutsch (Dolby Digital 2.0), Englisch (Dolby Digital 2.0) <br \/> Studio \u200f : \u200e  Universal Pictures Germany GmbH <br \/> ASIN \u200f : \u200e  B07K1L2BBB <br \/> Herkunftsland \u200f : \u200e  Deutschland <br \/> Anzahl Disks \u200f : \u200e  1 <\/p>\n<p>[ad_2]<\/p>\n","protected":false},"excerpt":{"rendered":"<p>Price: [price_with_discount](as of [price_update_date] &#8211; Details) [ad_1] 137 Minuten Dance-Fitness-Workouts!Tanz dich Fit!Jetzt kann die Fitness-Party starten! Zeig den Kalorien wo es langgeht und tanz dich schlank &#8211; mit dem einzigartigen<\/p>\n","protected":false},"featured_media":76147,"comment_status":"open","ping_status":"closed","template":"","meta":[],"product_cat":[233],"product_tag":[274],"class_list":{"0":"post-76146","1":"product","2":"type-product","3":"status-publish","4":"has-post-thumbnail","6":"product_cat-fitness","7":"product_tag-cardio-training","9":"first","10":"instock","11":"shipping-taxable","12":"product-type-external"},"aioseo_notices":[],"_links":{"self":[{"href":"https:\/\/topgetestet.de\/index.php?rest_route=\/wp\/v2\/product\/76146","targetHints":{"allow":["GET"]}}],"collection":[{"href":"https:\/\/topgetestet.de\/index.php?rest_route=\/wp\/v2\/product"}],"about":[{"href":"https:\/\/topgetestet.de\/index.php?rest_route=\/wp\/v2\/types\/product"}],"replies":[{"embeddable":true,"href":"https:\/\/topgetestet.de\/index.php?rest_route=%2Fwp%2Fv2%2Fcomments&post=76146"}],"wp:featuredmedia":[{"embeddable":true,"href":"https:\/\/topgetestet.de\/index.php?rest_route=\/wp\/v2\/media\/76147"}],"wp:attachment":[{"href":"https:\/\/topgetestet.de\/index.php?rest_route=%2Fwp%2Fv2%2Fmedia&parent=76146"}],"wp:term":[{"taxonomy":"product_cat","embeddable":true,"href":"https:\/\/topgetestet.de\/index.php?rest_route=%2Fwp%2Fv2%2Fproduct_cat&post=76146"},{"taxonomy":"product_tag","embeddable":true,"href":"https:\/\/topgetestet.de\/index.php?rest_route=%2Fwp%2Fv2%2Fproduct_tag&post=76146"}],"curies":[{"name":"wp","href":"https:\/\/api.w.org\/{rel}","templated":true}]}}