{"id":76144,"date":"2022-10-17T06:25:16","date_gmt":"2022-10-17T06:25:16","guid":{"rendered":"https:\/\/topgetestet.de\/?product=judith-williams-collagen-care-nourishing-body-cream-400ml"},"modified":"2022-10-17T06:25:16","modified_gmt":"2022-10-17T06:25:16","slug":"judith-williams-collagen-care-nourishing-body-cream-400ml","status":"publish","type":"product","link":"https:\/\/topgetestet.de\/?product=judith-williams-collagen-care-nourishing-body-cream-400ml","title":{"rendered":"Judith Williams Collagen Care Nourishing Body Cream 400ml"},"content":{"rendered":"<p>Price: <span style=\"color:#b12704\">[price_with_discount]<\/span><br \/><i><small>(as of [price_update_date] &#8211; <span class=\"wp_automatic_amazon_disclaimer\" title=\"Product prices and availability are accurate as of the date\/time indicated and are subject to change. Any price and availability information displayed on [relevant Amazon Site(s), as applicable] at the time of purchase will apply to the purchase of this product.\">Details<\/span>)<\/small><\/i><\/p>\n<p><a href=\"https:\/\/amazon.de\/dp\/B09X763SW3?tag=topgetestet09-21\"><img decoding=\"async\" src=\"https:\/\/i.imgur.com\/ISRHEWs.png\"><\/a><br \/>\n[ad_1]<br \/>\n <span>Judith Williams Collagen Care Nourishing Body Cream 400ml cremige Textur mit frischem Duft f\u00fcr alle Hauttypen 35+ auch f\u00fcr die sensible Haut geeignet n\u00e4hrende K\u00f6rpercreme f\u00fcr eine Kollagen-Intensivbehandlung der Haut 100 % pflanzenbasierte Kollagenfragmente (identisch mit menschlichem Kollagen Typ I) mit feuchtigkeitsspendender Bio Aloe Vera BIO-ALOE VERA aus Mallorca &#8211; kann die Hautregeneration aktiv unterst\u00fctzen POLYPHENOLE &#8211; aus der Weintraube sind hochaktive Antioxidantien MORINGA\u00d6List mit 6 x mehr Vitamin C als Orange &amp; Vitamin A, Omega 3, 6 &amp; 9, Aminos\u00e4uren mit S\u00fcssmandel\u00f6l<\/span> <br \/>100 % pflanzenbasierte Kollagenfragmente (identisch mit menschlichem Kollagen Typ I)<br \/>mit feuchtigkeitsspendender Bio Aloe Vera<br \/>POLYPHENOLE &#8211; aus der Weintraube sind hochaktive Antioxidantien<br \/>MORINGA\u00d6List mit 6 x mehr Vitamin C als Orange &#038; Vitamin A, Omega 3, 6 &#038; 9, Aminos\u00e4uren<br \/>\n<br \/>[ad_2]<\/p>\n","protected":false},"excerpt":{"rendered":"<p>Price: [price_with_discount](as of [price_update_date] &#8211; Details) [ad_1] Judith Williams Collagen Care Nourishing Body Cream 400ml cremige Textur mit frischem Duft f\u00fcr alle Hauttypen 35+ auch f\u00fcr die sensible Haut geeignet<\/p>\n","protected":false},"featured_media":76145,"comment_status":"open","ping_status":"closed","template":"","meta":[],"product_cat":[228],"product_tag":[239],"class_list":{"0":"post-76144","1":"product","2":"type-product","3":"status-publish","4":"has-post-thumbnail","6":"product_cat-beauty","7":"product_tag-body-skin-care","9":"first","10":"instock","11":"shipping-taxable","12":"product-type-external"},"aioseo_notices":[],"_links":{"self":[{"href":"https:\/\/topgetestet.de\/index.php?rest_route=\/wp\/v2\/product\/76144","targetHints":{"allow":["GET"]}}],"collection":[{"href":"https:\/\/topgetestet.de\/index.php?rest_route=\/wp\/v2\/product"}],"about":[{"href":"https:\/\/topgetestet.de\/index.php?rest_route=\/wp\/v2\/types\/product"}],"replies":[{"embeddable":true,"href":"https:\/\/topgetestet.de\/index.php?rest_route=%2Fwp%2Fv2%2Fcomments&post=76144"}],"wp:featuredmedia":[{"embeddable":true,"href":"https:\/\/topgetestet.de\/index.php?rest_route=\/wp\/v2\/media\/76145"}],"wp:attachment":[{"href":"https:\/\/topgetestet.de\/index.php?rest_route=%2Fwp%2Fv2%2Fmedia&parent=76144"}],"wp:term":[{"taxonomy":"product_cat","embeddable":true,"href":"https:\/\/topgetestet.de\/index.php?rest_route=%2Fwp%2Fv2%2Fproduct_cat&post=76144"},{"taxonomy":"product_tag","embeddable":true,"href":"https:\/\/topgetestet.de\/index.php?rest_route=%2Fwp%2Fv2%2Fproduct_tag&post=76144"}],"curies":[{"name":"wp","href":"https:\/\/api.w.org\/{rel}","templated":true}]}}