{"id":76131,"date":"2022-10-17T06:22:14","date_gmt":"2022-10-17T06:22:14","guid":{"rendered":"https:\/\/topgetestet.de\/?product=amazon-basics-hdmi-auf-vga-adapter"},"modified":"2022-10-17T06:22:14","modified_gmt":"2022-10-17T06:22:14","slug":"amazon-basics-hdmi-auf-vga-adapter","status":"publish","type":"product","link":"https:\/\/topgetestet.de\/?product=amazon-basics-hdmi-auf-vga-adapter","title":{"rendered":"Amazon Basics \u2013 HDMI-auf-VGA-Adapter"},"content":{"rendered":"<p>Price: <span style=\"color:#b12704\">[price_with_discount]<\/span><br \/><i><small>(as of [price_update_date] &#8211; <span class=\"wp_automatic_amazon_disclaimer\" title=\"Product prices and availability are accurate as of the date\/time indicated and are subject to change. Any price and availability information displayed on [relevant Amazon Site(s), as applicable] at the time of purchase will apply to the purchase of this product.\">Details<\/span>)<\/small><\/i><\/p>\n<p><a href=\"https:\/\/amazon.de\/dp\/B07KRBPPPF?tag=topgetestet09-21\"><img decoding=\"async\" src=\"https:\/\/i.imgur.com\/ISRHEWs.png\"><\/a><br \/>\n[ad_1]<br \/>\n Um die Gesamtbewertung der Sterne und die prozentuale Aufschl\u00fcsselung nach Sternen zu berechnen, verwenden wir keinen einfachen Durchschnitt. Stattdessen ber\u00fccksichtigt unser System beispielsweise, wie aktuell eine Bewertung ist und ob der Pr\u00fcfer den Artikel bei Amazon gekauft hat. Es wurden auch Bewertungen analysiert, um die Vertrauensw\u00fcrdigkeit zu \u00fcberpr\u00fcfen. <br \/> Produktabmessungen \u200f : \u200e  17.5 x 4.5 x 1.45 cm; 38.27 Gramm <br \/> Im Angebot von Amazon.de seit \u200f : \u200e  24. November 2018 <br \/> Hersteller \u200f : \u200e  Amazon Basics <br \/> ASIN \u200f : \u200e  B07KRBPPPF <br \/> Modellnummer \u200f : \u200e  HAM-V <\/p>\n<p>Verbindet HDMI-Ger\u00e4te mit VGA-Displays schnell und einfach (Stecker auf Buchse)<br \/>Sein kompaktes Design macht den Adapter ideal zum Mitnehmen f\u00fcr Pr\u00e4sentationen und Veranstaltungen<br \/>Er verbindet sich problemlos mit Projektoren, Fernsehger\u00e4ten, Monitoren und anderen digitalen Anzeigeger\u00e4ten<br \/>Er ist kompatibel mit PC, Laptop, Ultrabook, Notebook, Chromebook, Raspberry Pi, Intel Nuc, Roku, PS3, Xbox One, Xbox 360, Wii U, Set-Top-Box, TV-Box und anderen Ger\u00e4ten, die einen Standard-HDMI-Anschluss besitzen.<br \/>Er ist nicht kompatibel mit Ger\u00e4ten, die nur einen HDMI-Anschluss mit niedriger Stromzufuhr besitzen<br \/>Dieses Produkt verf\u00fcgt \u00fcber keinen HDCP-Schl\u00fcssel und es wird zu Anzeigeproblemen kommen, wenn die HDMI-Quelle HDCP ist. Zudem darf die Aufl\u00f6sung der HDMI-Quelle nicht h\u00f6her als die maximale Aufl\u00f6sung des Monitors\/Fernseher sein, da \u00e4ltere Modelle eventuell nicht in der Lage sind, die Aufl\u00f6sung selbstst\u00e4ndig anzupassen<br \/>\n<br \/>[ad_2]<\/p>\n","protected":false},"excerpt":{"rendered":"<p>Price: [price_with_discount](as of [price_update_date] &#8211; Details) [ad_1] Um die Gesamtbewertung der Sterne und die prozentuale Aufschl\u00fcsselung nach Sternen zu berechnen, verwenden wir keinen einfachen Durchschnitt. Stattdessen ber\u00fccksichtigt unser System beispielsweise,<\/p>\n","protected":false},"featured_media":76132,"comment_status":"open","ping_status":"closed","template":"","meta":[],"product_cat":[225],"product_tag":[],"class_list":{"0":"post-76131","1":"product","2":"type-product","3":"status-publish","4":"has-post-thumbnail","6":"product_cat-electronics","8":"first","9":"instock","10":"shipping-taxable","11":"product-type-external"},"aioseo_notices":[],"_links":{"self":[{"href":"https:\/\/topgetestet.de\/index.php?rest_route=\/wp\/v2\/product\/76131","targetHints":{"allow":["GET"]}}],"collection":[{"href":"https:\/\/topgetestet.de\/index.php?rest_route=\/wp\/v2\/product"}],"about":[{"href":"https:\/\/topgetestet.de\/index.php?rest_route=\/wp\/v2\/types\/product"}],"replies":[{"embeddable":true,"href":"https:\/\/topgetestet.de\/index.php?rest_route=%2Fwp%2Fv2%2Fcomments&post=76131"}],"wp:featuredmedia":[{"embeddable":true,"href":"https:\/\/topgetestet.de\/index.php?rest_route=\/wp\/v2\/media\/76132"}],"wp:attachment":[{"href":"https:\/\/topgetestet.de\/index.php?rest_route=%2Fwp%2Fv2%2Fmedia&parent=76131"}],"wp:term":[{"taxonomy":"product_cat","embeddable":true,"href":"https:\/\/topgetestet.de\/index.php?rest_route=%2Fwp%2Fv2%2Fproduct_cat&post=76131"},{"taxonomy":"product_tag","embeddable":true,"href":"https:\/\/topgetestet.de\/index.php?rest_route=%2Fwp%2Fv2%2Fproduct_tag&post=76131"}],"curies":[{"name":"wp","href":"https:\/\/api.w.org\/{rel}","templated":true}]}}