{"id":75992,"date":"2022-10-17T05:34:31","date_gmt":"2022-10-17T05:34:31","guid":{"rendered":"https:\/\/topgetestet.de\/?product=hogl-damen-diana-stiefelette"},"modified":"2022-10-17T05:34:31","modified_gmt":"2022-10-17T05:34:31","slug":"hogl-damen-diana-stiefelette","status":"publish","type":"product","link":"https:\/\/topgetestet.de\/?product=hogl-damen-diana-stiefelette","title":{"rendered":"H\u00f6gl Damen Diana Stiefelette"},"content":{"rendered":"<p>Price: <span style=\"color:#b12704\">[price_with_discount]<\/span><br \/><i><small>(as of [price_update_date] &#8211; <span class=\"wp_automatic_amazon_disclaimer\" title=\"Product prices and availability are accurate as of the date\/time indicated and are subject to change. Any price and availability information displayed on [relevant Amazon Site(s), as applicable] at the time of purchase will apply to the purchase of this product.\">Details<\/span>)<\/small><\/i><\/p>\n<p><a href=\"https:\/\/amazon.de\/dp\/B08V5KT536?tag=topgetestet09-21\"><img decoding=\"async\" src=\"https:\/\/i.imgur.com\/ISRHEWs.png\"><\/a><br \/>\n[ad_1]<\/p>\n<p>       Produktbeschreibung des Herstellers <\/p>\n<p>          <img decoding=\"async\" alt=\"Stiefeletten, Damenschuhe, Hoegl, hoegl shoe fashion\" src=\"https:\/\/images-na.ssl-images-amazon.com\/images\/G\/01\/x-locale\/common\/grey-pixel.gif\" class=\"a-lazy-loaded\" data-src=\"https:\/\/m.media-amazon.com\/images\/S\/aplus-media-library-service-media\/3c513a2b-a624-4ac9-a5a7-a15fdd31c924.__CR0,0,600,180_PT0_SX600_V1___.jpg\"><\/p>\n<p>           <img decoding=\"async\" alt=\"Stiefeletten, Damenschuhe, Hoegl, hoegl shoe fashion\" src=\"https:\/\/m.media-amazon.com\/images\/S\/aplus-media-library-service-media\/3c513a2b-a624-4ac9-a5a7-a15fdd31c924.__CR0,0,600,180_PT0_SX600_V1___.jpg\"><\/p>\n<p>               <img decoding=\"async\" alt=\"Stiefeletten, Damenschuhe, Hoegl, hoegl shoe fashion\" src=\"https:\/\/images-na.ssl-images-amazon.com\/images\/G\/01\/x-locale\/common\/grey-pixel.gif\" class=\"a-spacing-mini a-lazy-loaded\" data-src=\"https:\/\/m.media-amazon.com\/images\/S\/aplus-media-library-service-media\/3a00b4ed-fd38-44d8-a2f5-9b7cd6d362e8.__CR0,20,1122,1496_PT0_SX300_V1___.jpg\"><\/p>\n<p>                <img decoding=\"async\" alt=\"Stiefeletten, Damenschuhe, Hoegl, hoegl shoe fashion\" src=\"https:\/\/m.media-amazon.com\/images\/S\/aplus-media-library-service-media\/3a00b4ed-fd38-44d8-a2f5-9b7cd6d362e8.__CR0,20,1122,1496_PT0_SX300_V1___.jpg\"><\/p>\n<p> <\/p>\n<p>                 Produktinformationen  <\/p>\n<p>                     Obermaterial: Glattleder<br \/>\n                     Verschluss: Rei\u00dfverschluss<br \/>\n                     Absatztyp: Blockabsatz<br \/>\n                     Absatzh\u00f6he: 4,5 cm   <\/p>\n<h3 class=\"a-spacing-mini\"> H\u00f6gl Stiefeletten Skin: DIANA (2-104810-1600) <\/h3>\n<p class=\"a-spacing-base\"> Schlichte Modernit\u00e4t. Die formvollendete Schnittf\u00fchrung der H\u00f6gl Glattleder-Stiefelette wird durch farblich abgestimmte Ziern\u00e4hte optisch betont. Eine Lederschlaufe schm\u00fcckt den Stiefelschaft, Sohle und Blockabsatz bekommen mit einer Profilsohle Verst\u00e4rkung. Damit ist das Modell DIANA auch f\u00fcr k\u00e4ltere Temperaturen ein souver\u00e4ner Begleiter. <\/p>\n<p> Verpackungsabmessungen \u200f : \u200e  33.2 x 30.5 x 10.5 cm; 1 Kilogramm <br \/> Im Angebot von Amazon.de seit \u200f : \u200e  27. Januar 2021 <br \/> Hersteller \u200f : \u200e  H\u00f6gl <br \/> ASIN \u200f : \u200e  B08V5KPZ5Y <br \/> Modellnummer \u200f : \u200e  2-104810 <br \/> Kategorie \u200f : \u200e  Damen <\/p>\n<p>[ad_2]<\/p>\n","protected":false},"excerpt":{"rendered":"<p>Price: [price_with_discount](as of [price_update_date] &#8211; Details) [ad_1] Produktbeschreibung des Herstellers Produktinformationen Obermaterial: Glattleder Verschluss: Rei\u00dfverschluss Absatztyp: Blockabsatz Absatzh\u00f6he: 4,5 cm H\u00f6gl Stiefeletten Skin: DIANA (2-104810-1600) Schlichte Modernit\u00e4t. Die formvollendete Schnittf\u00fchrung<\/p>\n","protected":false},"featured_media":75993,"comment_status":"open","ping_status":"closed","template":"","meta":[],"product_cat":[232],"product_tag":[],"class_list":{"0":"post-75992","1":"product","2":"type-product","3":"status-publish","4":"has-post-thumbnail","6":"product_cat-women-fashion","8":"first","9":"instock","10":"shipping-taxable","11":"product-type-external"},"aioseo_notices":[],"_links":{"self":[{"href":"https:\/\/topgetestet.de\/index.php?rest_route=\/wp\/v2\/product\/75992","targetHints":{"allow":["GET"]}}],"collection":[{"href":"https:\/\/topgetestet.de\/index.php?rest_route=\/wp\/v2\/product"}],"about":[{"href":"https:\/\/topgetestet.de\/index.php?rest_route=\/wp\/v2\/types\/product"}],"replies":[{"embeddable":true,"href":"https:\/\/topgetestet.de\/index.php?rest_route=%2Fwp%2Fv2%2Fcomments&post=75992"}],"wp:featuredmedia":[{"embeddable":true,"href":"https:\/\/topgetestet.de\/index.php?rest_route=\/wp\/v2\/media\/75993"}],"wp:attachment":[{"href":"https:\/\/topgetestet.de\/index.php?rest_route=%2Fwp%2Fv2%2Fmedia&parent=75992"}],"wp:term":[{"taxonomy":"product_cat","embeddable":true,"href":"https:\/\/topgetestet.de\/index.php?rest_route=%2Fwp%2Fv2%2Fproduct_cat&post=75992"},{"taxonomy":"product_tag","embeddable":true,"href":"https:\/\/topgetestet.de\/index.php?rest_route=%2Fwp%2Fv2%2Fproduct_tag&post=75992"}],"curies":[{"name":"wp","href":"https:\/\/api.w.org\/{rel}","templated":true}]}}