{"id":75983,"date":"2022-10-17T05:33:00","date_gmt":"2022-10-17T05:33:00","guid":{"rendered":"https:\/\/topgetestet.de\/?product=puma-damen-cali-wedge-wn-s-sneaker-2"},"modified":"2022-10-17T05:33:00","modified_gmt":"2022-10-17T05:33:00","slug":"puma-damen-cali-wedge-wn-s-sneaker-2","status":"publish","type":"product","link":"https:\/\/topgetestet.de\/?product=puma-damen-cali-wedge-wn-s-sneaker-2","title":{"rendered":"PUMA Damen Cali Wedge Wn S Sneaker"},"content":{"rendered":"<p>Price: <span style=\"color:#b12704\">[price_with_discount]<\/span><br \/><i><small>(as of [price_update_date] &#8211; <span class=\"wp_automatic_amazon_disclaimer\" title=\"Product prices and availability are accurate as of the date\/time indicated and are subject to change. Any price and availability information displayed on [relevant Amazon Site(s), as applicable] at the time of purchase will apply to the purchase of this product.\">Details<\/span>)<\/small><\/i><\/p>\n<p><a href=\"https:\/\/amazon.de\/dp\/B081QL7W2S?tag=topgetestet09-21\"><img decoding=\"async\" src=\"https:\/\/i.imgur.com\/ISRHEWs.png\"><\/a><br \/>\n[ad_1]<br \/>\n <span>Klassisch vorne. Keil im R\u00fccken Der neue Cali Wedge bringt den charakteristischen Cali auf neue H\u00f6hen &#8211; mit einer einzigartigen Keilsohle und einem sauberen Obermaterial. Die Westk\u00fcsten-Atmosph\u00e4re macht das gewisse Etwas.<\/span> <br \/> Produktabmessungen \u200f : \u200e  1 x 1 x 1 cm; 500 Gramm <br \/> Im Angebot von Amazon.de seit \u200f : \u200e  16. Dezember 2019 <br \/> Hersteller \u200f : \u200e  Puma <br \/> ASIN \u200f : \u200e  B081QLVN4S <br \/> Modellnummer \u200f : \u200e  373438 <br \/> Kategorie \u200f : \u200e  Damen <\/p>\n<p>[ad_2]<\/p>\n","protected":false},"excerpt":{"rendered":"<p>Price: [price_with_discount](as of [price_update_date] &#8211; Details) [ad_1] Klassisch vorne. Keil im R\u00fccken Der neue Cali Wedge bringt den charakteristischen Cali auf neue H\u00f6hen &#8211; mit einer einzigartigen Keilsohle und einem<\/p>\n","protected":false},"featured_media":75984,"comment_status":"open","ping_status":"closed","template":"","meta":[],"product_cat":[230],"product_tag":[266],"class_list":{"0":"post-75983","1":"product","2":"type-product","3":"status-publish","4":"has-post-thumbnail","6":"product_cat-fashion","7":"product_tag-womens-fashion-sneakers","9":"first","10":"instock","11":"shipping-taxable","12":"product-type-external"},"aioseo_notices":[],"_links":{"self":[{"href":"https:\/\/topgetestet.de\/index.php?rest_route=\/wp\/v2\/product\/75983","targetHints":{"allow":["GET"]}}],"collection":[{"href":"https:\/\/topgetestet.de\/index.php?rest_route=\/wp\/v2\/product"}],"about":[{"href":"https:\/\/topgetestet.de\/index.php?rest_route=\/wp\/v2\/types\/product"}],"replies":[{"embeddable":true,"href":"https:\/\/topgetestet.de\/index.php?rest_route=%2Fwp%2Fv2%2Fcomments&post=75983"}],"wp:featuredmedia":[{"embeddable":true,"href":"https:\/\/topgetestet.de\/index.php?rest_route=\/wp\/v2\/media\/75984"}],"wp:attachment":[{"href":"https:\/\/topgetestet.de\/index.php?rest_route=%2Fwp%2Fv2%2Fmedia&parent=75983"}],"wp:term":[{"taxonomy":"product_cat","embeddable":true,"href":"https:\/\/topgetestet.de\/index.php?rest_route=%2Fwp%2Fv2%2Fproduct_cat&post=75983"},{"taxonomy":"product_tag","embeddable":true,"href":"https:\/\/topgetestet.de\/index.php?rest_route=%2Fwp%2Fv2%2Fproduct_tag&post=75983"}],"curies":[{"name":"wp","href":"https:\/\/api.w.org\/{rel}","templated":true}]}}