{"id":75824,"date":"2022-10-17T04:41:59","date_gmt":"2022-10-17T04:41:59","guid":{"rendered":"https:\/\/topgetestet.de\/?product=snakebyte-video-games-zubehor-sb914850-controller"},"modified":"2022-10-17T04:41:59","modified_gmt":"2022-10-17T04:41:59","slug":"snakebyte-video-games-zubehor-sb914850-controller","status":"publish","type":"product","link":"https:\/\/topgetestet.de\/?product=snakebyte-video-games-zubehor-sb914850-controller","title":{"rendered":"snakebyte Video-Games Zubeh\u00f6r SB914850, Controller"},"content":{"rendered":"<p>Price: <span style=\"color:#b12704\">[price_with_discount]<\/span><br \/><i><small>(as of [price_update_date] &#8211; <span class=\"wp_automatic_amazon_disclaimer\" title=\"Product prices and availability are accurate as of the date\/time indicated and are subject to change. Any price and availability information displayed on [relevant Amazon Site(s), as applicable] at the time of purchase will apply to the purchase of this product.\">Details<\/span>)<\/small><\/i><\/p>\n<p><a href=\"https:\/\/amazon.de\/dp\/B07YZZ5W7G?tag=topgetestet09-21\"><img decoding=\"async\" src=\"https:\/\/i.imgur.com\/ISRHEWs.png\"><\/a><br \/>\n[ad_1]<\/p>\n<p>       Produktbeschreibung des Herstellers <\/p>\n<p>              <img decoding=\"async\" alt=\"snakebyte fc schalke\" src=\"https:\/\/images-na.ssl-images-amazon.com\/images\/G\/01\/x-locale\/common\/grey-pixel.gif\" class=\"a-lazy-loaded\" data-src=\"https:\/\/m.media-amazon.com\/images\/S\/aplus-media\/vc\/df5ae687-4ebd-4b4a-ae03-dfae5dbc428e.__CR0,0,970,300_PT0_SX970_V1___.jpg\"><\/p>\n<p>               <img decoding=\"async\" alt=\"snakebyte fc schalke\" src=\"https:\/\/m.media-amazon.com\/images\/S\/aplus-media\/vc\/df5ae687-4ebd-4b4a-ae03-dfae5dbc428e.__CR0,0,970,300_PT0_SX970_V1___.jpg\"><\/p>\n<p>               <img decoding=\"async\" alt=\"snakebyte fc schalke controller\" src=\"https:\/\/images-na.ssl-images-amazon.com\/images\/G\/01\/x-locale\/common\/grey-pixel.gif\" class=\"a-spacing-mini a-lazy-loaded\" data-src=\"https:\/\/m.media-amazon.com\/images\/S\/aplus-media\/vc\/6b3ad1fc-f219-4323-ba80-07dade728e7a.__CR0,0,300,400_PT0_SX300_V1___.jpg\"><\/p>\n<p>                <img decoding=\"async\" alt=\"snakebyte fc schalke controller\" src=\"https:\/\/m.media-amazon.com\/images\/S\/aplus-media\/vc\/6b3ad1fc-f219-4323-ba80-07dade728e7a.__CR0,0,300,400_PT0_SX300_V1___.jpg\"><\/p>\n<p> <\/p>\n<p>                <img decoding=\"async\" alt=\"snakebyte logo\" src=\"https:\/\/images-na.ssl-images-amazon.com\/images\/G\/01\/x-locale\/common\/grey-pixel.gif\" class=\"a-spacing-mini a-lazy-loaded\" data-src=\"https:\/\/m.media-amazon.com\/images\/S\/aplus-media\/vc\/f8f6383e-ff0a-4c19-8691-11a1fbfa9cce.__CR0,0,350,175_PT0_SX350_V1___.jpg\"><\/p>\n<p>                 <img decoding=\"async\" alt=\"snakebyte logo\" src=\"https:\/\/m.media-amazon.com\/images\/S\/aplus-media\/vc\/f8f6383e-ff0a-4c19-8691-11a1fbfa9cce.__CR0,0,350,175_PT0_SX350_V1___.jpg\"><\/p>\n<p>                 \u00dcber snakebyte  <\/p>\n<p class=\"a-spacing-small a-size-small a-color-secondary\"> snakebyte ist bekannt als Spezialist f\u00fcr Videospielzubeh\u00f6r. Gamer rund um die Welt kennen und sch\u00e4tzen snakebyte als Marke, die innovative und hochqualitative Produkte zu fairen Preisen bietet. <\/p>\n<h3 class=\"a-spacing-mini\"> snakebyte FC Schalke 04 PS4 Wireless Pro-Controller <\/h3>\n<p>                Offiziell lizenziertes FC Schalke 04 Gamepad f\u00fcr die PlayStation 4  <\/p>\n<p class=\"a-spacing-base\"> Der Wireless Pro-Controller f\u00fcr die PS4 ist f\u00fcr Gamer auf der Suche nach kabelloser Freiheit gemacht. Zwei Vibrationsmotoren lassen den Benutzer die Action f\u00fchlen, w\u00e4hrend die Analog-Sticks und Trigger pr\u00e4zise Kontrolle gew\u00e4hren. Die Bluetooth-Technologie erm\u00f6glicht die einfache Verbindung mit der PlayStation und sorgt f\u00fcr blitzschnelle Reaktionszeiten und eine niedrige Verbindungslatenz. Eine LED-Leuchte zeigt den Betriebszustand an und der 3,5mm Anschluss erm\u00f6glicht die Headset-Nutzung. <\/p>\n<p>                     Offiziell lizenzierter FC Schalke 04 Controller f\u00fcr PlayStation 4<br \/>\n                     Kabellos<br \/>\n                     3,5mm Kopfh\u00f6reranschluss<br \/>\n                     Analoge Joysticks und Trigger f\u00fcr pr\u00e4zise Kontrolle<br \/>\n                     Zwei Vibrationsmotoren verst\u00e4rken das haptische Feedback   <\/p>\n<h3 class=\"a-spacing-small\"> Eigenschaften <\/h3>\n<p> <img decoding=\"async\" alt=\"snakebyte fc schalke controller\" src=\"https:\/\/images-na.ssl-images-amazon.com\/images\/G\/01\/x-locale\/common\/grey-pixel.gif\" class=\"a-spacing-mini a-lazy-loaded\" data-src=\"https:\/\/m.media-amazon.com\/images\/S\/aplus-media\/vc\/a0861a5f-2959-434e-b70e-0ecc9c631168.__CR0,0,300,300_PT0_SX300_V1___.jpg\">\n                   <\/p>\n<p>                    <img decoding=\"async\" alt=\"snakebyte fc schalke controller\" src=\"https:\/\/m.media-amazon.com\/images\/S\/aplus-media\/vc\/a0861a5f-2959-434e-b70e-0ecc9c631168.__CR0,0,300,300_PT0_SX300_V1___.jpg\"><\/p>\n<p> <img decoding=\"async\" alt=\"snakebyte fc schalke controller\" src=\"https:\/\/images-na.ssl-images-amazon.com\/images\/G\/01\/x-locale\/common\/grey-pixel.gif\" class=\"a-spacing-mini a-lazy-loaded\" data-src=\"https:\/\/m.media-amazon.com\/images\/S\/aplus-media\/vc\/b30856bc-b8c1-49e3-9903-b1de3589c15a.__CR0,0,300,300_PT0_SX300_V1___.jpg\">\n                   <\/p>\n<p>                    <img decoding=\"async\" alt=\"snakebyte fc schalke controller\" src=\"https:\/\/m.media-amazon.com\/images\/S\/aplus-media\/vc\/b30856bc-b8c1-49e3-9903-b1de3589c15a.__CR0,0,300,300_PT0_SX300_V1___.jpg\"><\/p>\n<p> <img decoding=\"async\" alt=\"snakebyte fc schalke controller\" src=\"https:\/\/images-na.ssl-images-amazon.com\/images\/G\/01\/x-locale\/common\/grey-pixel.gif\" class=\"a-spacing-mini a-lazy-loaded\" data-src=\"https:\/\/m.media-amazon.com\/images\/S\/aplus-media\/vc\/22400762-411e-4d32-9fbc-00eb38f6abec.__CR0,0,300,300_PT0_SX300_V1___.jpg\">\n                   <\/p>\n<p>                    <img decoding=\"async\" alt=\"snakebyte fc schalke controller\" src=\"https:\/\/m.media-amazon.com\/images\/S\/aplus-media\/vc\/22400762-411e-4d32-9fbc-00eb38f6abec.__CR0,0,300,300_PT0_SX300_V1___.jpg\"><\/p>\n<p>                   Im offiziellen Design des FC Schalke 04  <\/p>\n<p>                   Vertraute Tastenbelegung  <\/p>\n<p>                   Zwei Vibrationsmotoren verst\u00e4rken das haptische Feedback  <\/p>\n<p>              <img decoding=\"async\" alt=\"snakebyte fc schalke\" src=\"https:\/\/images-na.ssl-images-amazon.com\/images\/G\/01\/x-locale\/common\/grey-pixel.gif\" class=\"a-lazy-loaded\" data-src=\"https:\/\/m.media-amazon.com\/images\/S\/aplus-media\/vc\/c1fe3b7e-c22d-4808-945c-e4e9a542532b.__CR0,0,970,300_PT0_SX970_V1___.jpg\"><\/p>\n<p>               <img decoding=\"async\" alt=\"snakebyte fc schalke\" src=\"https:\/\/m.media-amazon.com\/images\/S\/aplus-media\/vc\/c1fe3b7e-c22d-4808-945c-e4e9a542532b.__CR0,0,970,300_PT0_SX970_V1___.jpg\"><\/p>\n<p>[ad_2]<\/p>\n","protected":false},"excerpt":{"rendered":"<p>Price: [price_with_discount](as of [price_update_date] &#8211; Details) [ad_1] Produktbeschreibung des Herstellers \u00dcber snakebyte snakebyte ist bekannt als Spezialist f\u00fcr Videospielzubeh\u00f6r. Gamer rund um die Welt kennen und sch\u00e4tzen snakebyte als Marke,<\/p>\n","protected":false},"featured_media":75825,"comment_status":"open","ping_status":"closed","template":"","meta":[],"product_cat":[227],"product_tag":[267],"class_list":{"0":"post-75824","1":"product","2":"type-product","3":"status-publish","4":"has-post-thumbnail","6":"product_cat-gaming","7":"product_tag-video-games","9":"first","10":"instock","11":"sale","12":"shipping-taxable","13":"product-type-external"},"aioseo_notices":[],"_links":{"self":[{"href":"https:\/\/topgetestet.de\/index.php?rest_route=\/wp\/v2\/product\/75824","targetHints":{"allow":["GET"]}}],"collection":[{"href":"https:\/\/topgetestet.de\/index.php?rest_route=\/wp\/v2\/product"}],"about":[{"href":"https:\/\/topgetestet.de\/index.php?rest_route=\/wp\/v2\/types\/product"}],"replies":[{"embeddable":true,"href":"https:\/\/topgetestet.de\/index.php?rest_route=%2Fwp%2Fv2%2Fcomments&post=75824"}],"wp:featuredmedia":[{"embeddable":true,"href":"https:\/\/topgetestet.de\/index.php?rest_route=\/wp\/v2\/media\/75825"}],"wp:attachment":[{"href":"https:\/\/topgetestet.de\/index.php?rest_route=%2Fwp%2Fv2%2Fmedia&parent=75824"}],"wp:term":[{"taxonomy":"product_cat","embeddable":true,"href":"https:\/\/topgetestet.de\/index.php?rest_route=%2Fwp%2Fv2%2Fproduct_cat&post=75824"},{"taxonomy":"product_tag","embeddable":true,"href":"https:\/\/topgetestet.de\/index.php?rest_route=%2Fwp%2Fv2%2Fproduct_tag&post=75824"}],"curies":[{"name":"wp","href":"https:\/\/api.w.org\/{rel}","templated":true}]}}