{"id":75665,"date":"2022-10-17T03:45:31","date_gmt":"2022-10-17T03:45:31","guid":{"rendered":"https:\/\/topgetestet.de\/?product=cerumenfilter-widex-nanocare"},"modified":"2022-10-17T03:45:31","modified_gmt":"2022-10-17T03:45:31","slug":"cerumenfilter-widex-nanocare","status":"publish","type":"product","link":"https:\/\/topgetestet.de\/?product=cerumenfilter-widex-nanocare","title":{"rendered":"Cerumenfilter Widex NanoCare"},"content":{"rendered":"<p>Price: <span style=\"color:#b12704\">[price_with_discount]<\/span><br \/><i><small>(as of [price_update_date] &#8211; <span class=\"wp_automatic_amazon_disclaimer\" title=\"Product prices and availability are accurate as of the date\/time indicated and are subject to change. Any price and availability information displayed on [relevant Amazon Site(s), as applicable] at the time of purchase will apply to the purchase of this product.\">Details<\/span>)<\/small><\/i><\/p>\n<p><a href=\"https:\/\/amazon.de\/dp\/B00BRJ3KGO?tag=topgetestet09-21\"><img decoding=\"async\" src=\"https:\/\/i.imgur.com\/ISRHEWs.png\"><\/a><br \/>\n[ad_1]<br \/>\n <span>Cerumenfilter Widex NanoCare Produktbeschreibung: Cerumenfilter sch\u00fctzen das H\u00f6rger\u00e4t vor Ohrenschmalz und Feuchtigkeit. Der Widex CeruStop NanoCare ist mit einer speziellen antibakteriellen Nano-Beschichtung versehen, die f\u00fcr noch mehr Sauberkeit im H\u00f6rger\u00e4t sorgt. 2,1 mm Durchmesser<\/span> <br \/>Lieferumfang 8 Filter mit Entnahme Stab<br \/>Spezielle Nano Beschichtung<br \/>Sch\u00fctzt das H\u00f6rger\u00e4t vor Cerumen<br \/>\n<br \/>[ad_2]<\/p>\n","protected":false},"excerpt":{"rendered":"<p>Price: [price_with_discount](as of [price_update_date] &#8211; Details) [ad_1] Cerumenfilter Widex NanoCare Produktbeschreibung: Cerumenfilter sch\u00fctzen das H\u00f6rger\u00e4t vor Ohrenschmalz und Feuchtigkeit. Der Widex CeruStop NanoCare ist mit einer speziellen antibakteriellen Nano-Beschichtung versehen,<\/p>\n","protected":false},"featured_media":75666,"comment_status":"open","ping_status":"closed","template":"","meta":[],"product_cat":[228],"product_tag":[237],"class_list":{"0":"post-75665","1":"product","2":"type-product","3":"status-publish","4":"has-post-thumbnail","6":"product_cat-beauty","7":"product_tag-personal-care","9":"first","10":"instock","11":"shipping-taxable","12":"product-type-external"},"aioseo_notices":[],"_links":{"self":[{"href":"https:\/\/topgetestet.de\/index.php?rest_route=\/wp\/v2\/product\/75665","targetHints":{"allow":["GET"]}}],"collection":[{"href":"https:\/\/topgetestet.de\/index.php?rest_route=\/wp\/v2\/product"}],"about":[{"href":"https:\/\/topgetestet.de\/index.php?rest_route=\/wp\/v2\/types\/product"}],"replies":[{"embeddable":true,"href":"https:\/\/topgetestet.de\/index.php?rest_route=%2Fwp%2Fv2%2Fcomments&post=75665"}],"wp:featuredmedia":[{"embeddable":true,"href":"https:\/\/topgetestet.de\/index.php?rest_route=\/wp\/v2\/media\/75666"}],"wp:attachment":[{"href":"https:\/\/topgetestet.de\/index.php?rest_route=%2Fwp%2Fv2%2Fmedia&parent=75665"}],"wp:term":[{"taxonomy":"product_cat","embeddable":true,"href":"https:\/\/topgetestet.de\/index.php?rest_route=%2Fwp%2Fv2%2Fproduct_cat&post=75665"},{"taxonomy":"product_tag","embeddable":true,"href":"https:\/\/topgetestet.de\/index.php?rest_route=%2Fwp%2Fv2%2Fproduct_tag&post=75665"}],"curies":[{"name":"wp","href":"https:\/\/api.w.org\/{rel}","templated":true}]}}