{"id":75434,"date":"2022-10-17T01:39:55","date_gmt":"2022-10-17T01:39:55","guid":{"rendered":"https:\/\/topgetestet.de\/?product=tattoomed-after-tattoo-tattoo-pflege-fur-tatowierte-haut-100ml"},"modified":"2022-10-17T01:39:55","modified_gmt":"2022-10-17T01:39:55","slug":"tattoomed-after-tattoo-tattoo-pflege-fur-tatowierte-haut-100ml","status":"publish","type":"product","link":"https:\/\/topgetestet.de\/?product=tattoomed-after-tattoo-tattoo-pflege-fur-tatowierte-haut-100ml","title":{"rendered":"TattooMed After Tattoo &#8211; Tattoo-Pflege f\u00fcr T\u00e4towierte Haut, 100ml"},"content":{"rendered":"<p>Price: <span style=\"color:#b12704\">[price_with_discount]<\/span><br \/><i><small>(as of [price_update_date] &#8211; <span class=\"wp_automatic_amazon_disclaimer\" title=\"Product prices and availability are accurate as of the date\/time indicated and are subject to change. Any price and availability information displayed on [relevant Amazon Site(s), as applicable] at the time of purchase will apply to the purchase of this product.\">Details<\/span>)<\/small><\/i><\/p>\n<p><a href=\"https:\/\/amazon.de\/dp\/B00AQYSLHY?tag=topgetestet09-21\"><img decoding=\"async\" src=\"https:\/\/i.imgur.com\/ISRHEWs.png\"><\/a><br \/>\n[ad_1]<br \/>\n <span>Ziel von TattooMed ist es, den Kunden viele qualitativ hochwertige Produkte anzubieten und die Bed\u00fcrfnisse aller Kunden zu befriedigen. Um dies zu erreichen, wird TattooMed mehr Zeit f\u00fcr die Nutzung und das Design der Produkte aufwenden. In unserem Gesch\u00e4ft finden Sie immer mehr klassische, modische Produkte.<\/span> <br \/>Mit Panthenol (7%) &#8211; Mit Vitamin E<br \/>Spendet Feuchtigkeit &#8211; Vermindert den Juckreiz<br \/>Sch\u00fctzt die Farben &#8211; Beruhigt die Haut<br \/>Dermatologisch best\u00e4tigt<br \/>\n<br \/>[ad_2]<\/p>\n","protected":false},"excerpt":{"rendered":"<p>Price: [price_with_discount](as of [price_update_date] &#8211; Details) [ad_1] Ziel von TattooMed ist es, den Kunden viele qualitativ hochwertige Produkte anzubieten und die Bed\u00fcrfnisse aller Kunden zu befriedigen. Um dies zu erreichen,<\/p>\n","protected":false},"featured_media":75435,"comment_status":"open","ping_status":"closed","template":"","meta":[],"product_cat":[228],"product_tag":[239],"class_list":{"0":"post-75434","1":"product","2":"type-product","3":"status-publish","4":"has-post-thumbnail","6":"product_cat-beauty","7":"product_tag-body-skin-care","9":"first","10":"instock","11":"shipping-taxable","12":"product-type-external"},"aioseo_notices":[],"_links":{"self":[{"href":"https:\/\/topgetestet.de\/index.php?rest_route=\/wp\/v2\/product\/75434","targetHints":{"allow":["GET"]}}],"collection":[{"href":"https:\/\/topgetestet.de\/index.php?rest_route=\/wp\/v2\/product"}],"about":[{"href":"https:\/\/topgetestet.de\/index.php?rest_route=\/wp\/v2\/types\/product"}],"replies":[{"embeddable":true,"href":"https:\/\/topgetestet.de\/index.php?rest_route=%2Fwp%2Fv2%2Fcomments&post=75434"}],"wp:featuredmedia":[{"embeddable":true,"href":"https:\/\/topgetestet.de\/index.php?rest_route=\/wp\/v2\/media\/75435"}],"wp:attachment":[{"href":"https:\/\/topgetestet.de\/index.php?rest_route=%2Fwp%2Fv2%2Fmedia&parent=75434"}],"wp:term":[{"taxonomy":"product_cat","embeddable":true,"href":"https:\/\/topgetestet.de\/index.php?rest_route=%2Fwp%2Fv2%2Fproduct_cat&post=75434"},{"taxonomy":"product_tag","embeddable":true,"href":"https:\/\/topgetestet.de\/index.php?rest_route=%2Fwp%2Fv2%2Fproduct_tag&post=75434"}],"curies":[{"name":"wp","href":"https:\/\/api.w.org\/{rel}","templated":true}]}}