{"id":75292,"date":"2022-10-17T00:12:23","date_gmt":"2022-10-17T00:12:23","guid":{"rendered":"https:\/\/topgetestet.de\/?product=2-jahre-gerateschutz-fur-echo-show-10"},"modified":"2022-10-17T00:12:23","modified_gmt":"2022-10-17T00:12:23","slug":"2-jahre-gerateschutz-fur-echo-show-10","status":"publish","type":"product","link":"https:\/\/topgetestet.de\/?product=2-jahre-gerateschutz-fur-echo-show-10","title":{"rendered":"2 Jahre Ger\u00e4teschutz f\u00fcr Echo Show 10"},"content":{"rendered":"<p>Price: <span style=\"color:#b12704\">[price_with_discount]<\/span><br \/><i><small>(as of [price_update_date] &#8211; <span class=\"wp_automatic_amazon_disclaimer\" title=\"Product prices and availability are accurate as of the date\/time indicated and are subject to change. Any price and availability information displayed on [relevant Amazon Site(s), as applicable] at the time of purchase will apply to the purchase of this product.\">Details<\/span>)<\/small><\/i><\/p>\n<p><a href=\"https:\/\/amazon.de\/dp\/B09VT1PMXZ?tag=topgetestet09-21\"><img decoding=\"async\" src=\"https:\/\/i.imgur.com\/ISRHEWs.png\"><\/a><br \/>\n[ad_1]<\/p>\n<p>       Produktinformation <\/p>\n<p>          <img decoding=\"async\" alt=\"Logo\" src=\"https:\/\/images-na.ssl-images-amazon.com\/images\/G\/01\/x-locale\/common\/grey-pixel.gif\" class=\"a-lazy-loaded\" data-src=\"https:\/\/m.media-amazon.com\/images\/S\/aplus-media-library-service-media\/af11b293-2818-48fa-87db-81f5383bbe8f.__CR1,0,600,180_PT0_SX600_V1___.jpg\"><\/p>\n<p>           <img decoding=\"async\" alt=\"Logo\" src=\"https:\/\/m.media-amazon.com\/images\/S\/aplus-media-library-service-media\/af11b293-2818-48fa-87db-81f5383bbe8f.__CR1,0,600,180_PT0_SX600_V1___.jpg\"><\/p>\n<p> Ger\u00e4teschutz <\/p>\n<p> Mit Assurant Protection immer auf der sicheren Seite <\/p>\n<p> Unf\u00e4lle geschehen, und wenn sie geschehen, m\u00f6chten Sie gesch\u00fctzt sein. Sch\u00fctzen Sie sich ab dem Tag, an dem Sie Ihr Produkt erhalten, f\u00fcr den Fall, dass Sie Ihr Produkt unbeabsichtigt besch\u00e4digen, gegen teure Reparaturen, die nicht unter die Herstellergarantie bzw. die gesetzliche Gew\u00e4hrleistung fallen. <\/p>\n<p> Assurant Protection bietet diesen Schutz. <\/p>\n<p> Versichert gegen unbeabsichtigte Besch\u00e4digung <\/p>\n<p> Sollte Ihr Produkt unbeabsichtigt besch\u00e4digt werden (z. B. durch Fallenlassen, St\u00f6\u00dfe oder versch\u00fcttete Fl\u00fcssigkeiten), sichert Assurant Protection Ihr Ger\u00e4t ab dem Tag, an dem Sie es erhalten haben, gegen die Kosten f\u00fcr den Ersatz Ihres Produkts ab. Siehe auch unter dem Punkt \u201eErsatzprodukt\u201c weiter unten. <\/p>\n<p>              <img decoding=\"async\" alt=\"Logo\" src=\"https:\/\/images-na.ssl-images-amazon.com\/images\/G\/01\/x-locale\/common\/grey-pixel.gif\" class=\"a-lazy-loaded\" data-src=\"https:\/\/m.media-amazon.com\/images\/S\/aplus-media-library-service-media\/e21e787a-f63f-4722-90d1-07f5a7f96bb2.__CR0,0,972,301_PT0_SX970_V1___.jpg\"><\/p>\n<p>               <img decoding=\"async\" alt=\"Logo\" src=\"https:\/\/m.media-amazon.com\/images\/S\/aplus-media-library-service-media\/e21e787a-f63f-4722-90d1-07f5a7f96bb2.__CR0,0,972,301_PT0_SX970_V1___.jpg\"><\/p>\n<p>               <img decoding=\"async\" alt=\"Logo\" src=\"https:\/\/images-na.ssl-images-amazon.com\/images\/G\/01\/x-locale\/common\/grey-pixel.gif\" class=\"apm-floatleft a-spacing-mini a-lazy-loaded\" data-src=\"https:\/\/m.media-amazon.com\/images\/S\/aplus-media\/sc\/a3f4c5d4-a3b2-42f0-a043-a93f0c926ec0.__CR0,0,139,139_PT0_SX135_V1___.jpg\"><\/p>\n<p>                <img decoding=\"async\" alt=\"Logo\" src=\"https:\/\/m.media-amazon.com\/images\/S\/aplus-media\/sc\/a3f4c5d4-a3b2-42f0-a043-a93f0c926ec0.__CR0,0,139,139_PT0_SX135_V1___.jpg\"><\/p>\n<h3 class=\"a-spacing-mini apm-iconheader\"> Ersatzger\u00e4t <\/h3>\n<p class=\"a-spacing-base\"> Sofern wir den Anspruch akzeptieren erhalten Sie ein Austauschger\u00e4t oder einen Amazon-Gutschein in H\u00f6he des Ger\u00e4tewerts. In beiden F\u00e4llen endet Ihre Versicherung. <\/p>\n<p>               <img decoding=\"async\" alt=\"Logo\" src=\"https:\/\/images-na.ssl-images-amazon.com\/images\/G\/01\/x-locale\/common\/grey-pixel.gif\" class=\"apm-floatleft a-spacing-mini a-lazy-loaded\" data-src=\"https:\/\/m.media-amazon.com\/images\/S\/aplus-media\/sc\/b1add827-9ac4-4f26-85e1-1d4a5425437e.__CR0,0,139,139_PT0_SX135_V1___.jpg\"><\/p>\n<p>                <img decoding=\"async\" alt=\"Logo\" src=\"https:\/\/m.media-amazon.com\/images\/S\/aplus-media\/sc\/b1add827-9ac4-4f26-85e1-1d4a5425437e.__CR0,0,139,139_PT0_SX135_V1___.jpg\"><\/p>\n<h3 class=\"a-spacing-mini apm-iconheader\"> Versicherungsschutz im Ausland <\/h3>\n<p class=\"a-spacing-base\"> Das Produkt ist auch dann vom Versicherungsschutz umfasst, wenn Sie sich auf Reisen oder im Urlaub au\u00dferhalb Deutschlands befinden. Wir m\u00fcssen jedoch Ihre R\u00fcckkehr abwarten, bevor wir Ihren Anspruch regulieren k\u00f6nnen. <\/p>\n<p>               <img decoding=\"async\" alt=\"Logo\" src=\"https:\/\/images-na.ssl-images-amazon.com\/images\/G\/01\/x-locale\/common\/grey-pixel.gif\" class=\"apm-floatleft a-spacing-mini a-lazy-loaded\" data-src=\"https:\/\/m.media-amazon.com\/images\/S\/aplus-media\/sc\/7c8e0731-1904-40ec-8703-60375acf1af9.__CR0,0,139,139_PT0_SX135_V1___.jpg\"><\/p>\n<p>                <img decoding=\"async\" alt=\"Logo\" src=\"https:\/\/m.media-amazon.com\/images\/S\/aplus-media\/sc\/7c8e0731-1904-40ec-8703-60375acf1af9.__CR0,0,139,139_PT0_SX135_V1___.jpg\"><\/p>\n<h3 class=\"a-spacing-mini apm-iconheader\"> Beendigung jederzeit m\u00f6glich <\/h3>\n<p class=\"a-spacing-base\"> Sollten Sie innerhalb von 45 Tagen widerrufen, wird Ihnen die bezahlte Pr\u00e4mie vollst\u00e4ndig r\u00fcckerstattet. K\u00fcndigen Sie nach Ablauf dieser Frist, erfolgt die R\u00fcckerstattung anteilig, abh\u00e4ngig von der Anzahl der vollen, noch verbleibenden Tage der Laufzeit der Versicherung. <\/p>\n<p class=\"a-spacing-base\"> F\u00fcr den Fall, dass Sie Ihre Produktbestellung noch vor dem Versand stornieren und wir die Bestellung diesem Versicherungsvertrag zuordnen k\u00f6nnen, werden wir den Versicherungsvertrag automatisch stornieren und Ihnen den vollen Betrag r\u00fcckerstatten. Dies best\u00e4tigen wir Ihnen in einer E-Mail. Falls Sie diese Best\u00e4tigung nicht erhalten, befolgen Sie bitte die in den allgemeinen Versicherungsbedingungen beschriebenen Schritte zur K\u00fcndigung des Vertrags. <\/p>\n<p>               <img decoding=\"async\" alt=\"Logo\" src=\"https:\/\/images-na.ssl-images-amazon.com\/images\/G\/01\/x-locale\/common\/grey-pixel.gif\" class=\"apm-floatleft a-spacing-mini a-lazy-loaded\" data-src=\"https:\/\/m.media-amazon.com\/images\/S\/aplus-media\/sc\/bedb3077-436e-4ddd-af85-f26bb682c0df.__CR0,0,139,139_PT0_SX135_V1___.jpg\"><\/p>\n<p>                <img decoding=\"async\" alt=\"Logo\" src=\"https:\/\/m.media-amazon.com\/images\/S\/aplus-media\/sc\/bedb3077-436e-4ddd-af85-f26bb682c0df.__CR0,0,139,139_PT0_SX135_V1___.jpg\"><\/p>\n<h3 class=\"a-spacing-mini apm-iconheader\"> Zusendung Ihrer Vertragsunterlagen per E-Mail <\/h3>\n<p class=\"a-spacing-base\"> Ihre Versicherungsunterlagen werden Ihnen innerhalb von 24 Stunden nach Kauf per E-Mail zugesandt. Sollten Sie sie nicht erhalten haben, sehen Sie bitte in Ihrem Spam-Ordner nach. <\/p>\n<p class=\"a-spacing-base\"> Ihre Versicherungsunterlagen sind sowohl in Papierform als auch in digitaler Form erh\u00e4ltlich. Beim Kauf Ihres Versicherungsschutzes werden Ihnen die Unterlagen zu Ihrer Versicherung (inklusive des Versicherungsscheins) automatisch per E-Mail zu \u00fcbersandt. Falls Sie die Unterlagen dar\u00fcber hinaus auch in Papierform erhalten m\u00f6chten, schicken Sie bitte eine E-Mail an anfragen@assurantprotection.de. <\/p>\n<p>               <img decoding=\"async\" alt=\"Logo\" src=\"https:\/\/images-na.ssl-images-amazon.com\/images\/G\/01\/x-locale\/common\/grey-pixel.gif\" class=\"apm-floatleft a-spacing-mini a-lazy-loaded\" data-src=\"https:\/\/m.media-amazon.com\/images\/S\/aplus-media\/sc\/3e49a825-4901-4be4-b19d-dcd53dbf5469.__CR0,0,139,139_PT0_SX135_V1___.jpg\"><\/p>\n<p>                <img decoding=\"async\" alt=\"Logo\" src=\"https:\/\/m.media-amazon.com\/images\/S\/aplus-media\/sc\/3e49a825-4901-4be4-b19d-dcd53dbf5469.__CR0,0,139,139_PT0_SX135_V1___.jpg\"><\/p>\n<h3 class=\"a-spacing-mini apm-iconheader\"> Bitte beachten &#8211; vom Versicherungsschutz ausgeschlossen sind: <\/h3>\n<p class=\"a-spacing-base\">\n<p>                vors\u00e4tzliche oder grob fahrl\u00e4ssige Besch\u00e4digung durch Sie selbst<br \/>\n                Verlust oder Diebstahl<br \/>\n                Verschlei\u00dfteile und Verbrauchsg\u00fcter, d. h. Ersatzteile wie Batterien und Gl\u00fchbirnen, die von Ihnen ausgetauscht werden k\u00f6nnen<br \/>\n                gespeicherte Inhalte auf Ihrem Produkt, wie Daten, Fotos und Software<br \/>\n                Sch\u00f6nheitsfehler, die nicht auf einem technischen Defekt beruhen bzw. einen solchen hervorrufen und nicht die Funktionsf\u00e4higkeit Ihres Produkts beeintr\u00e4chtigen (z. B. Schrammen)<\/p>\n<p>               <img decoding=\"async\" alt=\"Logo\" src=\"https:\/\/images-na.ssl-images-amazon.com\/images\/G\/01\/x-locale\/common\/grey-pixel.gif\" class=\"apm-floatleft a-spacing-mini a-lazy-loaded\" data-src=\"https:\/\/m.media-amazon.com\/images\/S\/aplus-media\/sc\/a0a01a5d-cf35-4b75-ab5d-de8ee50ece18.__CR0,0,139,139_PT0_SX135_V1___.jpg\"><\/p>\n<p>                <img decoding=\"async\" alt=\"Logo\" src=\"https:\/\/m.media-amazon.com\/images\/S\/aplus-media\/sc\/a0a01a5d-cf35-4b75-ab5d-de8ee50ece18.__CR0,0,139,139_PT0_SX135_V1___.jpg\"><\/p>\n<h3 class=\"a-spacing-mini apm-iconheader\"> Sonstiges <\/h3>\n<p class=\"a-spacing-base\"> Assurant Protection ist eine Versicherung, die von der Assurant Europe Insurance N.V. angeboten wird. Im unwahrscheinlichen Fall, dass wir eine Beschwerde nicht zu Ihrer Befriedigung l\u00f6sen, k\u00f6nnen Sie sich an den Versicherungsombudsmann e.V. wenden. Weitere Informationen hierzu entnehmen Sie bitte dem \u201eInformationsblatt zum Versicherungsprodukt\u201c und den vollst\u00e4ndigen \u201eAllgemeinen Versicherungsbedingungen\u201c. <\/p>\n<p>               <img decoding=\"async\" alt=\"Logo\" src=\"https:\/\/images-na.ssl-images-amazon.com\/images\/G\/01\/x-locale\/common\/grey-pixel.gif\" class=\"apm-floatleft a-spacing-mini a-lazy-loaded\" data-src=\"https:\/\/m.media-amazon.com\/images\/S\/aplus-media\/sc\/f5ded983-bc7a-4f87-b83f-045139874dfe.__CR0,0,139,139_PT0_SX135_V1___.jpg\"><\/p>\n<p>                <img decoding=\"async\" alt=\"Logo\" src=\"https:\/\/m.media-amazon.com\/images\/S\/aplus-media\/sc\/f5ded983-bc7a-4f87-b83f-045139874dfe.__CR0,0,139,139_PT0_SX135_V1___.jpg\"><\/p>\n<h3 class=\"a-spacing-mini apm-iconheader\"> Bei Fragen <\/h3>\n<p class=\"a-spacing-base\"> F\u00fcr allgemeine Anfragen senden Sie uns bitte eine E-Mail an anfragen@assurantprotection.de oder rufen Sie uns an unter 01801000887 (bei Anrufen aus dem Festnetz 3,9 ct\/Min., aus dem Mobilfunknetz max. 42 ct\/Min.) f\u00fcr Deutschland bzw. unter 0810000243 (bei Anrufen aus dem Festnetz und aus dem Mobilfunknetz max. 10 ct\/Anruf zzgl. 10 ct\/Min.) f\u00fcr \u00d6sterreich. <\/p>\n<p class=\"a-spacing-base\"> Falls Sie der Meinung sind, dass wir Ihre Erwartungen nicht erf\u00fcllt haben, rufen Sie uns bitte an unter 01801000887 (bei Anrufen aus dem Festnetz 3,9 ct\/Min., aus dem Mobilfunknetz max. 42 ct\/Min.) f\u00fcr Deutschland bzw. unter 0810000243 (bei Anrufen aus dem Festnetz und aus dem Mobilfunknetz max. 10 ct\/Anruf zzgl. 10 ct\/Min.) f\u00fcr \u00d6sterreich oder senden Sie uns eine E-Mail an beschwerden@assurantprotection.de. <\/p>\n<p class=\"a-spacing-base\"> Sie k\u00f6nnen sich auch an die Website der Europ\u00e4ischen Kommission \u201eOnline-Streitbeilegung\u201c wenden und dort eine Beschwerde einreichen. <\/p>\n<p class=\"a-spacing-base\"> N\u00e4here Informationen hierzu erhalten Sie unter Ziffer 9 der allgemeinen Versicherungsbedingungen. <\/p>\n<p>               <img decoding=\"async\" alt=\"Logo\" src=\"https:\/\/images-na.ssl-images-amazon.com\/images\/G\/01\/x-locale\/common\/grey-pixel.gif\" class=\"apm-floatleft a-spacing-mini a-lazy-loaded\" data-src=\"https:\/\/m.media-amazon.com\/images\/S\/aplus-media\/sc\/43189fe8-a82d-4006-800c-49c31e878ba6.__CR0,0,139,139_PT0_SX135_V1___.jpg\"><\/p>\n<p>                <img decoding=\"async\" alt=\"Logo\" src=\"https:\/\/m.media-amazon.com\/images\/S\/aplus-media\/sc\/43189fe8-a82d-4006-800c-49c31e878ba6.__CR0,0,139,139_PT0_SX135_V1___.jpg\"><\/p>\n<h3 class=\"a-spacing-mini apm-iconheader\"> Wichtige Informationen <\/h3>\n<p class=\"a-spacing-base\">\n<p>                Der Versicherungsschutz beginnt mit dem Erhalt des Produkts.<br \/>\n                Assurant Protection gilt nicht f\u00fcr Produkte, die f\u00fcr gewerbliche\/kommerzielle Zwecke erworben wurden.<br \/>\n                Technische Defekte sind abgesichert. Potenzielle Garantie- bzw. Gew\u00e4hrleistungsanspr\u00fcche sind jedoch zun\u00e4chst gegen\u00fcber dem Hersteller bzw. Verk\u00e4ufer geltend zu machen.<br \/>\n                Einzelheiten zur Herstellergarantie entnehmen Sie bitte den Garantieunterlagen des Herstellers.<br \/>\n                Diese Versicherung ist optional; Ihr Produkt kann auch durch andere Versicherungen, wie beispielsweise eine Hausratversicherung, versichert sein.<br \/>\n                Diese Police muss innerhalb von 30 Tagen nach dem Kauf des versicherten Produkts gekauft werden und deckt nicht \u00dcberholte Ger\u00e4te ab.<br \/>\n                Diese Versicherung schr\u00e4nkt Ihre gesetzlichen Rechte in keiner Weise ein.<br \/>\n                Weitere Informationen entnehmen Sie bitte dem \u201eInformationsblatt zum Versicherungsprodukt\u201c und den vollst\u00e4ndigen \u201eAllgemeinen Versicherungsbedingungen\u201c.<\/p>\n<p> Wer bietet Assurant Protection an? <\/p>\n<p> Diese Versicherung wird von der Assurant Europe Insurance N.V. angeboten. <\/p>\n<p> Assurant Europe Insurance N.V., Paasheuvelweg 1, 1105 BE Amsterdam, Niederlande, Aktiengesellschaft nach niederl\u00e4ndischem Recht mit Sitz in Amsterdam, Niederlande, bei der niederl\u00e4ndischen Handelskammer (KvK) unter der Nummer 72959320 registriert und bei der niederl\u00e4ndischen Aufsichtsbeh\u00f6rde De Nederlandsche Bank N.V. registriert, t\u00e4tig in Deutschland und \u00d6sterreich unter dem Regime der Dienstleistungsfreiheit und in Deutschland bei der Bundesanstalt f\u00fcr Finanzdienstleistungsaufsicht (BaFin) und in \u00d6sterreich bei der Finanzmarktaufsichtsbeh\u00f6rde FMA registriert. <\/p>\n<p> Ihre personenbezogenen Daten <\/p>\n<p> Ihre personenbezogenen Daten werden von uns im Einklang mit den jeweils anwendbaren datenschutzrechtlichen Bestimmungen verarbeitet. Die zur Begr\u00fcndung des Versicherungsvertrags erforderlichen personenbezogenen Daten werden uns von der Amazon EU (AEU) mit eingetragenem Gesch\u00e4ftssitz 38 avenue John F. Kennedy, L 1855 Luxembourg zur Verf\u00fcgung gestellt. Die Verarbeitung ihrer personenbezogenen Daten durch uns erfolgt insbesondere zur Begr\u00fcndung und Verwaltung Ihres Versicherungsvertrags. N\u00e4here Informationen zur Verarbeitung Ihrer personenbezogenen Daten durch uns entnehmen Sie bitte den allgemeinen Versicherungsbedingungen. <\/p>\n<p> Wichtige Informationen \u00fcber Ihren Versicherungsvermittler <\/p>\n<p> Die Amazon EU S.\u00e0 r.l. (AEU), eine Gesellschaft mit beschr\u00e4nkter Haftung (soci\u00e9t\u00e9 \u00e0 responsabilit\u00e9 limit\u00e9e), eingetragen beim Handels- und Firmenregister von Luxemburg unter der Nummer B101.918 und mit Gesch\u00e4ftssitz in 38, Avenue John F. Kennedy, L-1855 Luxembourg (Luxemburg), ist ein von der Versicherungsaufsicht Commissariat aux Assurances in Luxemburg zugelassener Versicherungsvermittler (courtier d\u2019assurance) und dort unter der Nummer 2019CM003 registriert. Sie k\u00f6nnen diese Registrierung auf der Website des Commissariat aux Assurances (7, Boulevard Joseph II, L-1840 Luxembourg) unter www.caa.lu oder telefonisch unter der Nummer +352 22 69 11 1 nachpr\u00fcfen. <\/p>\n<p> In ihrer Eigenschaft als Versicherungsvermittler ist die AEU bei der Vermittlung von Versicherungsvertr\u00e4gen auf dem Marketplace in Ihrem Namen t\u00e4tig und ber\u00e4t Sie ausschlie\u00dflich zu diesen Vereinbarungen. Die AEU hat Assurant Europe Insurance N.V. mit der Versicherung bestimmter relevanter Produkte beauftragt, die auf dem Marketplace angeboten werden. Hinsichtlich dieser Versicherung bietet Assurant Europe Insurance N.V. ausschlie\u00dflich Informationen und keinerlei pers\u00f6nliche Empfehlung oder Beratung. Sie zahlen keine Geb\u00fchren f\u00fcr unsere Dienste als Versicherungsvermittler. Die AEU erh\u00e4lt eine Provision von Assurant Europe Insurance N.V. , welche einen Prozentsatz der Versicherungspr\u00e4mie ausmacht. <\/p>\n<p> Diese Police wird Ihnen in \u00dcbereinstimmung mit den von Ihnen genannten Bed\u00fcrfnissen und Anforderungen basierend auf der von Ihnen getroffenen Auswahl angeboten. <\/p>\n<p> Bitte informieren Sie uns, wenn Sie eine Beschwerde bez\u00fcglich unserer Vermittlungsdienstleistungen haben, indem Sie www.amazon.de\/gp\/help\/customer\/contact-us besuchen. Wenn Ihre Beschwerde nicht zu Ihrer Zufriedenheit gel\u00f6st wird, k\u00f6nnen Sie sich innerhalb von 6 Monaten nach unserer endg\u00fcltigen Entscheidung an das Commissariat aux Assurances (&#8220;CAA&#8221;) wenden, indem Sie sich schriftlich per Post an 7 Joseph Boulevard II, L-1840 Luxemburg, per E-Mail an reclamation@caa.lu oder \u00fcber die Website des CAA unter www.caa.lu. Alternativ k\u00f6nnen Sie die Online-Website der Europ\u00e4ischen Kommission zur Streitbeilegung unter www.ec.europa.eu\/consumers\/odr\/ benutzen. <\/p>\n<p>Ger\u00e4teschutz: Diese Versicherungspolice wurde f\u00fcr Kunden entwickelt, die sofortige Abdeckung bei Unfallschutz f\u00fcr ihr Produkt w\u00fcnschen.<br \/>Anspruch: Bei erfolgreicher Reklamation erhalten Sie ein Amazon-Geschenk-Gutschein (bis zum urspr\u00fcnglich bezahlten Kaufpreis), mit dem Sie Ihr Produkt ersetzen k\u00f6nnen.<br \/>Schnelle Leiferung: Ihre Versicherungsunterlagen werden Ihnen per E-Mail innerhalb von 24 Stunden zugeschickt. Versicherungspolice kann vollst\u00e4ndig als Geschenken \u00fcbertragbar werden.<br \/>Jederzeit k\u00fcndbar: Volle R\u00fcckerstattung innerhalb von 45 Tagen, wenn kein Anspruch geltend gemacht wurde, danach anteilige R\u00fcckerstattung.<br \/>Eine vollst\u00e4ndige Produktbeschreibung finden Sie in der Produktinformation und den Versicherungsbedingungen hier www.amazon.de\/dp\/B09VT1PMXZ<br \/>\n<br \/>[ad_2]<\/p>\n","protected":false},"excerpt":{"rendered":"<p>Price: [price_with_discount](as of [price_update_date] &#8211; Details) [ad_1] Produktinformation Ger\u00e4teschutz Mit Assurant Protection immer auf der sicheren Seite Unf\u00e4lle geschehen, und wenn sie geschehen, m\u00f6chten Sie gesch\u00fctzt sein. Sch\u00fctzen Sie sich<\/p>\n","protected":false},"featured_media":75293,"comment_status":"open","ping_status":"closed","template":"","meta":[],"product_cat":[225],"product_tag":[],"class_list":{"0":"post-75292","1":"product","2":"type-product","3":"status-publish","4":"has-post-thumbnail","6":"product_cat-electronics","8":"first","9":"instock","10":"shipping-taxable","11":"product-type-external"},"aioseo_notices":[],"_links":{"self":[{"href":"https:\/\/topgetestet.de\/index.php?rest_route=\/wp\/v2\/product\/75292","targetHints":{"allow":["GET"]}}],"collection":[{"href":"https:\/\/topgetestet.de\/index.php?rest_route=\/wp\/v2\/product"}],"about":[{"href":"https:\/\/topgetestet.de\/index.php?rest_route=\/wp\/v2\/types\/product"}],"replies":[{"embeddable":true,"href":"https:\/\/topgetestet.de\/index.php?rest_route=%2Fwp%2Fv2%2Fcomments&post=75292"}],"wp:featuredmedia":[{"embeddable":true,"href":"https:\/\/topgetestet.de\/index.php?rest_route=\/wp\/v2\/media\/75293"}],"wp:attachment":[{"href":"https:\/\/topgetestet.de\/index.php?rest_route=%2Fwp%2Fv2%2Fmedia&parent=75292"}],"wp:term":[{"taxonomy":"product_cat","embeddable":true,"href":"https:\/\/topgetestet.de\/index.php?rest_route=%2Fwp%2Fv2%2Fproduct_cat&post=75292"},{"taxonomy":"product_tag","embeddable":true,"href":"https:\/\/topgetestet.de\/index.php?rest_route=%2Fwp%2Fv2%2Fproduct_tag&post=75292"}],"curies":[{"name":"wp","href":"https:\/\/api.w.org\/{rel}","templated":true}]}}