{"id":75283,"date":"2022-10-17T00:04:26","date_gmt":"2022-10-17T00:04:26","guid":{"rendered":"https:\/\/topgetestet.de\/?product=elden-ring-launch-edition-fur-ps5-deutsche-verpackung"},"modified":"2022-10-17T00:04:26","modified_gmt":"2022-10-17T00:04:26","slug":"elden-ring-launch-edition-fur-ps5-deutsche-verpackung","status":"publish","type":"product","link":"https:\/\/topgetestet.de\/?product=elden-ring-launch-edition-fur-ps5-deutsche-verpackung","title":{"rendered":"Elden Ring Launch Edition f\u00fcr PS5 (deutsche Verpackung)"},"content":{"rendered":"<p>Price: <span style=\"color:#b12704\">[price_with_discount]<\/span><br \/><i><small>(as of [price_update_date] &#8211; <span class=\"wp_automatic_amazon_disclaimer\" title=\"Product prices and availability are accurate as of the date\/time indicated and are subject to change. Any price and availability information displayed on [relevant Amazon Site(s), as applicable] at the time of purchase will apply to the purchase of this product.\">Details<\/span>)<\/small><\/i><\/p>\n<p><a href=\"https:\/\/amazon.de\/dp\/B09L1X8WV3?tag=topgetestet09-21\"><img decoding=\"async\" src=\"https:\/\/i.imgur.com\/ISRHEWs.png\"><\/a><br \/>\n[ad_1]<br \/>\n <span>Erhebt Euch, Befleckter, und lasst Euch von der Gnade leiten, um die Macht des Eldenrings zu befehligen und zum Eldenf\u00fcrsten im Zwischenland zu werden. Im Zwischenland, regiert von K\u00f6nigin Marika der Ewigen, ward der Eldenring gebrochen, die Quelle des Erdenbaums. Marikas Kinder, allesamt Halbg\u00f6tter, rissen die Fragmente des Eldenrings an sich, die fortan als Gro\u00dfe Runen bekannt waren. Die wahnsinnige Verderbtheit ihrer neuen Macht l\u00f6ste einen Krieg aus: die Zertr\u00fcmmerung. Ein Krieg, der die Losl\u00f6sung vom H\u00f6heren Willen bedeutete. Nun soll die f\u00fchrende Hand der Gnade den Befleckten zuteil werden, die von der Goldenen Gnade verschm\u00e4ht und aus dem Zwischenland verbannt wurden. Tot, und doch voller Leben, seid Ihr l\u00e4ngst fern der Gnade. Folgt dem Pfad ins Zwischenland hinter dem Nebelmeer und unterwerft Euch dem Eldenring. <\/span><span class=\"a-text-bold\">Werdet der neue Eldenf\u00fcrst.<\/span><span> Angesiedelt in einer vollkommen <\/span><span class=\"a-text-bold\">neuen Welt von Hidetaka Miyazaki und George R.R. Martin<\/span><span> Unvergleichliche Abenteuer erwarten dich im n\u00e4chsten epischen Fantasy-Titel von FromSoftware Inc. und BANDAI NAMCO Entertainment Inc. ELDEN RING ist bisher <\/span><span class=\"a-text-bold\">gr\u00f6sster Titel von FromSoftware<\/span><span> und spielt in einem weitl\u00e4ufigen K\u00f6nigreich mit einer reichhaltigen und blutigen Geschichte. Geschrieben wurde diese von Hidetaka Miyazaki, dem Sch\u00f6pfer der DARK SOULS Videospielreihe und George R.R. Martin, dem Autor der The New York Times Bestseller Fantasy-Serie A Song of Ice and Fire. <\/span><span class=\"a-text-italic\">&#8220;Die Zusammenarbeit mit George R. R. Martin, um den &#8220;ELDEN RING&#8221;-Mythos zu erschaffen, war eine wirklich tolle Erfahrung und eine Quelle wunderbarer Inspiration. Das Team arbeitet hart daran, dass diese neue Welt f\u00fcr die SpielerInnen ein faszinierender Ort wird. Es ist durch und durch ein FromSoftware-Titel, reich an Fantasy- und RPG-Action. Wir hoffen aufrichtig, dass ihr euch darauf freut.&#8221;<\/span><span> so Hidetaka Miyazaki, President von FromSoftware, Inc. und Game Director von ELDEN RING.<\/span> <br \/> Sprache \u200f : \u200e  Englisch <br \/> Produktabmessungen \u200f : \u200e  2 x 16.5 x 13.2 cm; 140 Gramm <br \/> ASIN \u200f : \u200e  B09L1X8WV3 <br \/> Modellnummer \u200f : \u200e  115396 <br \/> Herkunftsland \u200f : \u200e  Deutschland <\/p>\n<p>PEGI Version<br \/>\n<br \/>[ad_2]<\/p>\n","protected":false},"excerpt":{"rendered":"<p>Price: [price_with_discount](as of [price_update_date] &#8211; Details) [ad_1] Erhebt Euch, Befleckter, und lasst Euch von der Gnade leiten, um die Macht des Eldenrings zu befehligen und zum Eldenf\u00fcrsten im Zwischenland zu<\/p>\n","protected":false},"featured_media":75284,"comment_status":"open","ping_status":"closed","template":"","meta":[],"product_cat":[227],"product_tag":[261],"class_list":{"0":"post-75283","1":"product","2":"type-product","3":"status-publish","4":"has-post-thumbnail","6":"product_cat-gaming","7":"product_tag-playstation-legacy-games","9":"first","10":"instock","11":"sale","12":"shipping-taxable","13":"product-type-external"},"aioseo_notices":[],"_links":{"self":[{"href":"https:\/\/topgetestet.de\/index.php?rest_route=\/wp\/v2\/product\/75283","targetHints":{"allow":["GET"]}}],"collection":[{"href":"https:\/\/topgetestet.de\/index.php?rest_route=\/wp\/v2\/product"}],"about":[{"href":"https:\/\/topgetestet.de\/index.php?rest_route=\/wp\/v2\/types\/product"}],"replies":[{"embeddable":true,"href":"https:\/\/topgetestet.de\/index.php?rest_route=%2Fwp%2Fv2%2Fcomments&post=75283"}],"wp:featuredmedia":[{"embeddable":true,"href":"https:\/\/topgetestet.de\/index.php?rest_route=\/wp\/v2\/media\/75284"}],"wp:attachment":[{"href":"https:\/\/topgetestet.de\/index.php?rest_route=%2Fwp%2Fv2%2Fmedia&parent=75283"}],"wp:term":[{"taxonomy":"product_cat","embeddable":true,"href":"https:\/\/topgetestet.de\/index.php?rest_route=%2Fwp%2Fv2%2Fproduct_cat&post=75283"},{"taxonomy":"product_tag","embeddable":true,"href":"https:\/\/topgetestet.de\/index.php?rest_route=%2Fwp%2Fv2%2Fproduct_tag&post=75283"}],"curies":[{"name":"wp","href":"https:\/\/api.w.org\/{rel}","templated":true}]}}