{"id":75090,"date":"2022-10-16T22:27:30","date_gmt":"2022-10-16T22:27:30","guid":{"rendered":"https:\/\/topgetestet.de\/?product=real-madrid-c-f-herren-reale-a-t-shirt-2"},"modified":"2022-10-16T22:27:30","modified_gmt":"2022-10-16T22:27:30","slug":"real-madrid-c-f-herren-reale-a-t-shirt-2","status":"publish","type":"product","link":"https:\/\/topgetestet.de\/?product=real-madrid-c-f-herren-reale-a-t-shirt-2","title":{"rendered":"Real Madrid C.F. Herren Reale A T-Shirt"},"content":{"rendered":"<p>Price: <span style=\"color:#b12704\">[price_with_discount]<\/span><br \/><i><small>(as of [price_update_date] &#8211; <span class=\"wp_automatic_amazon_disclaimer\" title=\"Product prices and availability are accurate as of the date\/time indicated and are subject to change. Any price and availability information displayed on [relevant Amazon Site(s), as applicable] at the time of purchase will apply to the purchase of this product.\">Details<\/span>)<\/small><\/i><\/p>\n<p><a href=\"https:\/\/amazon.de\/dp\/B09V2GQ3H5?tag=topgetestet09-21\"><img decoding=\"async\" src=\"https:\/\/i.imgur.com\/ISRHEWs.png\"><\/a><br \/>\n[ad_1]<br \/>\n <span>Egal wie weit sie vom Santiago Bernab\u00e9u entfernt sind, die Stars von Real Madrid geben immer eine Show ab. Dieses adidas Fu\u00dfballtrikot verleiht jedem Auftritt einen zus\u00e4tzlichen Hauch von Stil. Die weiche Stoffstruktur h\u00e4lt die Haut im Training und im Spiel trocken, das Emblem auf der Brust rundet den Look ab.<\/span> <br \/> Auslaufartikel (Produktion durch Hersteller eingestellt) \u200f : \u200e  Nein <br \/> Produktabmessungen \u200f : \u200e  25 x 15 x 5 cm; 250 Gramm <br \/> Im Angebot von Amazon.de seit \u200f : \u200e  9. Mai 2022 <br \/> Hersteller \u200f : \u200e  Adidas <br \/> ASIN \u200f : \u200e  B09TTJ2HHJ <br \/> Modellnummer \u200f : \u200e  H18489 <br \/> Kategorie \u200f : \u200e  Herren <\/p>\n<p>[ad_2]<\/p>\n","protected":false},"excerpt":{"rendered":"<p>Price: [price_with_discount](as of [price_update_date] &#8211; Details) [ad_1] Egal wie weit sie vom Santiago Bernab\u00e9u entfernt sind, die Stars von Real Madrid geben immer eine Show ab. Dieses adidas Fu\u00dfballtrikot verleiht<\/p>\n","protected":false},"featured_media":75091,"comment_status":"open","ping_status":"closed","template":"","meta":[],"product_cat":[231],"product_tag":[],"class_list":{"0":"post-75090","1":"product","2":"type-product","3":"status-publish","4":"has-post-thumbnail","6":"product_cat-mens-fashion","8":"first","9":"instock","10":"shipping-taxable","11":"product-type-external"},"aioseo_notices":[],"_links":{"self":[{"href":"https:\/\/topgetestet.de\/index.php?rest_route=\/wp\/v2\/product\/75090","targetHints":{"allow":["GET"]}}],"collection":[{"href":"https:\/\/topgetestet.de\/index.php?rest_route=\/wp\/v2\/product"}],"about":[{"href":"https:\/\/topgetestet.de\/index.php?rest_route=\/wp\/v2\/types\/product"}],"replies":[{"embeddable":true,"href":"https:\/\/topgetestet.de\/index.php?rest_route=%2Fwp%2Fv2%2Fcomments&post=75090"}],"wp:featuredmedia":[{"embeddable":true,"href":"https:\/\/topgetestet.de\/index.php?rest_route=\/wp\/v2\/media\/75091"}],"wp:attachment":[{"href":"https:\/\/topgetestet.de\/index.php?rest_route=%2Fwp%2Fv2%2Fmedia&parent=75090"}],"wp:term":[{"taxonomy":"product_cat","embeddable":true,"href":"https:\/\/topgetestet.de\/index.php?rest_route=%2Fwp%2Fv2%2Fproduct_cat&post=75090"},{"taxonomy":"product_tag","embeddable":true,"href":"https:\/\/topgetestet.de\/index.php?rest_route=%2Fwp%2Fv2%2Fproduct_tag&post=75090"}],"curies":[{"name":"wp","href":"https:\/\/api.w.org\/{rel}","templated":true}]}}