{"id":75013,"date":"2022-10-16T22:04:16","date_gmt":"2022-10-16T22:04:16","guid":{"rendered":"https:\/\/topgetestet.de\/?product=tommy-hilfiger-damen-essential-th-mesh-sneaker"},"modified":"2022-10-16T22:04:16","modified_gmt":"2022-10-16T22:04:16","slug":"tommy-hilfiger-damen-essential-th-mesh-sneaker","status":"publish","type":"product","link":"https:\/\/topgetestet.de\/?product=tommy-hilfiger-damen-essential-th-mesh-sneaker","title":{"rendered":"Tommy Hilfiger Damen Essential Th Mesh Sneaker"},"content":{"rendered":"<p>Price: <span style=\"color:#b12704\">[price_with_discount]<\/span><br \/><i><small>(as of [price_update_date] &#8211; <span class=\"wp_automatic_amazon_disclaimer\" title=\"Product prices and availability are accurate as of the date\/time indicated and are subject to change. Any price and availability information displayed on [relevant Amazon Site(s), as applicable] at the time of purchase will apply to the purchase of this product.\">Details<\/span>)<\/small><\/i><\/p>\n<p><a href=\"https:\/\/amazon.de\/dp\/B09JKXG8RK?tag=topgetestet09-21\"><img decoding=\"async\" src=\"https:\/\/i.imgur.com\/ISRHEWs.png\"><\/a><br \/>\n[ad_1]<br \/>\n <span>Setzen Sie in dieser Saison ein Style-Statement mit Tommy Hilfiger Schuhen. Unsere Kollektion an luxuri\u00f6sen Schuhen umfasst trendige Designs \u2013 von Schn\u00fcrboots f\u00fcr jeden Anlass bis hin zu l\u00e4ssigen Sneakers f\u00fcr einen sportlichen Look und Pumps f\u00fcr Damen, die Ihrem Abendoutfit eine glamour\u00f6se Note verleihen. Entdecken Sie auch unsere hochwertigen Lederschuhe, elegante Lederloafer und klassische Halbschuhe. Unsere Stiefel und Stiefeletten oder High Heels lassen sich perfekt mit Skinny Jeans kombinieren. Unsere flachen Schuhe in klassischem Schwarz sind dagegen das ideale i-T\u00fcpfelchen f\u00fcr jeden B\u00fcro-Look.<\/span> <br \/> Produktabmessungen \u200f : \u200e  32 x 17 x 12 cm; 750 Gramm <br \/> Im Angebot von Amazon.de seit \u200f : \u200e  15. Oktober 2021 <br \/> Hersteller \u200f : \u200e  PVH <br \/> ASIN \u200f : \u200e  B09JKZ3ZFC <br \/> Modellnummer \u200f : \u200e  FW0FW06546 <br \/> Kategorie \u200f : \u200e  Damen <\/p>\n<p>Innenmaterial: Segeltuch<br \/>Sohle: Gummi<br \/>Verschluss: Schn\u00fcrung<br \/>Absatzh\u00f6he: 12 cm<br \/>Absatzform: Kein Absatz<br \/>Materialzusammensetzung: Obermaterial: Textil \/ Futtermaterial: Textil \/ Sohle: sonstiges Material<br \/>\n<br \/>[ad_2]<\/p>\n","protected":false},"excerpt":{"rendered":"<p>Price: [price_with_discount](as of [price_update_date] &#8211; Details) [ad_1] Setzen Sie in dieser Saison ein Style-Statement mit Tommy Hilfiger Schuhen. Unsere Kollektion an luxuri\u00f6sen Schuhen umfasst trendige Designs \u2013 von Schn\u00fcrboots f\u00fcr<\/p>\n","protected":false},"featured_media":75014,"comment_status":"open","ping_status":"closed","template":"","meta":[],"product_cat":[230],"product_tag":[266],"class_list":{"0":"post-75013","1":"product","2":"type-product","3":"status-publish","4":"has-post-thumbnail","6":"product_cat-fashion","7":"product_tag-womens-fashion-sneakers","9":"first","10":"instock","11":"shipping-taxable","12":"product-type-external"},"aioseo_notices":[],"_links":{"self":[{"href":"https:\/\/topgetestet.de\/index.php?rest_route=\/wp\/v2\/product\/75013","targetHints":{"allow":["GET"]}}],"collection":[{"href":"https:\/\/topgetestet.de\/index.php?rest_route=\/wp\/v2\/product"}],"about":[{"href":"https:\/\/topgetestet.de\/index.php?rest_route=\/wp\/v2\/types\/product"}],"replies":[{"embeddable":true,"href":"https:\/\/topgetestet.de\/index.php?rest_route=%2Fwp%2Fv2%2Fcomments&post=75013"}],"wp:featuredmedia":[{"embeddable":true,"href":"https:\/\/topgetestet.de\/index.php?rest_route=\/wp\/v2\/media\/75014"}],"wp:attachment":[{"href":"https:\/\/topgetestet.de\/index.php?rest_route=%2Fwp%2Fv2%2Fmedia&parent=75013"}],"wp:term":[{"taxonomy":"product_cat","embeddable":true,"href":"https:\/\/topgetestet.de\/index.php?rest_route=%2Fwp%2Fv2%2Fproduct_cat&post=75013"},{"taxonomy":"product_tag","embeddable":true,"href":"https:\/\/topgetestet.de\/index.php?rest_route=%2Fwp%2Fv2%2Fproduct_tag&post=75013"}],"curies":[{"name":"wp","href":"https:\/\/api.w.org\/{rel}","templated":true}]}}