{"id":74855,"date":"2022-10-16T20:29:16","date_gmt":"2022-10-16T20:29:16","guid":{"rendered":"https:\/\/topgetestet.de\/?product=ghostwire-tokyo-deluxe-edition-playstation-5"},"modified":"2022-10-16T20:29:16","modified_gmt":"2022-10-16T20:29:16","slug":"ghostwire-tokyo-deluxe-edition-playstation-5","status":"publish","type":"product","link":"https:\/\/topgetestet.de\/?product=ghostwire-tokyo-deluxe-edition-playstation-5","title":{"rendered":"Ghostwire: Tokyo | Deluxe Edition | [PlayStation 5]"},"content":{"rendered":"<p>Price: <span style=\"color:#b12704\">[price_with_discount]<\/span><br \/><i><small>(as of [price_update_date] &#8211; <span class=\"wp_automatic_amazon_disclaimer\" title=\"Product prices and availability are accurate as of the date\/time indicated and are subject to change. Any price and availability information displayed on [relevant Amazon Site(s), as applicable] at the time of purchase will apply to the purchase of this product.\">Details<\/span>)<\/small><\/i><\/p>\n<p><a href=\"https:\/\/amazon.de\/dp\/B09S2ZJHR5?tag=topgetestet09-21\"><img decoding=\"async\" src=\"https:\/\/i.imgur.com\/ISRHEWs.png\"><\/a><br \/>\n[ad_1]<br \/>\n <span>Tokio befindet sich in den F\u00e4ngen von \u00fcbernat\u00fcrlichen M\u00e4chten, nachdem die Einwohner durch das Zutun eines gef\u00e4hrlichen Okkultisten einfach verschwunden sind. Verb\u00fcnde dich mit einem m\u00e4chtigen Geisterwesen, das auf Rache sinnt, meistere ein Arsenal von F\u00e4higkeiten, um die d\u00fcstere Wahrheit hinter der verschwundenen Bev\u00f6lkerung ans Licht zu bringen, und STELLE DICH DEM UNBEKANNTEN in Ghostwire: Tokyo.<\/span> <br \/> Alterseinstufung \u200f : \u200e  USK ab 16 freigegeben <br \/> Produktabmessungen \u200f : \u200e  17 x 13.5 x 1.5 cm; 90 Gramm <br \/> Erscheinungstermin \u200f : \u200e  25. M\u00e4rz 2022 <br \/> ASIN \u200f : \u200e  B09S2ZJHR5 <br \/> Modellnummer \u200f : \u200e  43012 <br \/> Herkunftsland \u200f : \u200e  Deutschland <\/p>\n<p>Deluxe Edition enth\u00e4lt: Streetwear-Outfit-Paket, Shinobi-Outfit und Kunai-Waffe<br \/>Erkunden Sie eine einzigartige, von einer \u00fcbernat\u00fcrlichen Pr\u00e4senz bedrohte Version Tokios<br \/>Tango Gameworks nutzt die Leistung und Schnelligkeit der PS5-Konsole, um eine wundersch\u00f6ne, \u00fcbernat\u00fcrliche Version des modernen Tokio zum Leben zu erwecken<br \/>\n<br \/>[ad_2]<\/p>\n","protected":false},"excerpt":{"rendered":"<p>Price: [price_with_discount](as of [price_update_date] &#8211; Details) [ad_1] Tokio befindet sich in den F\u00e4ngen von \u00fcbernat\u00fcrlichen M\u00e4chten, nachdem die Einwohner durch das Zutun eines gef\u00e4hrlichen Okkultisten einfach verschwunden sind. Verb\u00fcnde dich<\/p>\n","protected":false},"featured_media":74856,"comment_status":"open","ping_status":"closed","template":"","meta":[],"product_cat":[227],"product_tag":[261],"class_list":{"0":"post-74855","1":"product","2":"type-product","3":"status-publish","4":"has-post-thumbnail","6":"product_cat-gaming","7":"product_tag-playstation-legacy-games","9":"first","10":"instock","11":"sale","12":"shipping-taxable","13":"product-type-external"},"aioseo_notices":[],"_links":{"self":[{"href":"https:\/\/topgetestet.de\/index.php?rest_route=\/wp\/v2\/product\/74855","targetHints":{"allow":["GET"]}}],"collection":[{"href":"https:\/\/topgetestet.de\/index.php?rest_route=\/wp\/v2\/product"}],"about":[{"href":"https:\/\/topgetestet.de\/index.php?rest_route=\/wp\/v2\/types\/product"}],"replies":[{"embeddable":true,"href":"https:\/\/topgetestet.de\/index.php?rest_route=%2Fwp%2Fv2%2Fcomments&post=74855"}],"wp:featuredmedia":[{"embeddable":true,"href":"https:\/\/topgetestet.de\/index.php?rest_route=\/wp\/v2\/media\/74856"}],"wp:attachment":[{"href":"https:\/\/topgetestet.de\/index.php?rest_route=%2Fwp%2Fv2%2Fmedia&parent=74855"}],"wp:term":[{"taxonomy":"product_cat","embeddable":true,"href":"https:\/\/topgetestet.de\/index.php?rest_route=%2Fwp%2Fv2%2Fproduct_cat&post=74855"},{"taxonomy":"product_tag","embeddable":true,"href":"https:\/\/topgetestet.de\/index.php?rest_route=%2Fwp%2Fv2%2Fproduct_tag&post=74855"}],"curies":[{"name":"wp","href":"https:\/\/api.w.org\/{rel}","templated":true}]}}