{"id":74661,"date":"2022-10-16T19:37:47","date_gmt":"2022-10-16T19:37:47","guid":{"rendered":"https:\/\/topgetestet.de\/?product=sperry-damen-crest-vibe-sneaker"},"modified":"2022-10-16T19:37:47","modified_gmt":"2022-10-16T19:37:47","slug":"sperry-damen-crest-vibe-sneaker","status":"publish","type":"product","link":"https:\/\/topgetestet.de\/?product=sperry-damen-crest-vibe-sneaker","title":{"rendered":"Sperry Damen Crest Vibe Sneaker"},"content":{"rendered":"<p>Price: <span style=\"color:#b12704\">[price_with_discount]<\/span><br \/><i><small>(as of [price_update_date] &#8211; <span class=\"wp_automatic_amazon_disclaimer\" title=\"Product prices and availability are accurate as of the date\/time indicated and are subject to change. Any price and availability information displayed on [relevant Amazon Site(s), as applicable] at the time of purchase will apply to the purchase of this product.\">Details<\/span>)<\/small><\/i><\/p>\n<p><a href=\"https:\/\/amazon.de\/dp\/B08DG5QWL6?tag=topgetestet09-21\"><img decoding=\"async\" src=\"https:\/\/i.imgur.com\/ISRHEWs.png\"><\/a><br \/>\n[ad_1]<\/p>\n<p>       Produktbeschreibung des Herstellers <\/p>\n<p> <img decoding=\"async\" alt=\"Crest CVO\" src=\"https:\/\/images-na.ssl-images-amazon.com\/images\/G\/01\/x-locale\/common\/grey-pixel.gif\" class=\"a-lazy-loaded\" data-src=\"https:\/\/m.media-amazon.com\/images\/W\/IMAGERENDERING_521856-T1\/images\/S\/aplus-media-library-service-media\/6b761ff5-4457-47ed-b36e-dd8af17e0ebe.__CR0,0,220,220_PT0_SX220_V1___.jpg\">\n                     <\/p>\n<p>                      <img decoding=\"async\" alt=\"Crest CVO\" src=\"https:\/\/m.media-amazon.com\/images\/W\/IMAGERENDERING_521856-T1\/images\/S\/aplus-media-library-service-media\/6b761ff5-4457-47ed-b36e-dd8af17e0ebe.__CR0,0,220,220_PT0_SX220_V1___.jpg\"><\/p>\n<p> <img decoding=\"async\" alt=\"Crest CVO\" src=\"https:\/\/images-na.ssl-images-amazon.com\/images\/G\/01\/x-locale\/common\/grey-pixel.gif\" class=\"a-lazy-loaded\" data-src=\"https:\/\/m.media-amazon.com\/images\/W\/IMAGERENDERING_521856-T1\/images\/S\/aplus-media-library-service-media\/5b1b0e6d-d5c9-49fe-bd6d-dd653561dad0.__CR0,0,220,220_PT0_SX220_V1___.jpg\">\n                     <\/p>\n<p>                      <img decoding=\"async\" alt=\"Crest CVO\" src=\"https:\/\/m.media-amazon.com\/images\/W\/IMAGERENDERING_521856-T1\/images\/S\/aplus-media-library-service-media\/5b1b0e6d-d5c9-49fe-bd6d-dd653561dad0.__CR0,0,220,220_PT0_SX220_V1___.jpg\"><\/p>\n<p> <img decoding=\"async\" alt=\"Crest CVO\" src=\"https:\/\/images-na.ssl-images-amazon.com\/images\/G\/01\/x-locale\/common\/grey-pixel.gif\" class=\"a-lazy-loaded\" data-src=\"https:\/\/m.media-amazon.com\/images\/W\/IMAGERENDERING_521856-T1\/images\/S\/aplus-media-library-service-media\/948cd517-3317-43ad-9f70-6ff96a2507ca.__CR0,0,220,220_PT0_SX220_V1___.jpg\">\n                     <\/p>\n<p>                      <img decoding=\"async\" alt=\"Crest CVO\" src=\"https:\/\/m.media-amazon.com\/images\/W\/IMAGERENDERING_521856-T1\/images\/S\/aplus-media-library-service-media\/948cd517-3317-43ad-9f70-6ff96a2507ca.__CR0,0,220,220_PT0_SX220_V1___.jpg\"><\/p>\n<p> <img decoding=\"async\" alt=\"Crest CVO\" src=\"https:\/\/images-na.ssl-images-amazon.com\/images\/G\/01\/x-locale\/common\/grey-pixel.gif\" class=\"a-lazy-loaded\" data-src=\"https:\/\/m.media-amazon.com\/images\/W\/IMAGERENDERING_521856-T1\/images\/S\/aplus-media-library-service-media\/5088b7cf-5d4b-4bcd-bd24-019388a40c40.__CR0,0,220,220_PT0_SX220_V1___.jpg\">\n                     <\/p>\n<p>                      <img decoding=\"async\" alt=\"Crest CVO\" src=\"https:\/\/m.media-amazon.com\/images\/W\/IMAGERENDERING_521856-T1\/images\/S\/aplus-media-library-service-media\/5088b7cf-5d4b-4bcd-bd24-019388a40c40.__CR0,0,220,220_PT0_SX220_V1___.jpg\"><\/p>\n<p>                     Obermaterial aus Leinen.  <\/p>\n<p class=\"a-size-small\"> Obermaterial aus leichtem und atmungsaktivem Leinen <\/p>\n<p>                     Au\u00dfensohle aus Gummi.  <\/p>\n<p class=\"a-size-small\"> Flexible, abriebfeste Gummi-Au\u00dfensohle bietet verbesserte Traktion. <\/p>\n<p>                     Einlegesohle.  <\/p>\n<p class=\"a-size-small\"> Gepolsterte Innensohle mit Memory-Schaum bietet ganzt\u00e4gigen Komfort. <\/p>\n<p>                     Schn\u00fcrung  <\/p>\n<p class=\"a-size-small\"> Signature Sperry Barrel-gebundene Schn\u00fcrung f\u00fcr einen sicheren Sitz und einfaches An- und Ausziehen. <\/p>\n<p>              <img decoding=\"async\" alt=\"Sperry\" src=\"https:\/\/images-na.ssl-images-amazon.com\/images\/G\/01\/x-locale\/common\/grey-pixel.gif\" class=\"a-lazy-loaded\" data-src=\"https:\/\/m.media-amazon.com\/images\/S\/aplus-media-library-service-media\/bf2994f7-52ee-4c34-90e2-966cda0bcf65.__CR0,0,300,300_PT0_SX300_V1___.png\"><\/p>\n<p>               <img decoding=\"async\" alt=\"Sperry\" src=\"https:\/\/m.media-amazon.com\/images\/S\/aplus-media-library-service-media\/bf2994f7-52ee-4c34-90e2-966cda0bcf65.__CR0,0,300,300_PT0_SX300_V1___.png\"><\/p>\n<p> Seit \u00fcber 80 Jahren hat Sperry ein Verm\u00e4chtnis von m\u00fchelosen traditionellen Produkten aufgebaut. Ob f\u00fcr M\u00e4nner, Frauen, Kinder oder Babys, Sperrys Auswahl an handgefertigten Schuhen umfasst unsere ikonischen Sperry-Bootsschuhe, Sandalen, Loafers, Flats, Hausschuhe, Espadrilles, Stiefel, Turnschuhe und Oxfords. Unsere zeitlosen Schuhe sind in einer Reihe von Farben, Stilen und Materialien erh\u00e4ltlich und \u00fcberschreiten Grenzen und Generationen und Geschlechter, mit einem gemeinsamen Engagement f\u00fcr Qualit\u00e4t, Zuverl\u00e4ssigkeit und Komfort. Unsere sind die urspr\u00fcnglichen Prep Ikonen, wie sie seit 1935 sind. Erhalten Sie sofortigen Zugang zu Neuank\u00f6mmlingen, Bestsellern, Top-Bewertungen, Verkauf, erweiterten Gr\u00f6\u00dfen und Online-Exklusives. <\/p>\n<p> Produktabmessungen \u200f : \u200e  30 x 20 x 10 cm; 1 Kilogramm <br \/> Im Angebot von Amazon.de seit \u200f : \u200e  2. August 2020 <br \/> Hersteller \u200f : \u200e  Sperry <br \/> ASIN \u200f : \u200e  B07VGX35PT <br \/> Modellnummer \u200f : \u200e  STS83794 <br \/> Kategorie \u200f : \u200e  M\u00e4dchen <\/p>\n<p>[ad_2]<\/p>\n","protected":false},"excerpt":{"rendered":"<p>Price: [price_with_discount](as of [price_update_date] &#8211; Details) [ad_1] Produktbeschreibung des Herstellers Obermaterial aus Leinen. Obermaterial aus leichtem und atmungsaktivem Leinen Au\u00dfensohle aus Gummi. Flexible, abriebfeste Gummi-Au\u00dfensohle bietet verbesserte Traktion. Einlegesohle. Gepolsterte<\/p>\n","protected":false},"featured_media":74662,"comment_status":"open","ping_status":"closed","template":"","meta":[],"product_cat":[230],"product_tag":[266],"class_list":{"0":"post-74661","1":"product","2":"type-product","3":"status-publish","4":"has-post-thumbnail","6":"product_cat-fashion","7":"product_tag-womens-fashion-sneakers","9":"first","10":"instock","11":"shipping-taxable","12":"product-type-external"},"aioseo_notices":[],"_links":{"self":[{"href":"https:\/\/topgetestet.de\/index.php?rest_route=\/wp\/v2\/product\/74661","targetHints":{"allow":["GET"]}}],"collection":[{"href":"https:\/\/topgetestet.de\/index.php?rest_route=\/wp\/v2\/product"}],"about":[{"href":"https:\/\/topgetestet.de\/index.php?rest_route=\/wp\/v2\/types\/product"}],"replies":[{"embeddable":true,"href":"https:\/\/topgetestet.de\/index.php?rest_route=%2Fwp%2Fv2%2Fcomments&post=74661"}],"wp:featuredmedia":[{"embeddable":true,"href":"https:\/\/topgetestet.de\/index.php?rest_route=\/wp\/v2\/media\/74662"}],"wp:attachment":[{"href":"https:\/\/topgetestet.de\/index.php?rest_route=%2Fwp%2Fv2%2Fmedia&parent=74661"}],"wp:term":[{"taxonomy":"product_cat","embeddable":true,"href":"https:\/\/topgetestet.de\/index.php?rest_route=%2Fwp%2Fv2%2Fproduct_cat&post=74661"},{"taxonomy":"product_tag","embeddable":true,"href":"https:\/\/topgetestet.de\/index.php?rest_route=%2Fwp%2Fv2%2Fproduct_tag&post=74661"}],"curies":[{"name":"wp","href":"https:\/\/api.w.org\/{rel}","templated":true}]}}