{"id":74267,"date":"2022-10-16T17:18:06","date_gmt":"2022-10-16T17:18:06","guid":{"rendered":"https:\/\/topgetestet.de\/?product=southpole-herren-utility-flap-fleece-jogger-hose"},"modified":"2022-10-16T17:18:06","modified_gmt":"2022-10-16T17:18:06","slug":"southpole-herren-utility-flap-fleece-jogger-hose","status":"publish","type":"product","link":"https:\/\/topgetestet.de\/?product=southpole-herren-utility-flap-fleece-jogger-hose","title":{"rendered":"Southpole Herren Utility Flap Fleece Jogger Hose"},"content":{"rendered":"<p>Price: <span style=\"color:#b12704\">[price_with_discount]<\/span><br \/><i><small>(as of [price_update_date] &#8211; <span class=\"wp_automatic_amazon_disclaimer\" title=\"Product prices and availability are accurate as of the date\/time indicated and are subject to change. Any price and availability information displayed on [relevant Amazon Site(s), as applicable] at the time of purchase will apply to the purchase of this product.\">Details<\/span>)<\/small><\/i><\/p>\n<p><a href=\"https:\/\/amazon.de\/dp\/B09LD91WL7?tag=topgetestet09-21\"><img decoding=\"async\" src=\"https:\/\/i.imgur.com\/ISRHEWs.png\"><\/a><br \/>\n[ad_1]<\/p>\n<p>       Produktbeschreibung des Herstellers <\/p>\n<p>              <img decoding=\"async\" alt=\"x\" src=\"https:\/\/images-na.ssl-images-amazon.com\/images\/G\/01\/x-locale\/common\/grey-pixel.gif\" class=\"a-lazy-loaded\" data-src=\"https:\/\/m.media-amazon.com\/images\/S\/aplus-media\/vc\/37e45ce6-bb69-4d46-9c8a-6293b0cfe3cb.__CR0,146,2784,861_PT0_SX970_V1___.jpg\"><\/p>\n<p>               <img decoding=\"async\" alt=\"x\" src=\"https:\/\/m.media-amazon.com\/images\/S\/aplus-media\/vc\/37e45ce6-bb69-4d46-9c8a-6293b0cfe3cb.__CR0,146,2784,861_PT0_SX970_V1___.jpg\"><\/p>\n<p>               <img decoding=\"async\" alt=\"SP\" src=\"https:\/\/images-na.ssl-images-amazon.com\/images\/G\/01\/x-locale\/common\/grey-pixel.gif\" class=\"a-spacing-mini a-lazy-loaded\" data-src=\"https:\/\/m.media-amazon.com\/images\/S\/aplus-media\/vc\/4e47901e-a99e-4f2d-8230-a75dcd03dc2d.__CR72,110,884,1179_PT0_SX300_V1___.jpg\"><\/p>\n<p>                <img decoding=\"async\" alt=\"SP\" src=\"https:\/\/m.media-amazon.com\/images\/S\/aplus-media\/vc\/4e47901e-a99e-4f2d-8230-a75dcd03dc2d.__CR72,110,884,1179_PT0_SX300_V1___.jpg\"><\/p>\n<p> <\/p>\n<p>                <img decoding=\"async\" alt=\"SP Logo\" src=\"https:\/\/images-na.ssl-images-amazon.com\/images\/G\/01\/x-locale\/common\/grey-pixel.gif\" class=\"a-spacing-mini a-lazy-loaded\" data-src=\"https:\/\/m.media-amazon.com\/images\/S\/aplus-media\/vc\/bc20b9bf-a7b9-4b18-a99f-7465754b7c96.__CR43,161,1455,727_PT0_SX350_V1___.jpg\"><\/p>\n<p>                 <img decoding=\"async\" alt=\"SP Logo\" src=\"https:\/\/m.media-amazon.com\/images\/S\/aplus-media\/vc\/bc20b9bf-a7b9-4b18-a99f-7465754b7c96.__CR43,161,1455,727_PT0_SX350_V1___.jpg\"><\/p>\n<p class=\"a-spacing-small a-size-small a-color-secondary\"> Der Einflussbereich der etablierten Marke erstreckt sich dabei weit \u00fcber die amerikanische Streetwear Fashion hinaus, denn SOUTHPOLE ist l\u00e4ngst zum globalen Trendsetter avanciert <\/p>\n<p class=\"a-spacing-base\"> SOUTHPOLE erblickte Anfang der 90er Jahre das Licht. Die erfolgreiche Streetware und Urban Fashion Brand wurde von den Br\u00fcdern Khym in New York gegr\u00fcndet und machte sich in der Welt der Mode und der Stra\u00dfe schnell einen Namen. Mit einem zielsicheren Gesp\u00fcr f\u00fcr Looks und Trends urbaner Stra\u00dfenkultur trumpft SOUTHPOLE auch heute noch mit angesagtem Wohlf\u00fchlstyle und bestimmt die Entwicklung zuk\u00fcnftiger urbaner Trends aktiv mit. <\/p>\n<p> <img decoding=\"async\" alt=\"SP\" src=\"https:\/\/images-na.ssl-images-amazon.com\/images\/G\/01\/x-locale\/common\/grey-pixel.gif\" class=\"a-lazy-loaded\" data-src=\"https:\/\/m.media-amazon.com\/images\/S\/aplus-media\/vc\/2037dbc4-239b-4109-8a9a-1f130f33c60d.__CR431,59,762,762_PT0_SX220_V1___.jpg\">\n                     <\/p>\n<p>                      <img decoding=\"async\" alt=\"SP\" src=\"https:\/\/m.media-amazon.com\/images\/S\/aplus-media\/vc\/2037dbc4-239b-4109-8a9a-1f130f33c60d.__CR431,59,762,762_PT0_SX220_V1___.jpg\"><\/p>\n<p> <img decoding=\"async\" alt=\"SP\" src=\"https:\/\/images-na.ssl-images-amazon.com\/images\/G\/01\/x-locale\/common\/grey-pixel.gif\" class=\"a-lazy-loaded\" data-src=\"https:\/\/m.media-amazon.com\/images\/S\/aplus-media\/vc\/b1a4a0e9-2d18-452f-a8fe-74c18d766e30.__CR226,36,889,889_PT0_SX220_V1___.jpg\">\n                     <\/p>\n<p>                      <img decoding=\"async\" alt=\"SP\" src=\"https:\/\/m.media-amazon.com\/images\/S\/aplus-media\/vc\/b1a4a0e9-2d18-452f-a8fe-74c18d766e30.__CR226,36,889,889_PT0_SX220_V1___.jpg\"><\/p>\n<p> <img decoding=\"async\" alt=\"SP\" src=\"https:\/\/images-na.ssl-images-amazon.com\/images\/G\/01\/x-locale\/common\/grey-pixel.gif\" class=\"a-lazy-loaded\" data-src=\"https:\/\/m.media-amazon.com\/images\/S\/aplus-media\/vc\/d7da627f-c734-46d0-8121-d3635a1609c5.__CR336,49,970,970_PT0_SX220_V1___.jpg\">\n                     <\/p>\n<p>                      <img decoding=\"async\" alt=\"SP\" src=\"https:\/\/m.media-amazon.com\/images\/S\/aplus-media\/vc\/d7da627f-c734-46d0-8121-d3635a1609c5.__CR336,49,970,970_PT0_SX220_V1___.jpg\"><\/p>\n<p> <img decoding=\"async\" alt=\"SP\" src=\"https:\/\/images-na.ssl-images-amazon.com\/images\/G\/01\/x-locale\/common\/grey-pixel.gif\" class=\"a-lazy-loaded\" data-src=\"https:\/\/m.media-amazon.com\/images\/S\/aplus-media\/vc\/1e6ea80b-3ebc-426a-8a2a-68bab60ac018.__CR422,53,889,889_PT0_SX220_V1___.jpg\">\n                     <\/p>\n<p>                      <img decoding=\"async\" alt=\"SP\" src=\"https:\/\/m.media-amazon.com\/images\/S\/aplus-media\/vc\/1e6ea80b-3ebc-426a-8a2a-68bab60ac018.__CR422,53,889,889_PT0_SX220_V1___.jpg\"><\/p>\n<p> <img decoding=\"async\" alt=\"SP\" src=\"https:\/\/images-na.ssl-images-amazon.com\/images\/G\/01\/x-locale\/common\/grey-pixel.gif\" class=\"a-lazy-loaded\" data-src=\"https:\/\/m.media-amazon.com\/images\/S\/aplus-media\/vc\/049df725-aa19-4163-a244-1d286d48050d.__CR396,77,889,889_PT0_SX220_V1___.jpg\">\n                     <\/p>\n<p>                      <img decoding=\"async\" alt=\"SP\" src=\"https:\/\/m.media-amazon.com\/images\/S\/aplus-media\/vc\/049df725-aa19-4163-a244-1d286d48050d.__CR396,77,889,889_PT0_SX220_V1___.jpg\"><\/p>\n<p> <img decoding=\"async\" alt=\"SP\" src=\"https:\/\/images-na.ssl-images-amazon.com\/images\/G\/01\/x-locale\/common\/grey-pixel.gif\" class=\"a-lazy-loaded\" data-src=\"https:\/\/m.media-amazon.com\/images\/S\/aplus-media\/vc\/c9b80a7d-d0e4-45b0-9480-8cfaed9b334a.__CR337,40,970,970_PT0_SX220_V1___.jpg\">\n                     <\/p>\n<p>                      <img decoding=\"async\" alt=\"SP\" src=\"https:\/\/m.media-amazon.com\/images\/S\/aplus-media\/vc\/c9b80a7d-d0e4-45b0-9480-8cfaed9b334a.__CR337,40,970,970_PT0_SX220_V1___.jpg\"><\/p>\n<p> <img decoding=\"async\" alt=\"SP\" src=\"https:\/\/images-na.ssl-images-amazon.com\/images\/G\/01\/x-locale\/common\/grey-pixel.gif\" class=\"a-lazy-loaded\" data-src=\"https:\/\/m.media-amazon.com\/images\/S\/aplus-media\/vc\/49b2b330-b773-45ea-8fe9-77483daa49b7.__CR0,125,1061,1061_PT0_SX220_V1___.jpg\">\n                     <\/p>\n<p>                      <img decoding=\"async\" alt=\"SP\" src=\"https:\/\/m.media-amazon.com\/images\/S\/aplus-media\/vc\/49b2b330-b773-45ea-8fe9-77483daa49b7.__CR0,125,1061,1061_PT0_SX220_V1___.jpg\"><\/p>\n<p> <img decoding=\"async\" alt=\"SP\" src=\"https:\/\/images-na.ssl-images-amazon.com\/images\/G\/01\/x-locale\/common\/grey-pixel.gif\" class=\"a-lazy-loaded\" data-src=\"https:\/\/m.media-amazon.com\/images\/S\/aplus-media\/vc\/e763b203-a49e-4d8b-8c5e-72a712ab9e43.__CR266,0,1067,1067_PT0_SX220_V1___.jpg\">\n                     <\/p>\n<p>                      <img decoding=\"async\" alt=\"SP\" src=\"https:\/\/m.media-amazon.com\/images\/S\/aplus-media\/vc\/e763b203-a49e-4d8b-8c5e-72a712ab9e43.__CR266,0,1067,1067_PT0_SX220_V1___.jpg\"><\/p>\n<p>                 Bequemer Kapuzenpullover mit Logo Print erh\u00e4ltlich in 2 Farbvarianten<br \/>\n                 Stylisches Sweatshirt mit Logo Print erh\u00e4ltlich in zwei Farbvarianten<br \/>\n                 L\u00e4ssiger Kapuzenpullover mit buntem 3D Logo-Stick<br \/>\n                 T-Shirt im Double Layer Look erh\u00e4ltlich in schwarz und wei\u00df<br \/>\n                 Gem\u00fctliche Velour Trainingsjacke erh\u00e4ltlich in schwarz und in blau<br \/>\n                 Camouflage Kapuzenpullover mit tonalem Logo auf der Front   <\/p>\n<p>                 Gr\u00f6\u00dfen<br \/>\n                 S &#8211; XXL<br \/>\n                 S &#8211; XXL<br \/>\n                 S &#8211; XXL<br \/>\n                 S &#8211; XXL<br \/>\n                 S &#8211; XXL<br \/>\n                 S &#8211; XXL   <\/p>\n<p>[ad_2]<\/p>\n","protected":false},"excerpt":{"rendered":"<p>Price: [price_with_discount](as of [price_update_date] &#8211; Details) [ad_1] Produktbeschreibung des Herstellers Der Einflussbereich der etablierten Marke erstreckt sich dabei weit \u00fcber die amerikanische Streetwear Fashion hinaus, denn SOUTHPOLE ist l\u00e4ngst zum<\/p>\n","protected":false},"featured_media":74268,"comment_status":"open","ping_status":"closed","template":"","meta":[],"product_cat":[231],"product_tag":[],"class_list":{"0":"post-74267","1":"product","2":"type-product","3":"status-publish","4":"has-post-thumbnail","6":"product_cat-mens-fashion","8":"first","9":"instock","10":"shipping-taxable","11":"product-type-external"},"aioseo_notices":[],"_links":{"self":[{"href":"https:\/\/topgetestet.de\/index.php?rest_route=\/wp\/v2\/product\/74267","targetHints":{"allow":["GET"]}}],"collection":[{"href":"https:\/\/topgetestet.de\/index.php?rest_route=\/wp\/v2\/product"}],"about":[{"href":"https:\/\/topgetestet.de\/index.php?rest_route=\/wp\/v2\/types\/product"}],"replies":[{"embeddable":true,"href":"https:\/\/topgetestet.de\/index.php?rest_route=%2Fwp%2Fv2%2Fcomments&post=74267"}],"wp:featuredmedia":[{"embeddable":true,"href":"https:\/\/topgetestet.de\/index.php?rest_route=\/wp\/v2\/media\/74268"}],"wp:attachment":[{"href":"https:\/\/topgetestet.de\/index.php?rest_route=%2Fwp%2Fv2%2Fmedia&parent=74267"}],"wp:term":[{"taxonomy":"product_cat","embeddable":true,"href":"https:\/\/topgetestet.de\/index.php?rest_route=%2Fwp%2Fv2%2Fproduct_cat&post=74267"},{"taxonomy":"product_tag","embeddable":true,"href":"https:\/\/topgetestet.de\/index.php?rest_route=%2Fwp%2Fv2%2Fproduct_tag&post=74267"}],"curies":[{"name":"wp","href":"https:\/\/api.w.org\/{rel}","templated":true}]}}