{"id":73958,"date":"2022-10-16T15:38:58","date_gmt":"2022-10-16T15:38:58","guid":{"rendered":"https:\/\/topgetestet.de\/?product=jdy-damen-jdynewerica-short-waistcoat-otw-noos-weste"},"modified":"2022-10-16T15:38:58","modified_gmt":"2022-10-16T15:38:58","slug":"jdy-damen-jdynewerica-short-waistcoat-otw-noos-weste","status":"publish","type":"product","link":"https:\/\/topgetestet.de\/?product=jdy-damen-jdynewerica-short-waistcoat-otw-noos-weste","title":{"rendered":"JDY Damen Jdynewerica Short Waistcoat OTW Noos Weste"},"content":{"rendered":"<p>Price: <span style=\"color:#b12704\">[price_with_discount]<\/span><br \/><i><small>(as of [price_update_date] &#8211; <span class=\"wp_automatic_amazon_disclaimer\" title=\"Product prices and availability are accurate as of the date\/time indicated and are subject to change. Any price and availability information displayed on [relevant Amazon Site(s), as applicable] at the time of purchase will apply to the purchase of this product.\">Details<\/span>)<\/small><\/i><\/p>\n<p><a href=\"https:\/\/amazon.de\/dp\/B09FXBH9ZP?tag=topgetestet09-21\"><img decoding=\"async\" src=\"https:\/\/i.imgur.com\/ISRHEWs.png\"><\/a><br \/>\n[ad_1]<br \/>\n <span>Moderne Steppweste mit hohem Kragen und Kapuze der Marke JdY. Sobald der Sommer langsam zu Ende geht, sich die ersten Bl\u00e4tter bunt f\u00e4rben und herunterfallen, ist es Zeit f\u00fcr die Weste.<\/span> <br \/> Verpackungsabmessungen \u200f : \u200e  36.5 x 22.9 x 12.9 cm; 400 Gramm <br \/> Im Angebot von Amazon.de seit \u200f : \u200e  24. August 2021 <br \/> Hersteller \u200f : \u200e  Bestseller A\/S <br \/> ASIN \u200f : \u200e  B09TKJ7X1J <br \/> Modellnummer \u200f : \u200e  15234210 <br \/> Kategorie \u200f : \u200e  Damen <\/p>\n<p>Weste mit Metall Rei\u00dfverschluss<br \/>Kragenform: Stehkragen<br \/>\u00c4rmellos<br \/>Verschluss: Rei\u00dfverschluss<br \/>100% Polyester<br \/>Strickjacke<br \/>\n<br \/>[ad_2]<\/p>\n","protected":false},"excerpt":{"rendered":"<p>Price: [price_with_discount](as of [price_update_date] &#8211; Details) [ad_1] Moderne Steppweste mit hohem Kragen und Kapuze der Marke JdY. Sobald der Sommer langsam zu Ende geht, sich die ersten Bl\u00e4tter bunt f\u00e4rben<\/p>\n","protected":false},"featured_media":73959,"comment_status":"open","ping_status":"closed","template":"","meta":[],"product_cat":[232],"product_tag":[],"class_list":{"0":"post-73958","1":"product","2":"type-product","3":"status-publish","4":"has-post-thumbnail","6":"product_cat-women-fashion","8":"first","9":"instock","10":"shipping-taxable","11":"product-type-external"},"aioseo_notices":[],"_links":{"self":[{"href":"https:\/\/topgetestet.de\/index.php?rest_route=\/wp\/v2\/product\/73958","targetHints":{"allow":["GET"]}}],"collection":[{"href":"https:\/\/topgetestet.de\/index.php?rest_route=\/wp\/v2\/product"}],"about":[{"href":"https:\/\/topgetestet.de\/index.php?rest_route=\/wp\/v2\/types\/product"}],"replies":[{"embeddable":true,"href":"https:\/\/topgetestet.de\/index.php?rest_route=%2Fwp%2Fv2%2Fcomments&post=73958"}],"wp:featuredmedia":[{"embeddable":true,"href":"https:\/\/topgetestet.de\/index.php?rest_route=\/wp\/v2\/media\/73959"}],"wp:attachment":[{"href":"https:\/\/topgetestet.de\/index.php?rest_route=%2Fwp%2Fv2%2Fmedia&parent=73958"}],"wp:term":[{"taxonomy":"product_cat","embeddable":true,"href":"https:\/\/topgetestet.de\/index.php?rest_route=%2Fwp%2Fv2%2Fproduct_cat&post=73958"},{"taxonomy":"product_tag","embeddable":true,"href":"https:\/\/topgetestet.de\/index.php?rest_route=%2Fwp%2Fv2%2Fproduct_tag&post=73958"}],"curies":[{"name":"wp","href":"https:\/\/api.w.org\/{rel}","templated":true}]}}