{"id":73855,"date":"2022-10-16T15:05:14","date_gmt":"2022-10-16T15:05:14","guid":{"rendered":"https:\/\/topgetestet.de\/?product=urban-classics-damen-ladies-full-double-layered-tee-t-shirt"},"modified":"2022-10-16T15:05:14","modified_gmt":"2022-10-16T15:05:14","slug":"urban-classics-damen-ladies-full-double-layered-tee-t-shirt","status":"publish","type":"product","link":"https:\/\/topgetestet.de\/?product=urban-classics-damen-ladies-full-double-layered-tee-t-shirt","title":{"rendered":"Urban Classics Damen Ladies Full Double Layered Tee T-Shirt"},"content":{"rendered":"<p>Price: <span style=\"color:#b12704\">[price_with_discount]<\/span><br \/><i><small>(as of [price_update_date] &#8211; <span class=\"wp_automatic_amazon_disclaimer\" title=\"Product prices and availability are accurate as of the date\/time indicated and are subject to change. Any price and availability information displayed on [relevant Amazon Site(s), as applicable] at the time of purchase will apply to the purchase of this product.\">Details<\/span>)<\/small><\/i><\/p>\n<p><a href=\"https:\/\/amazon.de\/dp\/B08R6CKY3R?tag=topgetestet09-21\"><img decoding=\"async\" src=\"https:\/\/i.imgur.com\/ISRHEWs.png\"><\/a><br \/>\n[ad_1]<\/p>\n<p>       Von der Marke <\/p>\n<p>             <img decoding=\"async\" alt=\"BannerBrandStory\" src=\"https:\/\/images-na.ssl-images-amazon.com\/images\/G\/01\/x-locale\/common\/grey-pixel.gif\" class=\"a-lazy-loaded\" data-src=\"https:\/\/m.media-amazon.com\/images\/W\/IMAGERENDERING_521856-T1\/images\/S\/aplus-media-library-service-media\/64c8e3b5-f43c-4705-bf5f-cb7c13b2d7ce.__CR0,0,1464,625_PT0_SX1464_V1___.jpg\"><\/p>\n<p>              <img decoding=\"async\" alt=\"BannerBrandStory\" src=\"https:\/\/m.media-amazon.com\/images\/W\/IMAGERENDERING_521856-T1\/images\/S\/aplus-media-library-service-media\/64c8e3b5-f43c-4705-bf5f-cb7c13b2d7ce.__CR0,0,1464,625_PT0_SX1464_V1___.jpg\"><\/p>\n<p>                   <img decoding=\"async\" alt=\"UC LogogoC\" src=\"https:\/\/images-na.ssl-images-amazon.com\/images\/G\/01\/x-locale\/common\/grey-pixel.gif\" class=\"a-lazy-loaded\" data-src=\"https:\/\/m.media-amazon.com\/images\/W\/IMAGERENDERING_521856-T1\/images\/S\/aplus-media-library-service-media\/105fb63d-58df-4bfb-b631-380a48b7fea9.__CR0,73,1600,737_PT0_SX315_V1___.jpg\"><\/p>\n<p>                    <img decoding=\"async\" alt=\"UC LogogoC\" src=\"https:\/\/m.media-amazon.com\/images\/W\/IMAGERENDERING_521856-T1\/images\/S\/aplus-media-library-service-media\/105fb63d-58df-4bfb-b631-380a48b7fea9.__CR0,73,1600,737_PT0_SX315_V1___.jpg\"><\/p>\n<p> Im Jahr 2005 erblickte URBAN CLASSICS das Licht der Streetwear-Welt &amp; verk\u00f6rpert seitdem bis heute viel mehr als nur ein Brand-Logo. Die Vielfalt der Produkte ist unersch\u00f6pflich. Die Kleidungsst\u00fccke verzichten gr\u00f6\u00dftenteils auf Motiv-Prints und aufwendige Logos. Schlicht, mit geblockten Farbakzenten unterstrichen, zeigt sich ihre unnachahmliche urbane Schnittlinie. URBAN CLASSICS setzt auf ein cleanes Design mit einzigartigem Charakter. <\/p>\n<p>                     Was bietet Urban Classics?  <\/p>\n<p> Eine gro\u00dfe Auswahl Basic Styles ohne auff\u00e4lliges Branding mit einer breiten Farb- und Gr\u00f6\u00dfenpalette <\/p>\n<p>                     Denkt Urban Classics nachhaltig?  <\/p>\n<p> Absolut! Urban Classics bietet ein stetig wachsendes Sortiment aus organischer Baumwolle und recycelten Materialien an <\/p>\n<p>                     Gibt es auch Kinderbekleidung von Urban Classics?  <\/p>\n<p> Ja! Auch f\u00fcr Kinder bietet Urban Classics angesagte Streetwear. Alles zu finden im Brand Store <\/p>\n<p>                   <img decoding=\"async\" alt=\"TZB014\" src=\"https:\/\/images-na.ssl-images-amazon.com\/images\/G\/01\/x-locale\/common\/grey-pixel.gif\" class=\"a-lazy-loaded\" data-src=\"https:\/\/m.media-amazon.com\/images\/W\/IMAGERENDERING_521856-T1\/images\/S\/aplus-media-library-service-media\/034b5c78-d19d-4fd0-b297-eed76d92a92f.__CR349,0,853,1067_PT0_SX362_V1___.jpg\"><\/p>\n<p>                    <img decoding=\"async\" alt=\"TZB014\" src=\"https:\/\/m.media-amazon.com\/images\/W\/IMAGERENDERING_521856-T1\/images\/S\/aplus-media-library-service-media\/034b5c78-d19d-4fd0-b297-eed76d92a92f.__CR349,0,853,1067_PT0_SX362_V1___.jpg\"><\/p>\n<h3> Streetwear f\u00fcr M\u00e4nner <\/h3>\n<p> Ob Hoodies, T-Shirts, Hemden oder auch Badehosen &#8211; f\u00fcr Herren hat Urban Classics das volle Programm! <\/p>\n<h3> Hier geht&#8217;s zum Brand Store <\/h3>\n<p class=\"apm-brand-story-stores-link\">\n<p>                   <img decoding=\"async\" alt=\"TB3769\" src=\"https:\/\/images-na.ssl-images-amazon.com\/images\/G\/01\/x-locale\/common\/grey-pixel.gif\" class=\"a-lazy-loaded\" data-src=\"https:\/\/m.media-amazon.com\/images\/W\/IMAGERENDERING_521856-T1\/images\/S\/aplus-media-library-service-media\/a4115f6f-52a5-43c9-a2f3-1d1d4ee9ac1e.__CR1155,238,1230,1539_PT0_SX362_V1___.jpg\"><\/p>\n<p>                    <img decoding=\"async\" alt=\"TB3769\" src=\"https:\/\/m.media-amazon.com\/images\/W\/IMAGERENDERING_521856-T1\/images\/S\/aplus-media-library-service-media\/a4115f6f-52a5-43c9-a2f3-1d1d4ee9ac1e.__CR1155,238,1230,1539_PT0_SX362_V1___.jpg\"><\/p>\n<h3> Streetwear f\u00fcr Frauen <\/h3>\n<p> Jacken, Leggings, Tops, und vieles mehr: Auch f\u00fcr die Ladies bietet Urban Classics ein breites Portfolio das keine W\u00fcnsche offen l\u00e4sst! <\/p>\n<h3> Weitere Styles gibt&#8217;s im Store <\/h3>\n<p class=\"apm-brand-story-stores-link\">\n<p>                   <img decoding=\"async\" alt=\"TB4025\" src=\"https:\/\/images-na.ssl-images-amazon.com\/images\/G\/01\/x-locale\/common\/grey-pixel.gif\" class=\"a-lazy-loaded\" data-src=\"https:\/\/m.media-amazon.com\/images\/W\/IMAGERENDERING_521856-T1\/images\/S\/aplus-media-library-service-media\/aaf6de42-ed40-4f31-bea8-fcd595d897f9.__CR667,947,1667,2086_PT0_SX362_V1___.jpg\"><\/p>\n<p>                    <img decoding=\"async\" alt=\"TB4025\" src=\"https:\/\/m.media-amazon.com\/images\/W\/IMAGERENDERING_521856-T1\/images\/S\/aplus-media-library-service-media\/aaf6de42-ed40-4f31-bea8-fcd595d897f9.__CR667,947,1667,2086_PT0_SX362_V1___.jpg\"><\/p>\n<h3> Streetwear Accessoires <\/h3>\n<p> Um ein stylishes Outfit abzurunden, hat Urban Classics die passenden Accessoires parat. Zum Beispiel Sonnenbrillen &amp; Hip Bags &amp; G\u00fcrtel <\/p>\n<h3> Im Store gibt es noch mehr <\/h3>\n<p class=\"apm-brand-story-stores-link\">\n<p>[ad_2]<\/p>\n","protected":false},"excerpt":{"rendered":"<p>Price: [price_with_discount](as of [price_update_date] &#8211; Details) [ad_1] Von der Marke Im Jahr 2005 erblickte URBAN CLASSICS das Licht der Streetwear-Welt &amp; verk\u00f6rpert seitdem bis heute viel mehr als nur ein<\/p>\n","protected":false},"featured_media":73856,"comment_status":"open","ping_status":"closed","template":"","meta":[],"product_cat":[231],"product_tag":[],"class_list":{"0":"post-73855","1":"product","2":"type-product","3":"status-publish","4":"has-post-thumbnail","6":"product_cat-mens-fashion","8":"first","9":"instock","10":"shipping-taxable","11":"product-type-external"},"aioseo_notices":[],"_links":{"self":[{"href":"https:\/\/topgetestet.de\/index.php?rest_route=\/wp\/v2\/product\/73855","targetHints":{"allow":["GET"]}}],"collection":[{"href":"https:\/\/topgetestet.de\/index.php?rest_route=\/wp\/v2\/product"}],"about":[{"href":"https:\/\/topgetestet.de\/index.php?rest_route=\/wp\/v2\/types\/product"}],"replies":[{"embeddable":true,"href":"https:\/\/topgetestet.de\/index.php?rest_route=%2Fwp%2Fv2%2Fcomments&post=73855"}],"wp:featuredmedia":[{"embeddable":true,"href":"https:\/\/topgetestet.de\/index.php?rest_route=\/wp\/v2\/media\/73856"}],"wp:attachment":[{"href":"https:\/\/topgetestet.de\/index.php?rest_route=%2Fwp%2Fv2%2Fmedia&parent=73855"}],"wp:term":[{"taxonomy":"product_cat","embeddable":true,"href":"https:\/\/topgetestet.de\/index.php?rest_route=%2Fwp%2Fv2%2Fproduct_cat&post=73855"},{"taxonomy":"product_tag","embeddable":true,"href":"https:\/\/topgetestet.de\/index.php?rest_route=%2Fwp%2Fv2%2Fproduct_tag&post=73855"}],"curies":[{"name":"wp","href":"https:\/\/api.w.org\/{rel}","templated":true}]}}