{"id":73797,"date":"2022-10-16T14:41:10","date_gmt":"2022-10-16T14:41:10","guid":{"rendered":"https:\/\/topgetestet.de\/?product=amazon-essentials-herren-langarmeliges-flanellhemd-normale-passform-2"},"modified":"2022-10-16T14:41:10","modified_gmt":"2022-10-16T14:41:10","slug":"amazon-essentials-herren-langarmeliges-flanellhemd-normale-passform-2","status":"publish","type":"product","link":"https:\/\/topgetestet.de\/?product=amazon-essentials-herren-langarmeliges-flanellhemd-normale-passform-2","title":{"rendered":"Amazon Essentials Herren Lang\u00e4rmeliges Flanellhemd, Normale Passform"},"content":{"rendered":"<p>Price: <span style=\"color:#b12704\">[price_with_discount]<\/span><br \/><i><small>(as of [price_update_date] &#8211; <span class=\"wp_automatic_amazon_disclaimer\" title=\"Product prices and availability are accurate as of the date\/time indicated and are subject to change. Any price and availability information displayed on [relevant Amazon Site(s), as applicable] at the time of purchase will apply to the purchase of this product.\">Details<\/span>)<\/small><\/i><\/p>\n<p><a href=\"https:\/\/amazon.de\/dp\/B08X594CYX?tag=topgetestet09-21\"><img decoding=\"async\" src=\"https:\/\/i.imgur.com\/ISRHEWs.png\"><\/a><br \/>\n[ad_1]<br \/>\n <span>Amazon Essentials konzentriert sich darauf, erschwingliche, hochwertige und langlebige Alltagskleidung zu schaffen, auf die Sie sich verlassen k\u00f6nnen. Unsere Linie an Must-Haves f\u00fcr Herren umfasst Poloshirts, Chinohosen, Shorts mit klassischer Passform, l\u00e4ssige Button-Downs und T-Shirts mit Rundhalsausschnitt. Unsere konsistente Gr\u00f6\u00dfe nimmt das R\u00e4tselraten beim Einkaufen aus und jedes St\u00fcck wird auf die Probe gestellt, um die h\u00f6chsten Standards in Qualit\u00e4t und Komfort zu halten.<\/span> <br \/> Verpackungsabmessungen \u200f : \u200e  34.7 x 26.3 x 5.5 cm; 321 Gramm <br \/> Im Angebot von Amazon.de seit \u200f : \u200e  5. Oktober 2020 <br \/> Hersteller \u200f : \u200e  Amazon Essentials <br \/> ASIN \u200f : \u200e  B0866F1JY6 <br \/> Modellnummer \u200f : \u200e  F17AE25000 <br \/> Kategorie \u200f : \u200e  Herren <\/p>\n<p>Aufgesetzte Brusttasche, abgerundeter Saum und Schaftb\u00fcndchen<br \/>Kragenform: Button-Down-Kragen<br \/>Langarm<br \/>Verschluss: Ohne Verschluss<br \/>100% Baumwolle<br \/>Regular-Fit Long-Sleeve Flannel Shirt<br \/>\n<br \/>[ad_2]<\/p>\n","protected":false},"excerpt":{"rendered":"<p>Price: [price_with_discount](as of [price_update_date] &#8211; Details) [ad_1] Amazon Essentials konzentriert sich darauf, erschwingliche, hochwertige und langlebige Alltagskleidung zu schaffen, auf die Sie sich verlassen k\u00f6nnen. Unsere Linie an Must-Haves f\u00fcr<\/p>\n","protected":false},"featured_media":73798,"comment_status":"open","ping_status":"closed","template":"","meta":[],"product_cat":[231],"product_tag":[],"class_list":{"0":"post-73797","1":"product","2":"type-product","3":"status-publish","4":"has-post-thumbnail","6":"product_cat-mens-fashion","8":"first","9":"instock","10":"shipping-taxable","11":"product-type-external"},"aioseo_notices":[],"_links":{"self":[{"href":"https:\/\/topgetestet.de\/index.php?rest_route=\/wp\/v2\/product\/73797","targetHints":{"allow":["GET"]}}],"collection":[{"href":"https:\/\/topgetestet.de\/index.php?rest_route=\/wp\/v2\/product"}],"about":[{"href":"https:\/\/topgetestet.de\/index.php?rest_route=\/wp\/v2\/types\/product"}],"replies":[{"embeddable":true,"href":"https:\/\/topgetestet.de\/index.php?rest_route=%2Fwp%2Fv2%2Fcomments&post=73797"}],"wp:featuredmedia":[{"embeddable":true,"href":"https:\/\/topgetestet.de\/index.php?rest_route=\/wp\/v2\/media\/73798"}],"wp:attachment":[{"href":"https:\/\/topgetestet.de\/index.php?rest_route=%2Fwp%2Fv2%2Fmedia&parent=73797"}],"wp:term":[{"taxonomy":"product_cat","embeddable":true,"href":"https:\/\/topgetestet.de\/index.php?rest_route=%2Fwp%2Fv2%2Fproduct_cat&post=73797"},{"taxonomy":"product_tag","embeddable":true,"href":"https:\/\/topgetestet.de\/index.php?rest_route=%2Fwp%2Fv2%2Fproduct_tag&post=73797"}],"curies":[{"name":"wp","href":"https:\/\/api.w.org\/{rel}","templated":true}]}}